{"id":21105,"date":"2024-03-22T16:24:02","date_gmt":"2024-03-22T08:24:02","guid":{"rendered":"https:\/\/www.tstcables.com\/product\/cap-day-chiu-nhiet-nhiet-do-cao-1000oc-cap-gn1000-300v\/"},"modified":"2024-03-22T16:24:02","modified_gmt":"2024-03-22T08:24:02","slug":"cap-day-chiu-nhiet-nhiet-do-cao-1000oc-cap-gn1000-300v","status":"publish","type":"product","link":"https:\/\/www.tstcables.com\/vi\/product\/cap-day-chiu-nhiet-nhiet-do-cao-1000oc-cap-gn1000-300v\/","title":{"rendered":"C\u00e1p &amp; d\u00e2y ch\u1ecbu nhi\u1ec7t nhi\u1ec7t \u0111\u1ed9 cao 1000oC C\u00e1p GN1000 300V"},"content":{"rendered":"<p><strong><b>S\u1ed1 s\u1ea3n ph\u1ea9m:<\/b><\/strong><\/p>\n<ul>\n<li>GN1000<\/li>\n<\/ul>\n<p><strong><b>Ti\u00eau chu\u1ea9n c\u00f4ng nghi\u1ec7p:<\/b><\/strong><\/p>\n<ul>\n<li>Q31\/0114000209C025-2017<\/li>\n<\/ul>\n<p><strong><b>T\u00ednh n\u0103ng s\u1ea3n ph\u1ea9m<\/b><\/strong><\/p>\n<ul>\n<li>\u0110i\u1ec7n \u00e1p \u0111\u1ecbnh m\u1ee9c: 300\/500V<\/li>\n<li>Ph\u1ea1m vi nhi\u1ec7t \u0111\u1ed9: 800oC, c\u00f3 th\u1ec3 ch\u1ecbu \u0111\u01b0\u1ee3c nhi\u1ec7t \u0111\u1ed9 l\u00ean t\u1edbi 1000oC trong m\u1ed9t kho\u1ea3ng th\u1eddi gian ng\u1eafn<\/li>\n<li>D\u00e2y d\u1eabn: D\u00e2y niken nguy\u00ean ch\u1ea5t<\/li>\n<li>M\u00e0u s\u1eafc: m\u00e0u v\u00e0ng \u0111\u1ea5t, b\u1ea1n c\u00f3 th\u1ec3 ch\u1ecdn g\u1ea1c \u0111en, g\u1ea1c \u0111\u1ecf, v.v.<\/li>\n<\/ul>\n<p>&nbsp;<\/p>\n<p><strong><b>T\u00ednh n\u0103ng\/S\u1eed d\u1ee5ng<\/b><\/strong><\/p>\n<p>\u1ee8ng d\u1ee5ng s\u1ea3n ph\u1ea9m: C\u00e1p ch\u1ecbu nhi\u1ec7t nhi\u1ec7t \u0111\u1ed9 cao 1000oC l\u00e0 lo\u1ea1i d\u00e2y v\u00e0 c\u00e1p \u0111\u01b0\u1ee3c s\u1eed d\u1ee5ng trong nhi\u1ec1u thi\u1ebft b\u1ecb \u0111i\u1ec7n kh\u00e1c nhau c\u00f3 y\u00eau c\u1ea7u ch\u1ed1ng ch\u00e1y trong c\u00e1c m\u00f4i tr\u01b0\u1eddng \u0111\u1eb7c bi\u1ec7t nh\u01b0 luy\u1ec7n kim, k\u1ef9 thu\u1eadt nhi\u1ec7t, d\u1ea7u kh\u00ed, c\u00f4ng nghi\u1ec7p h\u00f3a ch\u1ea5t, kh\u00ed t\u1ef1 nhi\u00ean v\u00e0 d\u1ea7u h\u1ecfa.<\/p>\n<p>&nbsp;<\/p>\n<p><strong><b>Y\u00eau c\u1ea7u giao h\u00e0ng<\/b><\/strong><\/p>\n<p>Chi\u1ec1u d\u00e0i giao h\u00e0ng: cho ph\u00e9p c\u00e1c \u0111o\u1ea1n \u0111\u01b0\u1eddng ng\u1eafn kh\u00f4ng d\u01b0\u1edbi 10 m\u00e9t nh\u01b0ng s\u1ed1 l\u01b0\u1ee3ng kh\u00f4ng v\u01b0\u1ee3t qu\u00e1 10% t\u1ed5ng s\u1ed1 l\u01b0\u1ee3ng giao h\u00e0ng; \u0111i\u1ec1u ki\u1ec7n \u0111\u1eb7t: \u0111\u1eb7t c\u1ed1 \u0111\u1ecbnh, c\u1ed9ng v\u1edbi \u0111\u1ed1t ng\u1ecdn l\u1eeda, kh\u00f4ng c\u00f3 kh\u00ed \u0111\u1ed9c h\u1ea1i<\/p>\n<p>&nbsp;<\/p>\n<p><strong><b>Th\u00f4ng s\u1ed1 s\u1ea3n ph\u1ea9m:<\/b><\/strong><\/p>\n<table class=\"tg\">\n<thead>\n<tr>\n<th class=\"tg-uzvj\" rowspan=\"3\">M\u1eb7t c\u1eaft danh ngh\u0129a (mm2)<\/th>\n<th class=\"tg-uzvj\" rowspan=\"3\">S\u1ed1 c\u1ea5u tr\u00fac d\u00e2y d\u1eabn<br \/>\ns\u1ed1 d\u00e2y\/\u0111\u01b0\u1eddng k\u00ednh d\u00e2y (mm)<\/th>\n<th class=\"tg-uzvj\" rowspan=\"3\">\u0110\u1ed9 d\u00e0y c\u00e1ch nhi\u1ec7t (mm)<\/th>\n<th class=\"tg-uzvj\" rowspan=\"3\">Chi\u1ec1u d\u00e0i \u0111\u00f3ng g\u00f3i (m)<\/th>\n<\/tr>\n<\/thead>\n<tbody>\n<tr>\n<td class=\"tg-8d8j\">0.5<\/td>\n<td class=\"tg-baqh\">7 \u00d7 0.30<\/td>\n<td class=\"tg-baqh\">3.6\u571f0.5<\/td>\n<td class=\"tg-8d8j\">200<\/td>\n<\/tr>\n<tr>\n<td class=\"tg-8d8j\">0.75<\/td>\n<td class=\"tg-baqh\">11 \u00d7 0.30<\/td>\n<td class=\"tg-baqh\">3.8\u00b10.5<\/td>\n<td class=\"tg-8d8j\">200<\/td>\n<\/tr>\n<tr>\n<td class=\"tg-8d8j\">1<\/td>\n<td class=\"tg-baqh\">14 \u00d7 0.30<\/td>\n<td class=\"tg-baqh\">4.1\u00b10.5<\/td>\n<td class=\"tg-8d8j\">200<\/td>\n<\/tr>\n<tr>\n<td class=\"tg-8d8j\">1.5<\/td>\n<td class=\"tg-baqh\">21 \u00d7 0.30<\/td>\n<td class=\"tg-baqh\">4.5\u00b10.5<\/td>\n<td class=\"tg-8d8j\">100<\/td>\n<\/tr>\n<tr>\n<td class=\"tg-8d8j\">2<\/td>\n<td class=\"tg-baqh\">28 \u00d7 0.30<\/td>\n<td class=\"tg-baqh\">4.8\u00b10.5<\/td>\n<td class=\"tg-8d8j\">100<\/td>\n<\/tr>\n<tr>\n<td class=\"tg-8d8j\">2.5<\/td>\n<td class=\"tg-baqh\">35 \u00d7 0.30<\/td>\n<td class=\"tg-baqh\">5.1\u571f0.5<\/td>\n<td class=\"tg-8d8j\">100<\/td>\n<\/tr>\n<tr>\n<td class=\"tg-8d8j\">4<\/td>\n<td class=\"tg-baqh\">56 \u00d7 0.30<\/td>\n<td class=\"tg-baqh\">5.6\u58eb0.5<\/td>\n<td class=\"tg-8d8j\">100<\/td>\n<\/tr>\n<tr>\n<td class=\"tg-8d8j\">6<\/td>\n<td class=\"tg-baqh\">84 \u00d7 0.30<\/td>\n<td class=\"tg-baqh\">6.5\u00b10.5<\/td>\n<td class=\"tg-8d8j\">100<\/td>\n<\/tr>\n<tr>\n<td class=\"tg-8d8j\">10<\/td>\n<td class=\"tg-baqh\">140 \u00d7 0.30<\/td>\n<td class=\"tg-baqh\">7.6\u571f0.5<\/td>\n<td class=\"tg-8d8j\">100<\/td>\n<\/tr>\n<tr>\n<td class=\"tg-8d8j\">16<\/td>\n<td class=\"tg-baqh\">228 \u00d7 0.30<\/td>\n<td class=\"tg-baqh\">9.0\u00b10.5<\/td>\n<td class=\"tg-8d8j\">100<\/td>\n<\/tr>\n<tr>\n<td class=\"tg-8d8j\">25<\/td>\n<td class=\"tg-baqh\">361 \u00d7 0.30<\/td>\n<td class=\"tg-baqh\">10.5\u00b10.5<\/td>\n<td class=\"tg-8d8j\">100<\/td>\n<\/tr>\n<tr>\n<td class=\"tg-8d8j\">35<\/td>\n<td class=\"tg-baqh\">494 \u00d7 0.30<\/td>\n<td class=\"tg-baqh\">12.5\u571f1.0<\/td>\n<td class=\"tg-8d8j\">100<\/td>\n<\/tr>\n<tr>\n<td class=\"tg-8d8j\">50<\/td>\n<td class=\"tg-baqh\">703 \u00d7 0.30<\/td>\n<td class=\"tg-baqh\">13.2\u00b11.0<\/td>\n<td class=\"tg-8d8j\">100<\/td>\n<\/tr>\n<tr>\n<td class=\"tg-8d8j\">70<\/td>\n<td class=\"tg-baqh\">988 \u00d7 0.30<\/td>\n<td class=\"tg-baqh\">15.6\u58eb1.0<\/td>\n<td class=\"tg-8d8j\">100<\/td>\n<\/tr>\n<tr>\n<td class=\"tg-8d8j\">95<\/td>\n<td class=\"tg-baqh\">760 \u00d7 0.40<\/td>\n<td class=\"tg-baqh\">17.6\u571f1.0<\/td>\n<td class=\"tg-8d8j\">100<\/td>\n<\/tr>\n<\/tbody>\n<\/table>\n<p>L\u01b0u \u00fd: S\u1ea3n ph\u1ea9m c\u00f3 th\u00f4ng s\u1ed1 k\u1ef9 thu\u1eadt kh\u00e1c c\u00f3 th\u1ec3 \u0111\u01b0\u1ee3c s\u1ea3n xu\u1ea5t theo th\u1ecfa thu\u1eadn gi\u1eefa nh\u00e0 cung c\u1ea5p v\u00e0 ng\u01b0\u1eddi mua.<\/p>\n<p>&nbsp;<\/p>\n<p>&nbsp;<\/p>\n","protected":false},"excerpt":{"rendered":"<p>C\u00e1p ch\u1ecbu nhi\u1ec7t nhi\u1ec7t \u0111\u1ed9 cao 1000oC l\u00e0 lo\u1ea1i d\u00e2y v\u00e0 c\u00e1p \u0111\u01b0\u1ee3c s\u1eed d\u1ee5ng trong nhi\u1ec1u thi\u1ebft b\u1ecb \u0111i\u1ec7n kh\u00e1c nhau c\u00f3 y\u00eau c\u1ea7u ch\u1ed1ng ch\u00e1y trong c\u00e1c m\u00f4i tr\u01b0\u1eddng \u0111\u1eb7c bi\u1ec7t nh\u01b0 luy\u1ec7n kim, k\u1ef9 thu\u1eadt nhi\u1ec7t, d\u1ea7u kh\u00ed, c\u00f4ng nghi\u1ec7p h\u00f3a ch\u1ea5t, kh\u00ed t\u1ef1 nhi\u00ean v\u00e0 d\u1ea7u h\u1ecfa. C\u00e1p \u0111i\u1ec7n cho nhi\u1ec7t \u0111\u1ed9 cao GN1000 Ch\u1ecbu nhi\u1ec7t \u0111\u1ed9 1000oC<\/p>\n","protected":false},"featured_media":13016,"template":"","meta":{"_eb_attr":"","site-sidebar-layout":"default","site-content-layout":"","ast-site-content-layout":"default","site-content-style":"default","site-sidebar-style":"default","ast-global-header-display":"","ast-banner-title-visibility":"","ast-main-header-display":"","ast-hfb-above-header-display":"","ast-hfb-below-header-display":"","ast-hfb-mobile-header-display":"","site-post-title":"","ast-breadcrumbs-content":"","ast-featured-img":"","footer-sml-layout":"","theme-transparent-header-meta":"default","adv-header-id-meta":"","stick-header-meta":"","header-above-stick-meta":"","header-main-stick-meta":"","header-below-stick-meta":"","astra-migrate-meta-layouts":"default","ast-page-background-enabled":"default","ast-page-background-meta":{"desktop":{"background-color":"","background-image":"","background-repeat":"repeat","background-position":"center center","background-size":"auto","background-attachment":"scroll","background-type":"","background-media":"","overlay-type":"","overlay-color":"","overlay-opacity":"","overlay-gradient":""},"tablet":{"background-color":"","background-image":"","background-repeat":"repeat","background-position":"center center","background-size":"auto","background-attachment":"scroll","background-type":"","background-media":"","overlay-type":"","overlay-color":"","overlay-opacity":"","overlay-gradient":""},"mobile":{"background-color":"","background-image":"","background-repeat":"repeat","background-position":"center center","background-size":"auto","background-attachment":"scroll","background-type":"","background-media":"","overlay-type":"","overlay-color":"","overlay-opacity":"","overlay-gradient":""}},"ast-content-background-meta":{"desktop":{"background-color":"var(--ast-global-color-5)","background-image":"","background-repeat":"repeat","background-position":"center center","background-size":"auto","background-attachment":"scroll","background-type":"","background-media":"","overlay-type":"","overlay-color":"","overlay-opacity":"","overlay-gradient":""},"tablet":{"background-color":"var(--ast-global-color-5)","background-image":"","background-repeat":"repeat","background-position":"center center","background-size":"auto","background-attachment":"scroll","background-type":"","background-media":"","overlay-type":"","overlay-color":"","overlay-opacity":"","overlay-gradient":""},"mobile":{"background-color":"var(--ast-global-color-5)","background-image":"","background-repeat":"repeat","background-position":"center center","background-size":"auto","background-attachment":"scroll","background-type":"","background-media":"","overlay-type":"","overlay-color":"","overlay-opacity":"","overlay-gradient":""}}},"product_brand":[],"product_cat":[831,844,826,836,842,827,834,825,835,832,1998,847],"product_tag":[2039,2040],"class_list":{"0":"post-21105","1":"product","2":"type-product","3":"status-publish","4":"has-post-thumbnail","6":"product_cat-high-temperature-cable-vi","7":"product_cat-teflon-cable-vi","8":"product_cat-customized-cable-vi","9":"product_cat-oil-gas-vi","10":"product_cat-rail-way-vi","11":"product_cat-enstandard-cable-vi","12":"product_cat-marine-vi","13":"product_cat-aviation-vi","14":"product_cat-nuclear-vi","15":"product_cat-ice-standard-vi","16":"product_cat-khoi-luong-kg-km","17":"product_cat-wind-power-vi","18":"product_tag-cap-dien-nhiet-do-cao","19":"product_tag-gn1000-vi","20":"desktop-align-center","21":"tablet-align-left","22":"mobile-align-left","24":"first","25":"instock","26":"shipping-taxable","27":"product-type-simple"},"yoast_head":"<!-- This site is optimized with the Yoast SEO plugin v27.6 - https:\/\/yoast.com\/product\/yoast-seo-wordpress\/ -->\n<title>C\u00e1p ch\u1ecbu nhi\u1ec7t \u0111\u1ed9 cao 1000oC<\/title>\n<meta name=\"description\" content=\"C\u00e1p ch\u1ecbu nhi\u1ec7t nhi\u1ec7t \u0111\u1ed9 cao 1000oC l\u00e0 lo\u1ea1i d\u00e2y v\u00e0 c\u00e1p \u0111\u01b0\u1ee3c s\u1eed d\u1ee5ng trong nhi\u1ec1u thi\u1ebft b\u1ecb \u0111i\u1ec7n kh\u00e1c nhau.\" \/>\n<meta name=\"robots\" content=\"index, follow, max-snippet:-1, max-image-preview:large, max-video-preview:-1\" \/>\n<link rel=\"canonical\" href=\"https:\/\/www.tstcables.com\/vi\/product\/cap-day-chiu-nhiet-nhiet-do-cao-1000oc-cap-gn1000-300v\/\" \/>\n<meta property=\"og:locale\" content=\"vi_VN\" \/>\n<meta property=\"og:type\" content=\"article\" \/>\n<meta property=\"og:title\" content=\"C\u00e1p ch\u1ecbu nhi\u1ec7t \u0111\u1ed9 cao 1000oC\" \/>\n<meta property=\"og:description\" content=\"C\u00e1p ch\u1ecbu nhi\u1ec7t nhi\u1ec7t \u0111\u1ed9 cao 1000oC l\u00e0 lo\u1ea1i d\u00e2y v\u00e0 c\u00e1p \u0111\u01b0\u1ee3c s\u1eed d\u1ee5ng trong nhi\u1ec1u thi\u1ebft b\u1ecb \u0111i\u1ec7n kh\u00e1c nhau.\" \/>\n<meta property=\"og:url\" content=\"https:\/\/www.tstcables.com\/vi\/product\/cap-day-chiu-nhiet-nhiet-do-cao-1000oc-cap-gn1000-300v\/\" \/>\n<meta property=\"og:site_name\" content=\"TST CABLES supplier &amp; Manufacture\" \/>\n<meta property=\"og:image\" content=\"https:\/\/www.tstcables.com\/wp-content\/uploads\/2024\/03\/5-12.jpg\" \/>\n\t<meta property=\"og:image:width\" content=\"500\" \/>\n\t<meta property=\"og:image:height\" content=\"500\" \/>\n\t<meta property=\"og:image:type\" content=\"image\/jpeg\" \/>\n<meta name=\"twitter:card\" content=\"summary_large_image\" \/>\n<meta name=\"twitter:label1\" content=\"Est. reading time\" \/>\n\t<meta name=\"twitter:data1\" content=\"2 minutes\" \/>\n<script type=\"application\/ld+json\" class=\"yoast-schema-graph\">{\"@context\":\"https:\\\/\\\/schema.org\",\"@graph\":[{\"@type\":\"WebPage\",\"@id\":\"https:\\\/\\\/www.tstcables.com\\\/vi\\\/product\\\/cap-day-chiu-nhiet-nhiet-do-cao-1000oc-cap-gn1000-300v\\\/\",\"url\":\"https:\\\/\\\/www.tstcables.com\\\/vi\\\/product\\\/cap-day-chiu-nhiet-nhiet-do-cao-1000oc-cap-gn1000-300v\\\/\",\"name\":\"C\u00e1p ch\u1ecbu nhi\u1ec7t \u0111\u1ed9 cao 1000oC\",\"isPartOf\":{\"@id\":\"https:\\\/\\\/www.tstcables.com\\\/vi\\\/#website\"},\"primaryImageOfPage\":{\"@id\":\"https:\\\/\\\/www.tstcables.com\\\/vi\\\/product\\\/cap-day-chiu-nhiet-nhiet-do-cao-1000oc-cap-gn1000-300v\\\/#primaryimage\"},\"image\":{\"@id\":\"https:\\\/\\\/www.tstcables.com\\\/vi\\\/product\\\/cap-day-chiu-nhiet-nhiet-do-cao-1000oc-cap-gn1000-300v\\\/#primaryimage\"},\"thumbnailUrl\":\"https:\\\/\\\/www.tstcables.com\\\/wp-content\\\/uploads\\\/2024\\\/03\\\/5-12.jpg\",\"datePublished\":\"2024-03-22T08:24:02+00:00\",\"description\":\"C\u00e1p ch\u1ecbu nhi\u1ec7t nhi\u1ec7t \u0111\u1ed9 cao 1000oC l\u00e0 lo\u1ea1i d\u00e2y v\u00e0 c\u00e1p \u0111\u01b0\u1ee3c s\u1eed d\u1ee5ng trong nhi\u1ec1u thi\u1ebft b\u1ecb \u0111i\u1ec7n kh\u00e1c nhau.\",\"breadcrumb\":{\"@id\":\"https:\\\/\\\/www.tstcables.com\\\/vi\\\/product\\\/cap-day-chiu-nhiet-nhiet-do-cao-1000oc-cap-gn1000-300v\\\/#breadcrumb\"},\"inLanguage\":\"vi-VN\",\"potentialAction\":[{\"@type\":\"ReadAction\",\"target\":[\"https:\\\/\\\/www.tstcables.com\\\/vi\\\/product\\\/cap-day-chiu-nhiet-nhiet-do-cao-1000oc-cap-gn1000-300v\\\/\"]}]},{\"@type\":\"ImageObject\",\"inLanguage\":\"vi-VN\",\"@id\":\"https:\\\/\\\/www.tstcables.com\\\/vi\\\/product\\\/cap-day-chiu-nhiet-nhiet-do-cao-1000oc-cap-gn1000-300v\\\/#primaryimage\",\"url\":\"https:\\\/\\\/www.tstcables.com\\\/wp-content\\\/uploads\\\/2024\\\/03\\\/5-12.jpg\",\"contentUrl\":\"https:\\\/\\\/www.tstcables.com\\\/wp-content\\\/uploads\\\/2024\\\/03\\\/5-12.jpg\",\"width\":500,\"height\":500,\"caption\":\"Low smoke halogen-free type GN800\"},{\"@type\":\"BreadcrumbList\",\"@id\":\"https:\\\/\\\/www.tstcables.com\\\/vi\\\/product\\\/cap-day-chiu-nhiet-nhiet-do-cao-1000oc-cap-gn1000-300v\\\/#breadcrumb\",\"itemListElement\":[{\"@type\":\"ListItem\",\"position\":1,\"name\":\"\u9996\u9875\",\"item\":\"https:\\\/\\\/www.tstcables.com\\\/vi\\\/\"},{\"@type\":\"ListItem\",\"position\":2,\"name\":\"Product\",\"item\":\"https:\\\/\\\/www.tstcables.com\\\/product\\\/\"},{\"@type\":\"ListItem\",\"position\":3,\"name\":\"C\u00e1p &amp; d\u00e2y ch\u1ecbu nhi\u1ec7t nhi\u1ec7t \u0111\u1ed9 cao 1000oC C\u00e1p GN1000 300V\"}]},{\"@type\":\"WebSite\",\"@id\":\"https:\\\/\\\/www.tstcables.com\\\/vi\\\/#website\",\"url\":\"https:\\\/\\\/www.tstcables.com\\\/vi\\\/\",\"name\":\"TST Cable supplier & Manufacture\",\"description\":\"TST CABLES  supplier &amp; Manufacture official website\",\"publisher\":{\"@id\":\"https:\\\/\\\/www.tstcables.com\\\/vi\\\/#organization\"},\"potentialAction\":[{\"@type\":\"SearchAction\",\"target\":{\"@type\":\"EntryPoint\",\"urlTemplate\":\"https:\\\/\\\/www.tstcables.com\\\/vi\\\/?s={search_term_string}\"},\"query-input\":{\"@type\":\"PropertyValueSpecification\",\"valueRequired\":true,\"valueName\":\"search_term_string\"}}],\"inLanguage\":\"vi-VN\"},{\"@type\":\"Organization\",\"@id\":\"https:\\\/\\\/www.tstcables.com\\\/vi\\\/#organization\",\"name\":\"TST Cable supplier & Manufacture\",\"url\":\"https:\\\/\\\/www.tstcables.com\\\/vi\\\/\",\"logo\":{\"@type\":\"ImageObject\",\"inLanguage\":\"vi-VN\",\"@id\":\"https:\\\/\\\/www.tstcables.com\\\/vi\\\/#\\\/schema\\\/logo\\\/image\\\/\",\"url\":\"https:\\\/\\\/www.tstcables.com\\\/wp-content\\\/uploads\\\/2024\\\/04\\\/cropped-\u753b\u677f-1-\u62f7\u8d1d-4-1.png\",\"contentUrl\":\"https:\\\/\\\/www.tstcables.com\\\/wp-content\\\/uploads\\\/2024\\\/04\\\/cropped-\u753b\u677f-1-\u62f7\u8d1d-4-1.png\",\"width\":300,\"height\":100,\"caption\":\"TST Cable supplier & Manufacture\"},\"image\":{\"@id\":\"https:\\\/\\\/www.tstcables.com\\\/vi\\\/#\\\/schema\\\/logo\\\/image\\\/\"}}]}<\/script>\n<!-- \/ Yoast SEO plugin. -->","yoast_head_json":{"title":"C\u00e1p ch\u1ecbu nhi\u1ec7t \u0111\u1ed9 cao 1000oC","description":"C\u00e1p ch\u1ecbu nhi\u1ec7t nhi\u1ec7t \u0111\u1ed9 cao 1000oC l\u00e0 lo\u1ea1i d\u00e2y v\u00e0 c\u00e1p \u0111\u01b0\u1ee3c s\u1eed d\u1ee5ng trong nhi\u1ec1u thi\u1ebft b\u1ecb \u0111i\u1ec7n kh\u00e1c nhau.","robots":{"index":"index","follow":"follow","max-snippet":"max-snippet:-1","max-image-preview":"max-image-preview:large","max-video-preview":"max-video-preview:-1"},"canonical":"https:\/\/www.tstcables.com\/vi\/product\/cap-day-chiu-nhiet-nhiet-do-cao-1000oc-cap-gn1000-300v\/","og_locale":"vi_VN","og_type":"article","og_title":"C\u00e1p ch\u1ecbu nhi\u1ec7t \u0111\u1ed9 cao 1000oC","og_description":"C\u00e1p ch\u1ecbu nhi\u1ec7t nhi\u1ec7t \u0111\u1ed9 cao 1000oC l\u00e0 lo\u1ea1i d\u00e2y v\u00e0 c\u00e1p \u0111\u01b0\u1ee3c s\u1eed d\u1ee5ng trong nhi\u1ec1u thi\u1ebft b\u1ecb \u0111i\u1ec7n kh\u00e1c nhau.","og_url":"https:\/\/www.tstcables.com\/vi\/product\/cap-day-chiu-nhiet-nhiet-do-cao-1000oc-cap-gn1000-300v\/","og_site_name":"TST CABLES supplier &amp; Manufacture","og_image":[{"width":500,"height":500,"url":"https:\/\/www.tstcables.com\/wp-content\/uploads\/2024\/03\/5-12.jpg","type":"image\/jpeg"}],"twitter_card":"summary_large_image","twitter_misc":{"Est. reading time":"2 minutes"},"schema":{"@context":"https:\/\/schema.org","@graph":[{"@type":"WebPage","@id":"https:\/\/www.tstcables.com\/vi\/product\/cap-day-chiu-nhiet-nhiet-do-cao-1000oc-cap-gn1000-300v\/","url":"https:\/\/www.tstcables.com\/vi\/product\/cap-day-chiu-nhiet-nhiet-do-cao-1000oc-cap-gn1000-300v\/","name":"C\u00e1p ch\u1ecbu nhi\u1ec7t \u0111\u1ed9 cao 1000oC","isPartOf":{"@id":"https:\/\/www.tstcables.com\/vi\/#website"},"primaryImageOfPage":{"@id":"https:\/\/www.tstcables.com\/vi\/product\/cap-day-chiu-nhiet-nhiet-do-cao-1000oc-cap-gn1000-300v\/#primaryimage"},"image":{"@id":"https:\/\/www.tstcables.com\/vi\/product\/cap-day-chiu-nhiet-nhiet-do-cao-1000oc-cap-gn1000-300v\/#primaryimage"},"thumbnailUrl":"https:\/\/www.tstcables.com\/wp-content\/uploads\/2024\/03\/5-12.jpg","datePublished":"2024-03-22T08:24:02+00:00","description":"C\u00e1p ch\u1ecbu nhi\u1ec7t nhi\u1ec7t \u0111\u1ed9 cao 1000oC l\u00e0 lo\u1ea1i d\u00e2y v\u00e0 c\u00e1p \u0111\u01b0\u1ee3c s\u1eed d\u1ee5ng trong nhi\u1ec1u thi\u1ebft b\u1ecb \u0111i\u1ec7n kh\u00e1c nhau.","breadcrumb":{"@id":"https:\/\/www.tstcables.com\/vi\/product\/cap-day-chiu-nhiet-nhiet-do-cao-1000oc-cap-gn1000-300v\/#breadcrumb"},"inLanguage":"vi-VN","potentialAction":[{"@type":"ReadAction","target":["https:\/\/www.tstcables.com\/vi\/product\/cap-day-chiu-nhiet-nhiet-do-cao-1000oc-cap-gn1000-300v\/"]}]},{"@type":"ImageObject","inLanguage":"vi-VN","@id":"https:\/\/www.tstcables.com\/vi\/product\/cap-day-chiu-nhiet-nhiet-do-cao-1000oc-cap-gn1000-300v\/#primaryimage","url":"https:\/\/www.tstcables.com\/wp-content\/uploads\/2024\/03\/5-12.jpg","contentUrl":"https:\/\/www.tstcables.com\/wp-content\/uploads\/2024\/03\/5-12.jpg","width":500,"height":500,"caption":"Low smoke halogen-free type GN800"},{"@type":"BreadcrumbList","@id":"https:\/\/www.tstcables.com\/vi\/product\/cap-day-chiu-nhiet-nhiet-do-cao-1000oc-cap-gn1000-300v\/#breadcrumb","itemListElement":[{"@type":"ListItem","position":1,"name":"\u9996\u9875","item":"https:\/\/www.tstcables.com\/vi\/"},{"@type":"ListItem","position":2,"name":"Product","item":"https:\/\/www.tstcables.com\/product\/"},{"@type":"ListItem","position":3,"name":"C\u00e1p &amp; d\u00e2y ch\u1ecbu nhi\u1ec7t nhi\u1ec7t \u0111\u1ed9 cao 1000oC C\u00e1p GN1000 300V"}]},{"@type":"WebSite","@id":"https:\/\/www.tstcables.com\/vi\/#website","url":"https:\/\/www.tstcables.com\/vi\/","name":"TST Cable supplier & Manufacture","description":"TST CABLES  supplier &amp; Manufacture official website","publisher":{"@id":"https:\/\/www.tstcables.com\/vi\/#organization"},"potentialAction":[{"@type":"SearchAction","target":{"@type":"EntryPoint","urlTemplate":"https:\/\/www.tstcables.com\/vi\/?s={search_term_string}"},"query-input":{"@type":"PropertyValueSpecification","valueRequired":true,"valueName":"search_term_string"}}],"inLanguage":"vi-VN"},{"@type":"Organization","@id":"https:\/\/www.tstcables.com\/vi\/#organization","name":"TST Cable supplier & Manufacture","url":"https:\/\/www.tstcables.com\/vi\/","logo":{"@type":"ImageObject","inLanguage":"vi-VN","@id":"https:\/\/www.tstcables.com\/vi\/#\/schema\/logo\/image\/","url":"https:\/\/www.tstcables.com\/wp-content\/uploads\/2024\/04\/cropped-\u753b\u677f-1-\u62f7\u8d1d-4-1.png","contentUrl":"https:\/\/www.tstcables.com\/wp-content\/uploads\/2024\/04\/cropped-\u753b\u677f-1-\u62f7\u8d1d-4-1.png","width":300,"height":100,"caption":"TST Cable supplier & Manufacture"},"image":{"@id":"https:\/\/www.tstcables.com\/vi\/#\/schema\/logo\/image\/"}}]}},"_links":{"self":[{"href":"https:\/\/www.tstcables.com\/vi\/wp-json\/wp\/v2\/product\/21105","targetHints":{"allow":["GET"]}}],"collection":[{"href":"https:\/\/www.tstcables.com\/vi\/wp-json\/wp\/v2\/product"}],"about":[{"href":"https:\/\/www.tstcables.com\/vi\/wp-json\/wp\/v2\/types\/product"}],"version-history":[{"count":0,"href":"https:\/\/www.tstcables.com\/vi\/wp-json\/wp\/v2\/product\/21105\/revisions"}],"wp:featuredmedia":[{"embeddable":true,"href":"https:\/\/www.tstcables.com\/vi\/wp-json\/wp\/v2\/media\/13016"}],"wp:attachment":[{"href":"https:\/\/www.tstcables.com\/vi\/wp-json\/wp\/v2\/media?parent=21105"}],"wp:term":[{"taxonomy":"product_brand","embeddable":true,"href":"https:\/\/www.tstcables.com\/vi\/wp-json\/wp\/v2\/product_brand?post=21105"},{"taxonomy":"product_cat","embeddable":true,"href":"https:\/\/www.tstcables.com\/vi\/wp-json\/wp\/v2\/product_cat?post=21105"},{"taxonomy":"product_tag","embeddable":true,"href":"https:\/\/www.tstcables.com\/vi\/wp-json\/wp\/v2\/product_tag?post=21105"}],"curies":[{"name":"wp","href":"https:\/\/api.w.org\/{rel}","templated":true}]}}