{"id":21106,"date":"2024-03-22T16:54:48","date_gmt":"2024-03-22T08:54:48","guid":{"rendered":"https:\/\/www.tstcables.com\/product\/cap-nhiet-do-cuc-cao-gn1200-chiu-nhiet-do-1200oc\/"},"modified":"2024-03-22T16:54:48","modified_gmt":"2024-03-22T08:54:48","slug":"cap-nhiet-do-cuc-cao-gn1200-chiu-nhiet-do-1200oc","status":"publish","type":"product","link":"https:\/\/www.tstcables.com\/vi\/product\/cap-nhiet-do-cuc-cao-gn1200-chiu-nhiet-do-1200oc\/","title":{"rendered":"C\u00e1p nhi\u1ec7t \u0111\u1ed9 c\u1ef1c cao GN1200 ch\u1ecbu nhi\u1ec7t \u0111\u1ed9 1200oC"},"content":{"rendered":"<p><strong>S\u1ed1 s\u1ea3n ph\u1ea9m:<\/strong><\/p>\n<ul>\n<li>GN1200<\/li>\n<\/ul>\n<p><strong>Ti\u00eau chu\u1ea9n c\u00f4ng nghi\u1ec7p:<\/strong><\/p>\n<ul>\n<li>Q31\/0114000209C025-2017<\/li>\n<\/ul>\n<p><strong>T\u00ednh n\u0103ng s\u1ea3n ph\u1ea9m<\/strong><\/p>\n<ul>\n<li>\u0110i\u1ec7n \u00e1p \u0111\u1ecbnh m\u1ee9c: 300\/500V<\/li>\n<li>Ph\u1ea1m vi nhi\u1ec7t \u0111\u1ed9: 1000oC, ch\u1ecbu nhi\u1ec7t \u0111\u1ed9 t\u1edbi 1200oC trong m\u1ed9t kho\u1ea3ng th\u1eddi gian ng\u1eafn<\/li>\n<li>D\u00e2y d\u1eabn: d\u00e2y niken nguy\u00ean ch\u1ea5t<\/li>\n<li>M\u00e0u s\u1eafc: m\u00e0u v\u00e0ng \u0111\u1ea5t, b\u1ea1n c\u00f3 th\u1ec3 ch\u1ecdn g\u1ea1c \u0111en, g\u1ea1c \u0111\u1ecf, v.v.<\/li>\n<\/ul>\n<p><strong>T\u00ednh n\u0103ng\/S\u1eed d\u1ee5ng<\/strong><\/p>\n<p>\u1ee8ng d\u1ee5ng s\u1ea3n ph\u1ea9m: S\u1ea3n ph\u1ea9m n\u00e0y l\u00e0 d\u00e2y v\u00e0 c\u00e1p \u0111\u01b0\u1ee3c s\u1eed d\u1ee5ng trong c\u00e1c thi\u1ebft b\u1ecb \u0111i\u1ec7n kh\u00e1c nhau c\u00f3 y\u00eau c\u1ea7u ch\u1ed1ng ch\u00e1y trong c\u00e1c m\u00f4i tr\u01b0\u1eddng \u0111\u1eb7c bi\u1ec7t nh\u01b0 luy\u1ec7n kim, k\u1ef9 thu\u1eadt nhi\u1ec7t, d\u1ea7u kh\u00ed, c\u00f4ng nghi\u1ec7p h\u00f3a ch\u1ea5t, kh\u00ed t\u1ef1 nhi\u00ean v\u00e0 d\u1ea7u h\u1ecfa.<\/p>\n<p><strong>Y\u00eau c\u1ea7u giao h\u00e0ng<\/strong><\/p>\n<p>Chi\u1ec1u d\u00e0i giao h\u00e0ng: cho ph\u00e9p c\u00e1c \u0111o\u1ea1n \u0111\u01b0\u1eddng ng\u1eafn kh\u00f4ng d\u01b0\u1edbi 10 m\u00e9t nh\u01b0ng s\u1ed1 l\u01b0\u1ee3ng kh\u00f4ng v\u01b0\u1ee3t qu\u00e1 10% t\u1ed5ng s\u1ed1 l\u01b0\u1ee3ng giao h\u00e0ng; \u0111i\u1ec1u ki\u1ec7n \u0111\u1eb7t: \u0111\u1eb7t c\u1ed1 \u0111\u1ecbnh, c\u1ed9ng v\u1edbi \u0111\u1ed1t ng\u1ecdn l\u1eeda, kh\u00f4ng c\u00f3 kh\u00ed \u0111\u1ed9c h\u1ea1i<\/p>\n<p>&nbsp;<\/p>\n<p><strong>C\u00e1c th\u00f4ng s\u1ed1 k\u1ef9 thu\u1eadt<\/strong><\/p>\n<p>&nbsp;<\/p>\n<table class=\"tg\">\n<thead>\n<tr>\n<th class=\"tg-nrix\">ch\u00e9o danh ngh\u0129a<br \/>\nph\u1ea7n (mm2)<\/th>\n<th class=\"tg-nrix\">V\u00f4n<br \/>\nc\u1ea5p \u0111\u1ed9 (V)<\/th>\n<th class=\"tg-nrix\">Nh\u1ea1c tr\u01b0\u1edfng<br \/>\nk\u1ebft c\u1ea5u<br \/>\ns\u1ed1 l\u01b0\u1ee3ng<br \/>\nd\u00e2y \u0111i\u1ec7n\/d\u00e2y \u0111i\u1ec7n<br \/>\n\u0111\u01b0\u1eddng k\u00ednh (mm)<\/th>\n<th class=\"tg-nrix\">V\u1eadt li\u1ec7u c\u00e1ch nhi\u1ec7t<br \/>\n\u0111\u1ed9 d\u00e0y (mm)<\/th>\n<th class=\"tg-nrix\">D\u00e2y b\u00ean ngo\u00e0i<br \/>\n\u0111\u01b0\u1eddng k\u00ednh (mm)<\/th>\n<th class=\"tg-nrix\">\u0111\u01b0\u1eddng k\u00ednh (mm)<br \/>\ns\u1ee9c ch\u1ed1ng c\u1ef1<br \/>\n\u1edf 20oC (Q\/km)<\/th>\n<th class=\"tg-nrix\">\u0111\u00f3ng g\u00f3i<br \/>\nchi\u1ec1u d\u00e0i (m)<\/th>\n<\/tr>\n<\/thead>\n<tbody>\n<tr>\n<td class=\"tg-nrix\" rowspan=\"2\">0.5<\/td>\n<td class=\"tg-nrix\">300<\/td>\n<td class=\"tg-baqh\" rowspan=\"2\">7\/0.30<\/td>\n<td class=\"tg-nrix\">0.15<\/td>\n<td class=\"tg-baqh\">1.6\u00b10.2<\/td>\n<td class=\"tg-nrix\" rowspan=\"2\">195<\/td>\n<td class=\"tg-nrix\" rowspan=\"2\">200<\/td>\n<\/tr>\n<tr>\n<td class=\"tg-nrix\">500<\/td>\n<td class=\"tg-nrix\">0.25<\/td>\n<td class=\"tg-baqh\">1.8\u00b10.2<\/td>\n<\/tr>\n<tr>\n<td class=\"tg-nrix\" rowspan=\"2\">0.75<\/td>\n<td class=\"tg-nrix\">300<\/td>\n<td class=\"tg-baqh\" rowspan=\"2\">11\/0. 30<\/td>\n<td class=\"tg-nrix\">0.15<\/td>\n<td class=\"tg-baqh\">1.9\u00b10.2<\/td>\n<td class=\"tg-nrix\" rowspan=\"2\">130<\/td>\n<td class=\"tg-nrix\" rowspan=\"2\">200<\/td>\n<\/tr>\n<tr>\n<td class=\"tg-nrix\">500<\/td>\n<td class=\"tg-nrix\">0.25<\/td>\n<td class=\"tg-baqh\">2.2\u00b10.2<\/td>\n<\/tr>\n<tr>\n<td class=\"tg-nrix\" rowspan=\"2\">1<\/td>\n<td class=\"tg-nrix\">300<\/td>\n<td class=\"tg-baqh\" rowspan=\"2\">14\/0. 30<\/td>\n<td class=\"tg-nrix\">0.15<\/td>\n<td class=\"tg-baqh\">2.0\u571f0.2<\/td>\n<td class=\"tg-nrix\" rowspan=\"2\">100<\/td>\n<td class=\"tg-nrix\" rowspan=\"2\">200<\/td>\n<\/tr>\n<tr>\n<td class=\"tg-nrix\">500<\/td>\n<td class=\"tg-nrix\">0.25<\/td>\n<td class=\"tg-baqh\">2.3\u00b10.2<\/td>\n<\/tr>\n<tr>\n<td class=\"tg-nrix\" rowspan=\"2\">1.5<\/td>\n<td class=\"tg-nrix\">300<\/td>\n<td class=\"tg-baqh\" rowspan=\"2\">30\/0.25<\/td>\n<td class=\"tg-nrix\">0.15<\/td>\n<td class=\"tg-baqh\">2.3\u571f0.2<\/td>\n<td class=\"tg-nrix\" rowspan=\"2\">66<\/td>\n<td class=\"tg-nrix\" rowspan=\"2\">100<\/td>\n<\/tr>\n<tr>\n<td class=\"tg-nrix\">500<\/td>\n<td class=\"tg-nrix\">0.25<\/td>\n<td class=\"tg-baqh\">2.6\u00b10.2<\/td>\n<\/tr>\n<tr>\n<td class=\"tg-nrix\" rowspan=\"2\">2.5<\/td>\n<td class=\"tg-nrix\">300<\/td>\n<td class=\"tg-baqh\" rowspan=\"2\">50\/0. 25<\/td>\n<td class=\"tg-nrix\">0.15<\/td>\n<td class=\"tg-baqh\">2.8\u00b10.2<\/td>\n<td class=\"tg-nrix\" rowspan=\"2\">40<\/td>\n<td class=\"tg-nrix\" rowspan=\"2\">100<\/td>\n<\/tr>\n<tr>\n<td class=\"tg-nrix\">500<\/td>\n<td class=\"tg-nrix\">0.25<\/td>\n<td class=\"tg-baqh\">3.0\u571f0.2<\/td>\n<\/tr>\n<tr>\n<td class=\"tg-nrix\" rowspan=\"2\">4<\/td>\n<td class=\"tg-nrix\">300<\/td>\n<td class=\"tg-baqh\" rowspan=\"2\">56\/0.30<\/td>\n<td class=\"tg-nrix\">0.15<\/td>\n<td class=\"tg-baqh\">3.5\u571f0.3<\/td>\n<td class=\"tg-nrix\" rowspan=\"2\">25<\/td>\n<td class=\"tg-nrix\" rowspan=\"2\">100<\/td>\n<\/tr>\n<tr>\n<td class=\"tg-nrix\">500<\/td>\n<td class=\"tg-nrix\">0.25<\/td>\n<td class=\"tg-baqh\">3.7\u00b10.3<\/td>\n<\/tr>\n<tr>\n<td class=\"tg-nrix\" rowspan=\"2\">6<\/td>\n<td class=\"tg-nrix\">300<\/td>\n<td class=\"tg-baqh\" rowspan=\"2\">84\/0.30<\/td>\n<td class=\"tg-nrix\">0.15<\/td>\n<td class=\"tg-baqh\">4.4\u58eb0.3<\/td>\n<td class=\"tg-nrix\" rowspan=\"2\">16.5<\/td>\n<td class=\"tg-nrix\" rowspan=\"2\">100<\/td>\n<\/tr>\n<tr>\n<td class=\"tg-nrix\">500<\/td>\n<td class=\"tg-nrix\">0.25<\/td>\n<td class=\"tg-baqh\">4.6\u00b10.3<\/td>\n<\/tr>\n<tr>\n<td class=\"tg-nrix\" rowspan=\"2\">10<\/td>\n<td class=\"tg-nrix\">300<\/td>\n<td class=\"tg-baqh\" rowspan=\"2\">133\/0. 32<\/td>\n<td class=\"tg-nrix\">0.15<\/td>\n<td class=\"tg-baqh\">5.5\u00b10.3<\/td>\n<td class=\"tg-nrix\" rowspan=\"2\">9.5<\/td>\n<td class=\"tg-nrix\" rowspan=\"2\">100<\/td>\n<\/tr>\n<tr>\n<td class=\"tg-nrix\">500<\/td>\n<td class=\"tg-nrix\">0.25<\/td>\n<td class=\"tg-baqh\">5.8\u58eb0.3<\/td>\n<\/tr>\n<\/tbody>\n<\/table>\n<p>L\u01b0u \u00fd: S\u1ea3n ph\u1ea9m c\u00f3 th\u00f4ng s\u1ed1 k\u1ef9 thu\u1eadt kh\u00e1c c\u00f3 th\u1ec3 \u0111\u01b0\u1ee3c s\u1ea3n xu\u1ea5t theo th\u1ecfa thu\u1eadn gi\u1eefa nh\u00e0 cung c\u1ea5p v\u00e0 ng\u01b0\u1eddi mua.<\/p>\n<p>&nbsp;<\/p>\n","protected":false},"excerpt":{"rendered":"<p>C\u00e1p nhi\u1ec7t \u0111\u1ed9 c\u1ef1c cao l\u00e0 d\u00e2y v\u00e0 c\u00e1p \u0111\u01b0\u1ee3c s\u1eed d\u1ee5ng trong c\u00e1c thi\u1ebft b\u1ecb \u0111i\u1ec7n kh\u00e1c nhau c\u00f3 y\u00eau c\u1ea7u ch\u1ed1ng ch\u00e1y trong c\u00e1c m\u00f4i tr\u01b0\u1eddng \u0111\u1eb7c bi\u1ec7t nh\u01b0 luy\u1ec7n kim, k\u1ef9 thu\u1eadt nhi\u1ec7t, d\u1ea7u kh\u00ed, c\u00f4ng nghi\u1ec7p h\u00f3a ch\u1ea5t, kh\u00ed t\u1ef1 nhi\u00ean v\u00e0 d\u1ea7u h\u1ecfa.<\/p>\n","protected":false},"featured_media":13328,"template":"","meta":{"_eb_attr":"","site-sidebar-layout":"default","site-content-layout":"","ast-site-content-layout":"default","site-content-style":"default","site-sidebar-style":"default","ast-global-header-display":"","ast-banner-title-visibility":"","ast-main-header-display":"","ast-hfb-above-header-display":"","ast-hfb-below-header-display":"","ast-hfb-mobile-header-display":"","site-post-title":"","ast-breadcrumbs-content":"","ast-featured-img":"","footer-sml-layout":"","theme-transparent-header-meta":"default","adv-header-id-meta":"","stick-header-meta":"","header-above-stick-meta":"","header-main-stick-meta":"","header-below-stick-meta":"","astra-migrate-meta-layouts":"default","ast-page-background-enabled":"default","ast-page-background-meta":{"desktop":{"background-color":"","background-image":"","background-repeat":"repeat","background-position":"center center","background-size":"auto","background-attachment":"scroll","background-type":"","background-media":"","overlay-type":"","overlay-color":"","overlay-opacity":"","overlay-gradient":""},"tablet":{"background-color":"","background-image":"","background-repeat":"repeat","background-position":"center center","background-size":"auto","background-attachment":"scroll","background-type":"","background-media":"","overlay-type":"","overlay-color":"","overlay-opacity":"","overlay-gradient":""},"mobile":{"background-color":"","background-image":"","background-repeat":"repeat","background-position":"center center","background-size":"auto","background-attachment":"scroll","background-type":"","background-media":"","overlay-type":"","overlay-color":"","overlay-opacity":"","overlay-gradient":""}},"ast-content-background-meta":{"desktop":{"background-color":"var(--ast-global-color-5)","background-image":"","background-repeat":"repeat","background-position":"center center","background-size":"auto","background-attachment":"scroll","background-type":"","background-media":"","overlay-type":"","overlay-color":"","overlay-opacity":"","overlay-gradient":""},"tablet":{"background-color":"var(--ast-global-color-5)","background-image":"","background-repeat":"repeat","background-position":"center center","background-size":"auto","background-attachment":"scroll","background-type":"","background-media":"","overlay-type":"","overlay-color":"","overlay-opacity":"","overlay-gradient":""},"mobile":{"background-color":"var(--ast-global-color-5)","background-image":"","background-repeat":"repeat","background-position":"center center","background-size":"auto","background-attachment":"scroll","background-type":"","background-media":"","overlay-type":"","overlay-color":"","overlay-opacity":"","overlay-gradient":""}}},"product_brand":[],"product_cat":[831,844,826,836,842,827,825,832],"product_tag":[2041,2043,2042],"class_list":{"0":"post-21106","1":"product","2":"type-product","3":"status-publish","4":"has-post-thumbnail","6":"product_cat-high-temperature-cable-vi","7":"product_cat-teflon-cable-vi","8":"product_cat-customized-cable-vi","9":"product_cat-oil-gas-vi","10":"product_cat-rail-way-vi","11":"product_cat-enstandard-cable-vi","12":"product_cat-aviation-vi","13":"product_cat-ice-standard-vi","14":"product_tag-cap-nhiet-do-cuc-cao","15":"product_tag-chiu-duoc-nhiet-do-toi-1200oc","16":"product_tag-gn1200-vi","17":"desktop-align-center","18":"tablet-align-left","19":"mobile-align-left","21":"first","22":"instock","23":"shipping-taxable","24":"product-type-simple"},"yoast_head":"<!-- This site is optimized with the Yoast SEO plugin v27.4 - https:\/\/yoast.com\/product\/yoast-seo-wordpress\/ -->\n<title>C\u00e1p nhi\u1ec7t \u0111\u1ed9 c\u1ef1c cao GN1200 ch\u1ecbu nhi\u1ec7t \u0111\u1ed9 t\u1edbi 1200oC<\/title>\n<meta name=\"description\" content=\"C\u00e1p nhi\u1ec7t \u0111\u1ed9 c\u1ef1c cao l\u00e0 d\u00e2y v\u00e0 c\u00e1p \u0111\u01b0\u1ee3c s\u1eed d\u1ee5ng trong c\u00e1c thi\u1ebft b\u1ecb \u0111i\u1ec7n kh\u00e1c nhau c\u00f3 y\u00eau c\u1ea7u ch\u1ed1ng ch\u00e1y trong c\u00e1c m\u00f4i tr\u01b0\u1eddng \u0111\u1eb7c bi\u1ec7t nh\u01b0 luy\u1ec7n kim.\" \/>\n<meta name=\"robots\" content=\"index, follow, max-snippet:-1, max-image-preview:large, max-video-preview:-1\" \/>\n<link rel=\"canonical\" href=\"https:\/\/www.tstcables.com\/vi\/product\/cap-nhiet-do-cuc-cao-gn1200-chiu-nhiet-do-1200oc\/\" \/>\n<meta property=\"og:locale\" content=\"vi_VN\" \/>\n<meta property=\"og:type\" content=\"article\" \/>\n<meta property=\"og:title\" content=\"C\u00e1p nhi\u1ec7t \u0111\u1ed9 c\u1ef1c cao GN1200 ch\u1ecbu nhi\u1ec7t \u0111\u1ed9 t\u1edbi 1200oC\" \/>\n<meta property=\"og:description\" content=\"C\u00e1p nhi\u1ec7t \u0111\u1ed9 c\u1ef1c cao l\u00e0 d\u00e2y v\u00e0 c\u00e1p \u0111\u01b0\u1ee3c s\u1eed d\u1ee5ng trong c\u00e1c thi\u1ebft b\u1ecb \u0111i\u1ec7n kh\u00e1c nhau c\u00f3 y\u00eau c\u1ea7u ch\u1ed1ng ch\u00e1y trong c\u00e1c m\u00f4i tr\u01b0\u1eddng \u0111\u1eb7c bi\u1ec7t nh\u01b0 luy\u1ec7n kim.\" \/>\n<meta property=\"og:url\" content=\"https:\/\/www.tstcables.com\/vi\/product\/cap-nhiet-do-cuc-cao-gn1200-chiu-nhiet-do-1200oc\/\" \/>\n<meta property=\"og:site_name\" content=\"TST CABLES supplier &amp; Manufacture\" \/>\n<meta property=\"og:image\" content=\"https:\/\/www.tstcables.com\/wp-content\/uploads\/2024\/03\/2-1.webp\" \/>\n\t<meta property=\"og:image:width\" content=\"640\" \/>\n\t<meta property=\"og:image:height\" content=\"640\" \/>\n\t<meta property=\"og:image:type\" content=\"image\/webp\" \/>\n<meta name=\"twitter:card\" content=\"summary_large_image\" \/>\n<meta name=\"twitter:label1\" content=\"Est. reading time\" \/>\n\t<meta name=\"twitter:data1\" content=\"2 minutes\" \/>\n<script type=\"application\/ld+json\" class=\"yoast-schema-graph\">{\"@context\":\"https:\\\/\\\/schema.org\",\"@graph\":[{\"@type\":\"WebPage\",\"@id\":\"https:\\\/\\\/www.tstcables.com\\\/vi\\\/product\\\/cap-nhiet-do-cuc-cao-gn1200-chiu-nhiet-do-1200oc\\\/\",\"url\":\"https:\\\/\\\/www.tstcables.com\\\/vi\\\/product\\\/cap-nhiet-do-cuc-cao-gn1200-chiu-nhiet-do-1200oc\\\/\",\"name\":\"C\u00e1p nhi\u1ec7t \u0111\u1ed9 c\u1ef1c cao GN1200 ch\u1ecbu nhi\u1ec7t \u0111\u1ed9 t\u1edbi 1200oC\",\"isPartOf\":{\"@id\":\"https:\\\/\\\/www.tstcables.com\\\/vi\\\/#website\"},\"primaryImageOfPage\":{\"@id\":\"https:\\\/\\\/www.tstcables.com\\\/vi\\\/product\\\/cap-nhiet-do-cuc-cao-gn1200-chiu-nhiet-do-1200oc\\\/#primaryimage\"},\"image\":{\"@id\":\"https:\\\/\\\/www.tstcables.com\\\/vi\\\/product\\\/cap-nhiet-do-cuc-cao-gn1200-chiu-nhiet-do-1200oc\\\/#primaryimage\"},\"thumbnailUrl\":\"https:\\\/\\\/www.tstcables.com\\\/wp-content\\\/uploads\\\/2024\\\/03\\\/2-1.webp\",\"datePublished\":\"2024-03-22T08:54:48+00:00\",\"description\":\"C\u00e1p nhi\u1ec7t \u0111\u1ed9 c\u1ef1c cao l\u00e0 d\u00e2y v\u00e0 c\u00e1p \u0111\u01b0\u1ee3c s\u1eed d\u1ee5ng trong c\u00e1c thi\u1ebft b\u1ecb \u0111i\u1ec7n kh\u00e1c nhau c\u00f3 y\u00eau c\u1ea7u ch\u1ed1ng ch\u00e1y trong c\u00e1c m\u00f4i tr\u01b0\u1eddng \u0111\u1eb7c bi\u1ec7t nh\u01b0 luy\u1ec7n kim.\",\"breadcrumb\":{\"@id\":\"https:\\\/\\\/www.tstcables.com\\\/vi\\\/product\\\/cap-nhiet-do-cuc-cao-gn1200-chiu-nhiet-do-1200oc\\\/#breadcrumb\"},\"inLanguage\":\"vi-VN\",\"potentialAction\":[{\"@type\":\"ReadAction\",\"target\":[\"https:\\\/\\\/www.tstcables.com\\\/vi\\\/product\\\/cap-nhiet-do-cuc-cao-gn1200-chiu-nhiet-do-1200oc\\\/\"]}]},{\"@type\":\"ImageObject\",\"inLanguage\":\"vi-VN\",\"@id\":\"https:\\\/\\\/www.tstcables.com\\\/vi\\\/product\\\/cap-nhiet-do-cuc-cao-gn1200-chiu-nhiet-do-1200oc\\\/#primaryimage\",\"url\":\"https:\\\/\\\/www.tstcables.com\\\/wp-content\\\/uploads\\\/2024\\\/03\\\/2-1.webp\",\"contentUrl\":\"https:\\\/\\\/www.tstcables.com\\\/wp-content\\\/uploads\\\/2024\\\/03\\\/2-1.webp\",\"width\":640,\"height\":640,\"caption\":\"EV New Energy Vehicle High Voltage Silicone Wire & Cable\"},{\"@type\":\"BreadcrumbList\",\"@id\":\"https:\\\/\\\/www.tstcables.com\\\/vi\\\/product\\\/cap-nhiet-do-cuc-cao-gn1200-chiu-nhiet-do-1200oc\\\/#breadcrumb\",\"itemListElement\":[{\"@type\":\"ListItem\",\"position\":1,\"name\":\"\u9996\u9875\",\"item\":\"https:\\\/\\\/www.tstcables.com\\\/vi\\\/\"},{\"@type\":\"ListItem\",\"position\":2,\"name\":\"Product\",\"item\":\"https:\\\/\\\/www.tstcables.com\\\/product\\\/\"},{\"@type\":\"ListItem\",\"position\":3,\"name\":\"C\u00e1p nhi\u1ec7t \u0111\u1ed9 c\u1ef1c cao GN1200 ch\u1ecbu nhi\u1ec7t \u0111\u1ed9 1200oC\"}]},{\"@type\":\"WebSite\",\"@id\":\"https:\\\/\\\/www.tstcables.com\\\/vi\\\/#website\",\"url\":\"https:\\\/\\\/www.tstcables.com\\\/vi\\\/\",\"name\":\"TST Cable supplier & Manufacture\",\"description\":\"TST CABLES  supplier &amp; Manufacture official website\",\"publisher\":{\"@id\":\"https:\\\/\\\/www.tstcables.com\\\/vi\\\/#organization\"},\"potentialAction\":[{\"@type\":\"SearchAction\",\"target\":{\"@type\":\"EntryPoint\",\"urlTemplate\":\"https:\\\/\\\/www.tstcables.com\\\/vi\\\/?s={search_term_string}\"},\"query-input\":{\"@type\":\"PropertyValueSpecification\",\"valueRequired\":true,\"valueName\":\"search_term_string\"}}],\"inLanguage\":\"vi-VN\"},{\"@type\":\"Organization\",\"@id\":\"https:\\\/\\\/www.tstcables.com\\\/vi\\\/#organization\",\"name\":\"TST Cable supplier & Manufacture\",\"url\":\"https:\\\/\\\/www.tstcables.com\\\/vi\\\/\",\"logo\":{\"@type\":\"ImageObject\",\"inLanguage\":\"vi-VN\",\"@id\":\"https:\\\/\\\/www.tstcables.com\\\/vi\\\/#\\\/schema\\\/logo\\\/image\\\/\",\"url\":\"https:\\\/\\\/www.tstcables.com\\\/wp-content\\\/uploads\\\/2024\\\/04\\\/cropped-\u753b\u677f-1-\u62f7\u8d1d-4-1.png\",\"contentUrl\":\"https:\\\/\\\/www.tstcables.com\\\/wp-content\\\/uploads\\\/2024\\\/04\\\/cropped-\u753b\u677f-1-\u62f7\u8d1d-4-1.png\",\"width\":300,\"height\":100,\"caption\":\"TST Cable supplier & Manufacture\"},\"image\":{\"@id\":\"https:\\\/\\\/www.tstcables.com\\\/vi\\\/#\\\/schema\\\/logo\\\/image\\\/\"}}]}<\/script>\n<!-- \/ Yoast SEO plugin. -->","yoast_head_json":{"title":"C\u00e1p nhi\u1ec7t \u0111\u1ed9 c\u1ef1c cao GN1200 ch\u1ecbu nhi\u1ec7t \u0111\u1ed9 t\u1edbi 1200oC","description":"C\u00e1p nhi\u1ec7t \u0111\u1ed9 c\u1ef1c cao l\u00e0 d\u00e2y v\u00e0 c\u00e1p \u0111\u01b0\u1ee3c s\u1eed d\u1ee5ng trong c\u00e1c thi\u1ebft b\u1ecb \u0111i\u1ec7n kh\u00e1c nhau c\u00f3 y\u00eau c\u1ea7u ch\u1ed1ng ch\u00e1y trong c\u00e1c m\u00f4i tr\u01b0\u1eddng \u0111\u1eb7c bi\u1ec7t nh\u01b0 luy\u1ec7n kim.","robots":{"index":"index","follow":"follow","max-snippet":"max-snippet:-1","max-image-preview":"max-image-preview:large","max-video-preview":"max-video-preview:-1"},"canonical":"https:\/\/www.tstcables.com\/vi\/product\/cap-nhiet-do-cuc-cao-gn1200-chiu-nhiet-do-1200oc\/","og_locale":"vi_VN","og_type":"article","og_title":"C\u00e1p nhi\u1ec7t \u0111\u1ed9 c\u1ef1c cao GN1200 ch\u1ecbu nhi\u1ec7t \u0111\u1ed9 t\u1edbi 1200oC","og_description":"C\u00e1p nhi\u1ec7t \u0111\u1ed9 c\u1ef1c cao l\u00e0 d\u00e2y v\u00e0 c\u00e1p \u0111\u01b0\u1ee3c s\u1eed d\u1ee5ng trong c\u00e1c thi\u1ebft b\u1ecb \u0111i\u1ec7n kh\u00e1c nhau c\u00f3 y\u00eau c\u1ea7u ch\u1ed1ng ch\u00e1y trong c\u00e1c m\u00f4i tr\u01b0\u1eddng \u0111\u1eb7c bi\u1ec7t nh\u01b0 luy\u1ec7n kim.","og_url":"https:\/\/www.tstcables.com\/vi\/product\/cap-nhiet-do-cuc-cao-gn1200-chiu-nhiet-do-1200oc\/","og_site_name":"TST CABLES supplier &amp; Manufacture","og_image":[{"width":640,"height":640,"url":"https:\/\/www.tstcables.com\/wp-content\/uploads\/2024\/03\/2-1.webp","type":"image\/webp"}],"twitter_card":"summary_large_image","twitter_misc":{"Est. reading time":"2 minutes"},"schema":{"@context":"https:\/\/schema.org","@graph":[{"@type":"WebPage","@id":"https:\/\/www.tstcables.com\/vi\/product\/cap-nhiet-do-cuc-cao-gn1200-chiu-nhiet-do-1200oc\/","url":"https:\/\/www.tstcables.com\/vi\/product\/cap-nhiet-do-cuc-cao-gn1200-chiu-nhiet-do-1200oc\/","name":"C\u00e1p nhi\u1ec7t \u0111\u1ed9 c\u1ef1c cao GN1200 ch\u1ecbu nhi\u1ec7t \u0111\u1ed9 t\u1edbi 1200oC","isPartOf":{"@id":"https:\/\/www.tstcables.com\/vi\/#website"},"primaryImageOfPage":{"@id":"https:\/\/www.tstcables.com\/vi\/product\/cap-nhiet-do-cuc-cao-gn1200-chiu-nhiet-do-1200oc\/#primaryimage"},"image":{"@id":"https:\/\/www.tstcables.com\/vi\/product\/cap-nhiet-do-cuc-cao-gn1200-chiu-nhiet-do-1200oc\/#primaryimage"},"thumbnailUrl":"https:\/\/www.tstcables.com\/wp-content\/uploads\/2024\/03\/2-1.webp","datePublished":"2024-03-22T08:54:48+00:00","description":"C\u00e1p nhi\u1ec7t \u0111\u1ed9 c\u1ef1c cao l\u00e0 d\u00e2y v\u00e0 c\u00e1p \u0111\u01b0\u1ee3c s\u1eed d\u1ee5ng trong c\u00e1c thi\u1ebft b\u1ecb \u0111i\u1ec7n kh\u00e1c nhau c\u00f3 y\u00eau c\u1ea7u ch\u1ed1ng ch\u00e1y trong c\u00e1c m\u00f4i tr\u01b0\u1eddng \u0111\u1eb7c bi\u1ec7t nh\u01b0 luy\u1ec7n kim.","breadcrumb":{"@id":"https:\/\/www.tstcables.com\/vi\/product\/cap-nhiet-do-cuc-cao-gn1200-chiu-nhiet-do-1200oc\/#breadcrumb"},"inLanguage":"vi-VN","potentialAction":[{"@type":"ReadAction","target":["https:\/\/www.tstcables.com\/vi\/product\/cap-nhiet-do-cuc-cao-gn1200-chiu-nhiet-do-1200oc\/"]}]},{"@type":"ImageObject","inLanguage":"vi-VN","@id":"https:\/\/www.tstcables.com\/vi\/product\/cap-nhiet-do-cuc-cao-gn1200-chiu-nhiet-do-1200oc\/#primaryimage","url":"https:\/\/www.tstcables.com\/wp-content\/uploads\/2024\/03\/2-1.webp","contentUrl":"https:\/\/www.tstcables.com\/wp-content\/uploads\/2024\/03\/2-1.webp","width":640,"height":640,"caption":"EV New Energy Vehicle High Voltage Silicone Wire & Cable"},{"@type":"BreadcrumbList","@id":"https:\/\/www.tstcables.com\/vi\/product\/cap-nhiet-do-cuc-cao-gn1200-chiu-nhiet-do-1200oc\/#breadcrumb","itemListElement":[{"@type":"ListItem","position":1,"name":"\u9996\u9875","item":"https:\/\/www.tstcables.com\/vi\/"},{"@type":"ListItem","position":2,"name":"Product","item":"https:\/\/www.tstcables.com\/product\/"},{"@type":"ListItem","position":3,"name":"C\u00e1p nhi\u1ec7t \u0111\u1ed9 c\u1ef1c cao GN1200 ch\u1ecbu nhi\u1ec7t \u0111\u1ed9 1200oC"}]},{"@type":"WebSite","@id":"https:\/\/www.tstcables.com\/vi\/#website","url":"https:\/\/www.tstcables.com\/vi\/","name":"TST Cable supplier & Manufacture","description":"TST CABLES  supplier &amp; Manufacture official website","publisher":{"@id":"https:\/\/www.tstcables.com\/vi\/#organization"},"potentialAction":[{"@type":"SearchAction","target":{"@type":"EntryPoint","urlTemplate":"https:\/\/www.tstcables.com\/vi\/?s={search_term_string}"},"query-input":{"@type":"PropertyValueSpecification","valueRequired":true,"valueName":"search_term_string"}}],"inLanguage":"vi-VN"},{"@type":"Organization","@id":"https:\/\/www.tstcables.com\/vi\/#organization","name":"TST Cable supplier & Manufacture","url":"https:\/\/www.tstcables.com\/vi\/","logo":{"@type":"ImageObject","inLanguage":"vi-VN","@id":"https:\/\/www.tstcables.com\/vi\/#\/schema\/logo\/image\/","url":"https:\/\/www.tstcables.com\/wp-content\/uploads\/2024\/04\/cropped-\u753b\u677f-1-\u62f7\u8d1d-4-1.png","contentUrl":"https:\/\/www.tstcables.com\/wp-content\/uploads\/2024\/04\/cropped-\u753b\u677f-1-\u62f7\u8d1d-4-1.png","width":300,"height":100,"caption":"TST Cable supplier & Manufacture"},"image":{"@id":"https:\/\/www.tstcables.com\/vi\/#\/schema\/logo\/image\/"}}]}},"_links":{"self":[{"href":"https:\/\/www.tstcables.com\/vi\/wp-json\/wp\/v2\/product\/21106","targetHints":{"allow":["GET"]}}],"collection":[{"href":"https:\/\/www.tstcables.com\/vi\/wp-json\/wp\/v2\/product"}],"about":[{"href":"https:\/\/www.tstcables.com\/vi\/wp-json\/wp\/v2\/types\/product"}],"version-history":[{"count":0,"href":"https:\/\/www.tstcables.com\/vi\/wp-json\/wp\/v2\/product\/21106\/revisions"}],"wp:featuredmedia":[{"embeddable":true,"href":"https:\/\/www.tstcables.com\/vi\/wp-json\/wp\/v2\/media\/13328"}],"wp:attachment":[{"href":"https:\/\/www.tstcables.com\/vi\/wp-json\/wp\/v2\/media?parent=21106"}],"wp:term":[{"taxonomy":"product_brand","embeddable":true,"href":"https:\/\/www.tstcables.com\/vi\/wp-json\/wp\/v2\/product_brand?post=21106"},{"taxonomy":"product_cat","embeddable":true,"href":"https:\/\/www.tstcables.com\/vi\/wp-json\/wp\/v2\/product_cat?post=21106"},{"taxonomy":"product_tag","embeddable":true,"href":"https:\/\/www.tstcables.com\/vi\/wp-json\/wp\/v2\/product_tag?post=21106"}],"curies":[{"name":"wp","href":"https:\/\/api.w.org\/{rel}","templated":true}]}}