{"id":21107,"date":"2024-03-22T17:23:38","date_gmt":"2024-03-22T09:23:38","guid":{"rendered":"https:\/\/www.tstcables.com\/product\/cap-day-nhiet-do-cao-500v-cap-chong-chay-enj500-03-dong-cap-nhiet-do-cuc-cao\/"},"modified":"2024-03-22T17:23:38","modified_gmt":"2024-03-22T09:23:38","slug":"cap-day-nhiet-do-cao-500v-cap-chong-chay-enj500-03-dong-cap-nhiet-do-cuc-cao","status":"publish","type":"product","link":"https:\/\/www.tstcables.com\/vi\/product\/cap-day-nhiet-do-cao-500v-cap-chong-chay-enj500-03-dong-cap-nhiet-do-cuc-cao\/","title":{"rendered":"C\u00e1p d\u00e2y nhi\u1ec7t \u0111\u1ed9 cao 500V C\u00e1p ch\u1ed1ng ch\u00e1y ENJ500-03 D\u00f2ng c\u00e1p nhi\u1ec7t \u0111\u1ed9 c\u1ef1c cao"},"content":{"rendered":"<p><strong><b>S\u1ed1 s\u1ea3n ph\u1ea9m<\/b><\/strong><\/p>\n<ul>\n<li>GNJ500-03<\/li>\n<\/ul>\n<p><strong><b>Ti\u00eau chu\u1ea9n c\u00f4ng nghi\u1ec7p<\/b><\/strong><\/p>\n<ul>\n<li>Q31\/0114000209C025-2017<\/li>\n<\/ul>\n<p><strong><b>T\u00ednh n\u0103ng s\u1ea3n ph\u1ea9m<\/b><\/strong><\/p>\n<ol>\n<li>\u0110i\u1ec7n \u00e1p \u0111\u1ecbnh m\u1ee9c: 300\/500V<\/li>\n<li>Nhi\u1ec7t \u0111\u1ed9 l\u00e0m vi\u1ec7c: 300oC (l\u00ean t\u1edbi 400oC trong th\u1eddi gian ng\u1eafn)<\/li>\n<li>D\u00e2y d\u1eabn: d\u00e2y niken nguy\u00ean ch\u1ea5t b\u1ecb m\u1eafc k\u1eb9t<\/li>\n<li>C\u00e1ch nhi\u1ec7t: b\u0103ng c\u00e1ch nhi\u1ec7t ch\u1ed1ng ch\u00e1y + b\u1ec7n s\u1ee3i th\u1ee7y tinh + b\u0103ng fluorophlogopite<\/li>\n<li>M\u00e0u tr\u1eafng<\/li>\n<\/ol>\n<p><strong><b>T\u00ednh n\u0103ng\/S\u1eed d\u1ee5ng<\/b><\/strong><\/p>\n<p>C\u00e1p d\u00e2y nhi\u1ec7t \u0111\u1ed9 cao c\u00f3 \u0111\u1eb7c t\u00ednh c\u00e1ch \u0111i\u1ec7n t\u1ed1t, \u0111i\u1ec7n tr\u1edf v\u00e0 ch\u1ecbu nhi\u1ec7t t\u1ed1t, t\u00ednh ch\u1ea5t c\u01a1 h\u1ecdc t\u1ed1t trong ph\u1ea1m vi 200 ~ 400oC v\u00e0 ch\u1ed1ng \u0103n m\u00f2n t\u1ed1t. N\u00f3 kh\u00f4ng h\u1ea5p th\u1ee5 n\u01b0\u1edbc, kh\u00f4ng ch\u00e1y v\u00e0 c\u00f3 \u0111\u1eb7c t\u00ednh t\u1ef1 d\u1eadp t\u1eaft ng\u1ecdn l\u1eeda. S\u1ea3n ph\u1ea9m n\u00e0y l\u00e0 d\u00e2y v\u00e0 c\u00e1p \u0111\u01b0\u1ee3c s\u1eed d\u1ee5ng trong c\u00e1c thi\u1ebft b\u1ecb \u0111i\u1ec7n kh\u00e1c nhau c\u00f3 y\u00eau c\u1ea7u ch\u1ed1ng ch\u00e1y trong c\u00e1c m\u00f4i tr\u01b0\u1eddng \u0111\u1eb7c bi\u1ec7t nh\u01b0 luy\u1ec7n kim, k\u1ef9 thu\u1eadt nhi\u1ec7t, d\u1ea7u kh\u00ed, c\u00f4ng nghi\u1ec7p h\u00f3a ch\u1ea5t, kh\u00ed \u0111\u1ed1t t\u1ef1 nhi\u00ean v\u00e0 d\u1ea7u h\u1ecfa.<\/p>\n<p><strong><b>Y\u00eau c\u1ea7u giao h\u00e0ng<\/b><\/strong><\/p>\n<p>Theo th\u1ecfa thu\u1eadn trong h\u1ee3p \u0111\u1ed3ng gi\u1eefa hai b\u00ean, \u0111\u01b0\u1ee3c ph\u00e9p giao \u0111o\u1ea1n ng\u1eafn kh\u00f4ng d\u01b0\u1edbi 10 m\u00e9t. S\u1ed1 l\u01b0\u1ee3ng c\u1ee7a n\u00f3 kh\u00f4ng \u0111\u01b0\u1ee3c v\u01b0\u1ee3t qu\u00e1 10% t\u1ed5ng th\u1eddi gian giao h\u00e0ng.<\/p>\n<p><strong><b>C\u00e1c th\u00f4ng s\u1ed1 k\u1ef9 thu\u1eadt<\/b><\/strong><\/p>\n<table class=\"tg\">\n<thead>\n<tr>\n<th class=\"tg-uzvj\" rowspan=\"3\">ch\u00e9o danh ngh\u0129a<br \/>\nti\u1ebft di\u1ec7n (mm2)<\/th>\n<th class=\"tg-uzvj\" rowspan=\"3\">Nh\u1ea1c tr\u01b0\u1edfng<\/p>\n<p>k\u1ebft c\u1ea5u<br \/>\nS\u1ed1 g\u1ed1c\/\u0111\u01b0\u1eddng k\u00ednh(mm)<\/th>\n<th class=\"tg-uzvj\" rowspan=\"3\">V\u1eadt li\u1ec7u c\u00e1ch nhi\u1ec7t<br \/>\n\u0111\u1ed9 d\u00e0y (mm)<\/th>\n<th class=\"tg-uzvj\" rowspan=\"3\">Ngo\u00e0i<br \/>\n\u0111\u01b0\u1eddng k\u00ednh<br \/>\nki\u1ec3m so\u00e1t (mm)<\/th>\n<th class=\"tg-wa1i\">d\u00e2y d\u1eabn DC<br \/>\ns\u1ee9c c\u1ea3n (Q\/km)<\/th>\n<th class=\"tg-wa1i\">\u0111\u00f3ng g\u00f3i<br \/>\nchi\u1ec1u d\u00e0i (m)<\/th>\n<\/tr>\n<tr>\n<th class=\"tg-wa1i\">200<\/th>\n<th class=\"tg-wa1i\">200<\/th>\n<\/tr>\n<tr>\n<th class=\"tg-wa1i\">200<\/th>\n<th class=\"tg-wa1i\">200<\/th>\n<\/tr>\n<\/thead>\n<tbody>\n<tr>\n<td class=\"tg-9wq8\">1<\/td>\n<td class=\"tg-c3ow\">32\/0.20<\/td>\n<td class=\"tg-9wq8\">0.4<\/td>\n<td class=\"tg-c3ow\">2.2\u58eb0.2<\/td>\n<td class=\"tg-nrix\">200<\/td>\n<td class=\"tg-nrix\">200<\/td>\n<\/tr>\n<tr>\n<td class=\"tg-9wq8\">1.25<\/td>\n<td class=\"tg-c3ow\">40\/0.20<\/td>\n<td class=\"tg-9wq8\">0.4<\/td>\n<td class=\"tg-c3ow\">2.4\u58eb0.2<\/td>\n<td class=\"tg-nrix\">200<\/td>\n<td class=\"tg-nrix\">200<\/td>\n<\/tr>\n<tr>\n<td class=\"tg-9wq8\">1.5<\/td>\n<td class=\"tg-c3ow\">48\/0.20<\/td>\n<td class=\"tg-9wq8\">0.4<\/td>\n<td class=\"tg-c3ow\">2.6\u571f0.2<\/td>\n<td class=\"tg-nrix\">200<\/td>\n<td class=\"tg-nrix\">100<\/td>\n<\/tr>\n<tr>\n<td class=\"tg-9wq8\">2.5<\/td>\n<td class=\"tg-c3ow\">35\/0.30<\/td>\n<td class=\"tg-9wq8\">0.4<\/td>\n<td class=\"tg-c3ow\">3.0\u571f0.3<\/td>\n<td class=\"tg-nrix\">100<\/td>\n<td class=\"tg-nrix\">100<\/td>\n<\/tr>\n<tr>\n<td class=\"tg-nrix\">4<\/td>\n<td class=\"tg-baqh\">56\/0.30<\/td>\n<td class=\"tg-nrix\">0.4<\/td>\n<td class=\"tg-baqh\">3.7\u00b10.3<\/td>\n<td class=\"tg-nrix\">100<\/td>\n<td class=\"tg-nrix\">100<\/td>\n<\/tr>\n<tr>\n<td class=\"tg-nrix\">6<\/td>\n<td class=\"tg-baqh\">84\/0.30<\/td>\n<td class=\"tg-nrix\">0.4<\/td>\n<td class=\"tg-baqh\">4.6\u58eb0.3<\/td>\n<td class=\"tg-nrix\">100<\/td>\n<td class=\"tg-nrix\">100<\/td>\n<\/tr>\n<tr>\n<td class=\"tg-nrix\">10<\/td>\n<td class=\"tg-baqh\">140\/0.30<\/td>\n<td class=\"tg-nrix\">0.4<\/td>\n<td class=\"tg-baqh\">5.6\u58eb0.3<\/td>\n<td class=\"tg-nrix\">100<\/td>\n<td class=\"tg-nrix\">100<\/td>\n<\/tr>\n<tr>\n<td class=\"tg-8d8j\" colspan=\"6\">L\u01b0u \u00fd: S\u1ea3n ph\u1ea9m c\u00f3 th\u00f4ng s\u1ed1 k\u1ef9 thu\u1eadt kh\u00e1c c\u00f3 th\u1ec3 \u0111\u01b0\u1ee3c s\u1ea3n xu\u1ea5t theo th\u1ecfa thu\u1eadn gi\u1eefa nh\u00e0 cung c\u1ea5p v\u00e0 ng\u01b0\u1eddi mua.<\/td>\n<\/tr>\n<\/tbody>\n<\/table>\n","protected":false},"excerpt":{"rendered":"<p>C\u00e1p d\u00e2y nhi\u1ec7t \u0111\u1ed9 cao l\u00e0 d\u00e2y v\u00e0 c\u00e1p \u0111\u01b0\u1ee3c s\u1eed d\u1ee5ng trong c\u00e1c thi\u1ebft b\u1ecb \u0111i\u1ec7n kh\u00e1c nhau c\u00f3 y\u00eau c\u1ea7u ch\u1ed1ng ch\u00e1y trong c\u00e1c m\u00f4i tr\u01b0\u1eddng \u0111\u1eb7c bi\u1ec7t nh\u01b0 luy\u1ec7n kim, k\u1ef9 thu\u1eadt nhi\u1ec7t, d\u1ea7u kh\u00ed, c\u00f4ng nghi\u1ec7p h\u00f3a ch\u1ea5t, kh\u00ed t\u1ef1 nhi\u00ean v\u00e0 d\u1ea7u h\u1ecfa.<\/p>\n","protected":false},"featured_media":12928,"template":"","meta":{"_eb_attr":"","site-sidebar-layout":"default","site-content-layout":"","ast-site-content-layout":"default","site-content-style":"default","site-sidebar-style":"default","ast-global-header-display":"","ast-banner-title-visibility":"","ast-main-header-display":"","ast-hfb-above-header-display":"","ast-hfb-below-header-display":"","ast-hfb-mobile-header-display":"","site-post-title":"","ast-breadcrumbs-content":"","ast-featured-img":"","footer-sml-layout":"","theme-transparent-header-meta":"default","adv-header-id-meta":"","stick-header-meta":"","header-above-stick-meta":"","header-main-stick-meta":"","header-below-stick-meta":"","astra-migrate-meta-layouts":"default","ast-page-background-enabled":"default","ast-page-background-meta":{"desktop":{"background-color":"","background-image":"","background-repeat":"repeat","background-position":"center center","background-size":"auto","background-attachment":"scroll","background-type":"","background-media":"","overlay-type":"","overlay-color":"","overlay-opacity":"","overlay-gradient":""},"tablet":{"background-color":"","background-image":"","background-repeat":"repeat","background-position":"center center","background-size":"auto","background-attachment":"scroll","background-type":"","background-media":"","overlay-type":"","overlay-color":"","overlay-opacity":"","overlay-gradient":""},"mobile":{"background-color":"","background-image":"","background-repeat":"repeat","background-position":"center center","background-size":"auto","background-attachment":"scroll","background-type":"","background-media":"","overlay-type":"","overlay-color":"","overlay-opacity":"","overlay-gradient":""}},"ast-content-background-meta":{"desktop":{"background-color":"var(--ast-global-color-5)","background-image":"","background-repeat":"repeat","background-position":"center center","background-size":"auto","background-attachment":"scroll","background-type":"","background-media":"","overlay-type":"","overlay-color":"","overlay-opacity":"","overlay-gradient":""},"tablet":{"background-color":"var(--ast-global-color-5)","background-image":"","background-repeat":"repeat","background-position":"center center","background-size":"auto","background-attachment":"scroll","background-type":"","background-media":"","overlay-type":"","overlay-color":"","overlay-opacity":"","overlay-gradient":""},"mobile":{"background-color":"var(--ast-global-color-5)","background-image":"","background-repeat":"repeat","background-position":"center center","background-size":"auto","background-attachment":"scroll","background-type":"","background-media":"","overlay-type":"","overlay-color":"","overlay-opacity":"","overlay-gradient":""}}},"product_brand":[],"product_cat":[831,844,826,836,842,827,834,825,835,832,847],"product_tag":[2045,2046,2036,2044],"class_list":{"0":"post-21107","1":"product","2":"type-product","3":"status-publish","4":"has-post-thumbnail","6":"product_cat-high-temperature-cable-vi","7":"product_cat-teflon-cable-vi","8":"product_cat-customized-cable-vi","9":"product_cat-oil-gas-vi","10":"product_cat-rail-way-vi","11":"product_cat-enstandard-cable-vi","12":"product_cat-marine-vi","13":"product_cat-aviation-vi","14":"product_cat-nuclear-vi","15":"product_cat-ice-standard-vi","16":"product_cat-wind-power-vi","17":"product_tag-cap-enj500-03","18":"product_tag-cap-nhiet-do-cuc-cao-vi","19":"product_tag-day-cap-nhiet-do-cao","20":"product_tag-gnj500-03-vi","21":"desktop-align-center","22":"tablet-align-left","23":"mobile-align-left","25":"first","26":"instock","27":"shipping-taxable","28":"product-type-simple"},"yoast_head":"<!-- This site is optimized with the Yoast SEO plugin v27.4 - https:\/\/yoast.com\/product\/yoast-seo-wordpress\/ -->\n<title>D\u00f2ng c\u00e1p &amp; d\u00e2y ch\u1ecbu nhi\u1ec7t \u0111\u1ed9 c\u1ef1c cao ENJ500-03<\/title>\n<meta name=\"description\" content=\"C\u00e1p d\u00e2y nhi\u1ec7t \u0111\u1ed9 cao l\u00e0 d\u00e2y v\u00e0 c\u00e1p \u0111\u01b0\u1ee3c s\u1eed d\u1ee5ng trong c\u00e1c thi\u1ebft b\u1ecb \u0111i\u1ec7n kh\u00e1c nhau c\u00f3 y\u00eau c\u1ea7u ch\u1ed1ng ch\u00e1y trong m\u00f4i tr\u01b0\u1eddng \u0111\u1eb7c bi\u1ec7t.\" \/>\n<meta name=\"robots\" content=\"index, follow, max-snippet:-1, max-image-preview:large, max-video-preview:-1\" \/>\n<link rel=\"canonical\" href=\"https:\/\/www.tstcables.com\/vi\/product\/cap-day-nhiet-do-cao-500v-cap-chong-chay-enj500-03-dong-cap-nhiet-do-cuc-cao\/\" \/>\n<meta property=\"og:locale\" content=\"vi_VN\" \/>\n<meta property=\"og:type\" content=\"article\" \/>\n<meta property=\"og:title\" content=\"D\u00f2ng c\u00e1p &amp; d\u00e2y ch\u1ecbu nhi\u1ec7t \u0111\u1ed9 c\u1ef1c cao ENJ500-03\" \/>\n<meta property=\"og:description\" content=\"C\u00e1p d\u00e2y nhi\u1ec7t \u0111\u1ed9 cao l\u00e0 d\u00e2y v\u00e0 c\u00e1p \u0111\u01b0\u1ee3c s\u1eed d\u1ee5ng trong c\u00e1c thi\u1ebft b\u1ecb \u0111i\u1ec7n kh\u00e1c nhau c\u00f3 y\u00eau c\u1ea7u ch\u1ed1ng ch\u00e1y trong m\u00f4i tr\u01b0\u1eddng \u0111\u1eb7c bi\u1ec7t.\" \/>\n<meta property=\"og:url\" content=\"https:\/\/www.tstcables.com\/vi\/product\/cap-day-nhiet-do-cao-500v-cap-chong-chay-enj500-03-dong-cap-nhiet-do-cuc-cao\/\" \/>\n<meta property=\"og:site_name\" content=\"TST CABLES supplier &amp; Manufacture\" \/>\n<meta property=\"og:image\" content=\"https:\/\/www.tstcables.com\/wp-content\/uploads\/2024\/03\/3-16.jpg\" \/>\n\t<meta property=\"og:image:width\" content=\"640\" \/>\n\t<meta property=\"og:image:height\" content=\"640\" \/>\n\t<meta property=\"og:image:type\" content=\"image\/jpeg\" \/>\n<meta name=\"twitter:card\" content=\"summary_large_image\" \/>\n<meta name=\"twitter:label1\" content=\"Est. reading time\" \/>\n\t<meta name=\"twitter:data1\" content=\"2 minutes\" \/>\n<script type=\"application\/ld+json\" class=\"yoast-schema-graph\">{\"@context\":\"https:\\\/\\\/schema.org\",\"@graph\":[{\"@type\":\"WebPage\",\"@id\":\"https:\\\/\\\/www.tstcables.com\\\/vi\\\/product\\\/cap-day-nhiet-do-cao-500v-cap-chong-chay-enj500-03-dong-cap-nhiet-do-cuc-cao\\\/\",\"url\":\"https:\\\/\\\/www.tstcables.com\\\/vi\\\/product\\\/cap-day-nhiet-do-cao-500v-cap-chong-chay-enj500-03-dong-cap-nhiet-do-cuc-cao\\\/\",\"name\":\"D\u00f2ng c\u00e1p & d\u00e2y ch\u1ecbu nhi\u1ec7t \u0111\u1ed9 c\u1ef1c cao ENJ500-03\",\"isPartOf\":{\"@id\":\"https:\\\/\\\/www.tstcables.com\\\/vi\\\/#website\"},\"primaryImageOfPage\":{\"@id\":\"https:\\\/\\\/www.tstcables.com\\\/vi\\\/product\\\/cap-day-nhiet-do-cao-500v-cap-chong-chay-enj500-03-dong-cap-nhiet-do-cuc-cao\\\/#primaryimage\"},\"image\":{\"@id\":\"https:\\\/\\\/www.tstcables.com\\\/vi\\\/product\\\/cap-day-nhiet-do-cao-500v-cap-chong-chay-enj500-03-dong-cap-nhiet-do-cuc-cao\\\/#primaryimage\"},\"thumbnailUrl\":\"https:\\\/\\\/www.tstcables.com\\\/wp-content\\\/uploads\\\/2024\\\/03\\\/3-16.jpg\",\"datePublished\":\"2024-03-22T09:23:38+00:00\",\"description\":\"C\u00e1p d\u00e2y nhi\u1ec7t \u0111\u1ed9 cao l\u00e0 d\u00e2y v\u00e0 c\u00e1p \u0111\u01b0\u1ee3c s\u1eed d\u1ee5ng trong c\u00e1c thi\u1ebft b\u1ecb \u0111i\u1ec7n kh\u00e1c nhau c\u00f3 y\u00eau c\u1ea7u ch\u1ed1ng ch\u00e1y trong m\u00f4i tr\u01b0\u1eddng \u0111\u1eb7c bi\u1ec7t.\",\"breadcrumb\":{\"@id\":\"https:\\\/\\\/www.tstcables.com\\\/vi\\\/product\\\/cap-day-nhiet-do-cao-500v-cap-chong-chay-enj500-03-dong-cap-nhiet-do-cuc-cao\\\/#breadcrumb\"},\"inLanguage\":\"vi-VN\",\"potentialAction\":[{\"@type\":\"ReadAction\",\"target\":[\"https:\\\/\\\/www.tstcables.com\\\/vi\\\/product\\\/cap-day-nhiet-do-cao-500v-cap-chong-chay-enj500-03-dong-cap-nhiet-do-cuc-cao\\\/\"]}]},{\"@type\":\"ImageObject\",\"inLanguage\":\"vi-VN\",\"@id\":\"https:\\\/\\\/www.tstcables.com\\\/vi\\\/product\\\/cap-day-nhiet-do-cao-500v-cap-chong-chay-enj500-03-dong-cap-nhiet-do-cuc-cao\\\/#primaryimage\",\"url\":\"https:\\\/\\\/www.tstcables.com\\\/wp-content\\\/uploads\\\/2024\\\/03\\\/3-16.jpg\",\"contentUrl\":\"https:\\\/\\\/www.tstcables.com\\\/wp-content\\\/uploads\\\/2024\\\/03\\\/3-16.jpg\",\"width\":640,\"height\":640,\"caption\":\"High Temperature Wire Cable\"},{\"@type\":\"BreadcrumbList\",\"@id\":\"https:\\\/\\\/www.tstcables.com\\\/vi\\\/product\\\/cap-day-nhiet-do-cao-500v-cap-chong-chay-enj500-03-dong-cap-nhiet-do-cuc-cao\\\/#breadcrumb\",\"itemListElement\":[{\"@type\":\"ListItem\",\"position\":1,\"name\":\"\u9996\u9875\",\"item\":\"https:\\\/\\\/www.tstcables.com\\\/vi\\\/\"},{\"@type\":\"ListItem\",\"position\":2,\"name\":\"Product\",\"item\":\"https:\\\/\\\/www.tstcables.com\\\/product\\\/\"},{\"@type\":\"ListItem\",\"position\":3,\"name\":\"C\u00e1p d\u00e2y nhi\u1ec7t \u0111\u1ed9 cao 500V C\u00e1p ch\u1ed1ng ch\u00e1y ENJ500-03 D\u00f2ng c\u00e1p nhi\u1ec7t \u0111\u1ed9 c\u1ef1c cao\"}]},{\"@type\":\"WebSite\",\"@id\":\"https:\\\/\\\/www.tstcables.com\\\/vi\\\/#website\",\"url\":\"https:\\\/\\\/www.tstcables.com\\\/vi\\\/\",\"name\":\"TST Cable supplier & Manufacture\",\"description\":\"TST CABLES  supplier &amp; Manufacture official website\",\"publisher\":{\"@id\":\"https:\\\/\\\/www.tstcables.com\\\/vi\\\/#organization\"},\"potentialAction\":[{\"@type\":\"SearchAction\",\"target\":{\"@type\":\"EntryPoint\",\"urlTemplate\":\"https:\\\/\\\/www.tstcables.com\\\/vi\\\/?s={search_term_string}\"},\"query-input\":{\"@type\":\"PropertyValueSpecification\",\"valueRequired\":true,\"valueName\":\"search_term_string\"}}],\"inLanguage\":\"vi-VN\"},{\"@type\":\"Organization\",\"@id\":\"https:\\\/\\\/www.tstcables.com\\\/vi\\\/#organization\",\"name\":\"TST Cable supplier & Manufacture\",\"url\":\"https:\\\/\\\/www.tstcables.com\\\/vi\\\/\",\"logo\":{\"@type\":\"ImageObject\",\"inLanguage\":\"vi-VN\",\"@id\":\"https:\\\/\\\/www.tstcables.com\\\/vi\\\/#\\\/schema\\\/logo\\\/image\\\/\",\"url\":\"https:\\\/\\\/www.tstcables.com\\\/wp-content\\\/uploads\\\/2024\\\/04\\\/cropped-\u753b\u677f-1-\u62f7\u8d1d-4-1.png\",\"contentUrl\":\"https:\\\/\\\/www.tstcables.com\\\/wp-content\\\/uploads\\\/2024\\\/04\\\/cropped-\u753b\u677f-1-\u62f7\u8d1d-4-1.png\",\"width\":300,\"height\":100,\"caption\":\"TST Cable supplier & Manufacture\"},\"image\":{\"@id\":\"https:\\\/\\\/www.tstcables.com\\\/vi\\\/#\\\/schema\\\/logo\\\/image\\\/\"}}]}<\/script>\n<!-- \/ Yoast SEO plugin. -->","yoast_head_json":{"title":"D\u00f2ng c\u00e1p & d\u00e2y ch\u1ecbu nhi\u1ec7t \u0111\u1ed9 c\u1ef1c cao ENJ500-03","description":"C\u00e1p d\u00e2y nhi\u1ec7t \u0111\u1ed9 cao l\u00e0 d\u00e2y v\u00e0 c\u00e1p \u0111\u01b0\u1ee3c s\u1eed d\u1ee5ng trong c\u00e1c thi\u1ebft b\u1ecb \u0111i\u1ec7n kh\u00e1c nhau c\u00f3 y\u00eau c\u1ea7u ch\u1ed1ng ch\u00e1y trong m\u00f4i tr\u01b0\u1eddng \u0111\u1eb7c bi\u1ec7t.","robots":{"index":"index","follow":"follow","max-snippet":"max-snippet:-1","max-image-preview":"max-image-preview:large","max-video-preview":"max-video-preview:-1"},"canonical":"https:\/\/www.tstcables.com\/vi\/product\/cap-day-nhiet-do-cao-500v-cap-chong-chay-enj500-03-dong-cap-nhiet-do-cuc-cao\/","og_locale":"vi_VN","og_type":"article","og_title":"D\u00f2ng c\u00e1p & d\u00e2y ch\u1ecbu nhi\u1ec7t \u0111\u1ed9 c\u1ef1c cao ENJ500-03","og_description":"C\u00e1p d\u00e2y nhi\u1ec7t \u0111\u1ed9 cao l\u00e0 d\u00e2y v\u00e0 c\u00e1p \u0111\u01b0\u1ee3c s\u1eed d\u1ee5ng trong c\u00e1c thi\u1ebft b\u1ecb \u0111i\u1ec7n kh\u00e1c nhau c\u00f3 y\u00eau c\u1ea7u ch\u1ed1ng ch\u00e1y trong m\u00f4i tr\u01b0\u1eddng \u0111\u1eb7c bi\u1ec7t.","og_url":"https:\/\/www.tstcables.com\/vi\/product\/cap-day-nhiet-do-cao-500v-cap-chong-chay-enj500-03-dong-cap-nhiet-do-cuc-cao\/","og_site_name":"TST CABLES supplier &amp; Manufacture","og_image":[{"width":640,"height":640,"url":"https:\/\/www.tstcables.com\/wp-content\/uploads\/2024\/03\/3-16.jpg","type":"image\/jpeg"}],"twitter_card":"summary_large_image","twitter_misc":{"Est. reading time":"2 minutes"},"schema":{"@context":"https:\/\/schema.org","@graph":[{"@type":"WebPage","@id":"https:\/\/www.tstcables.com\/vi\/product\/cap-day-nhiet-do-cao-500v-cap-chong-chay-enj500-03-dong-cap-nhiet-do-cuc-cao\/","url":"https:\/\/www.tstcables.com\/vi\/product\/cap-day-nhiet-do-cao-500v-cap-chong-chay-enj500-03-dong-cap-nhiet-do-cuc-cao\/","name":"D\u00f2ng c\u00e1p & d\u00e2y ch\u1ecbu nhi\u1ec7t \u0111\u1ed9 c\u1ef1c cao ENJ500-03","isPartOf":{"@id":"https:\/\/www.tstcables.com\/vi\/#website"},"primaryImageOfPage":{"@id":"https:\/\/www.tstcables.com\/vi\/product\/cap-day-nhiet-do-cao-500v-cap-chong-chay-enj500-03-dong-cap-nhiet-do-cuc-cao\/#primaryimage"},"image":{"@id":"https:\/\/www.tstcables.com\/vi\/product\/cap-day-nhiet-do-cao-500v-cap-chong-chay-enj500-03-dong-cap-nhiet-do-cuc-cao\/#primaryimage"},"thumbnailUrl":"https:\/\/www.tstcables.com\/wp-content\/uploads\/2024\/03\/3-16.jpg","datePublished":"2024-03-22T09:23:38+00:00","description":"C\u00e1p d\u00e2y nhi\u1ec7t \u0111\u1ed9 cao l\u00e0 d\u00e2y v\u00e0 c\u00e1p \u0111\u01b0\u1ee3c s\u1eed d\u1ee5ng trong c\u00e1c thi\u1ebft b\u1ecb \u0111i\u1ec7n kh\u00e1c nhau c\u00f3 y\u00eau c\u1ea7u ch\u1ed1ng ch\u00e1y trong m\u00f4i tr\u01b0\u1eddng \u0111\u1eb7c bi\u1ec7t.","breadcrumb":{"@id":"https:\/\/www.tstcables.com\/vi\/product\/cap-day-nhiet-do-cao-500v-cap-chong-chay-enj500-03-dong-cap-nhiet-do-cuc-cao\/#breadcrumb"},"inLanguage":"vi-VN","potentialAction":[{"@type":"ReadAction","target":["https:\/\/www.tstcables.com\/vi\/product\/cap-day-nhiet-do-cao-500v-cap-chong-chay-enj500-03-dong-cap-nhiet-do-cuc-cao\/"]}]},{"@type":"ImageObject","inLanguage":"vi-VN","@id":"https:\/\/www.tstcables.com\/vi\/product\/cap-day-nhiet-do-cao-500v-cap-chong-chay-enj500-03-dong-cap-nhiet-do-cuc-cao\/#primaryimage","url":"https:\/\/www.tstcables.com\/wp-content\/uploads\/2024\/03\/3-16.jpg","contentUrl":"https:\/\/www.tstcables.com\/wp-content\/uploads\/2024\/03\/3-16.jpg","width":640,"height":640,"caption":"High Temperature Wire Cable"},{"@type":"BreadcrumbList","@id":"https:\/\/www.tstcables.com\/vi\/product\/cap-day-nhiet-do-cao-500v-cap-chong-chay-enj500-03-dong-cap-nhiet-do-cuc-cao\/#breadcrumb","itemListElement":[{"@type":"ListItem","position":1,"name":"\u9996\u9875","item":"https:\/\/www.tstcables.com\/vi\/"},{"@type":"ListItem","position":2,"name":"Product","item":"https:\/\/www.tstcables.com\/product\/"},{"@type":"ListItem","position":3,"name":"C\u00e1p d\u00e2y nhi\u1ec7t \u0111\u1ed9 cao 500V C\u00e1p ch\u1ed1ng ch\u00e1y ENJ500-03 D\u00f2ng c\u00e1p nhi\u1ec7t \u0111\u1ed9 c\u1ef1c cao"}]},{"@type":"WebSite","@id":"https:\/\/www.tstcables.com\/vi\/#website","url":"https:\/\/www.tstcables.com\/vi\/","name":"TST Cable supplier & Manufacture","description":"TST CABLES  supplier &amp; Manufacture official website","publisher":{"@id":"https:\/\/www.tstcables.com\/vi\/#organization"},"potentialAction":[{"@type":"SearchAction","target":{"@type":"EntryPoint","urlTemplate":"https:\/\/www.tstcables.com\/vi\/?s={search_term_string}"},"query-input":{"@type":"PropertyValueSpecification","valueRequired":true,"valueName":"search_term_string"}}],"inLanguage":"vi-VN"},{"@type":"Organization","@id":"https:\/\/www.tstcables.com\/vi\/#organization","name":"TST Cable supplier & Manufacture","url":"https:\/\/www.tstcables.com\/vi\/","logo":{"@type":"ImageObject","inLanguage":"vi-VN","@id":"https:\/\/www.tstcables.com\/vi\/#\/schema\/logo\/image\/","url":"https:\/\/www.tstcables.com\/wp-content\/uploads\/2024\/04\/cropped-\u753b\u677f-1-\u62f7\u8d1d-4-1.png","contentUrl":"https:\/\/www.tstcables.com\/wp-content\/uploads\/2024\/04\/cropped-\u753b\u677f-1-\u62f7\u8d1d-4-1.png","width":300,"height":100,"caption":"TST Cable supplier & Manufacture"},"image":{"@id":"https:\/\/www.tstcables.com\/vi\/#\/schema\/logo\/image\/"}}]}},"_links":{"self":[{"href":"https:\/\/www.tstcables.com\/vi\/wp-json\/wp\/v2\/product\/21107","targetHints":{"allow":["GET"]}}],"collection":[{"href":"https:\/\/www.tstcables.com\/vi\/wp-json\/wp\/v2\/product"}],"about":[{"href":"https:\/\/www.tstcables.com\/vi\/wp-json\/wp\/v2\/types\/product"}],"version-history":[{"count":0,"href":"https:\/\/www.tstcables.com\/vi\/wp-json\/wp\/v2\/product\/21107\/revisions"}],"wp:featuredmedia":[{"embeddable":true,"href":"https:\/\/www.tstcables.com\/vi\/wp-json\/wp\/v2\/media\/12928"}],"wp:attachment":[{"href":"https:\/\/www.tstcables.com\/vi\/wp-json\/wp\/v2\/media?parent=21107"}],"wp:term":[{"taxonomy":"product_brand","embeddable":true,"href":"https:\/\/www.tstcables.com\/vi\/wp-json\/wp\/v2\/product_brand?post=21107"},{"taxonomy":"product_cat","embeddable":true,"href":"https:\/\/www.tstcables.com\/vi\/wp-json\/wp\/v2\/product_cat?post=21107"},{"taxonomy":"product_tag","embeddable":true,"href":"https:\/\/www.tstcables.com\/vi\/wp-json\/wp\/v2\/product_tag?post=21107"}],"curies":[{"name":"wp","href":"https:\/\/api.w.org\/{rel}","templated":true}]}}