{"id":21109,"date":"2024-03-22T17:57:59","date_gmt":"2024-03-22T09:57:59","guid":{"rendered":"https:\/\/www.tstcables.com\/product\/ak250-600v-kha-nang-chiu-nhiet-do-cao-va-thap-peek-cap-loi-don-ho-tro-tuy-chinh\/"},"modified":"2024-03-22T17:57:59","modified_gmt":"2024-03-22T09:57:59","slug":"ak250-600v-kha-nang-chiu-nhiet-do-cao-va-thap-peek-cap-loi-don-ho-tro-tuy-chinh","status":"publish","type":"product","link":"https:\/\/www.tstcables.com\/vi\/product\/ak250-600v-kha-nang-chiu-nhiet-do-cao-va-thap-peek-cap-loi-don-ho-tro-tuy-chinh\/","title":{"rendered":"AK250 600V Kh\u1ea3 n\u0103ng ch\u1ecbu nhi\u1ec7t \u0111\u1ed9 cao v\u00e0 th\u1ea5p PEEK C\u00e1p l\u00f5i \u0111\u01a1n H\u1ed7 tr\u1ee3 t\u00f9y ch\u1ec9nh"},"content":{"rendered":"<p>\u1ee8ng d\u1ee5ng:<\/p>\n<p>C\u00e1p l\u00f5i \u0111\u01a1n TH\/J-AK-250 PEEK, c\u00f3 kh\u1ea3 n\u0103ng ch\u1ecbu \u0111\u01b0\u1ee3c nhi\u1ec7t \u0111\u1ed9 cao l\u00ean t\u1edbi 250\u00b0C, \u0111\u01b0\u1ee3c s\u1eed d\u1ee5ng r\u1ed9ng r\u00e3i trong ng\u00e0nh h\u00e0ng kh\u00f4ng v\u0169 tr\u1ee5, h\u00e0ng kh\u00f4ng, m\u00e1y m\u00f3c cao c\u1ea5p, h\u00f3a ch\u1ea5t, c\u00f4ng nghi\u1ec7p h\u1ea1t nh\u00e2n, v\u1eadn t\u1ea3i \u0111\u01b0\u1eddng s\u1eaft v\u00e0 c\u00e1c l\u0129nh v\u1ef1c kh\u00e1c.<\/p>\n<p>\u0110\u1eb7c \u0111i\u1ec3m:<\/p>\n<ul>\n<li>Ph\u1ea1m vi nhi\u1ec7t \u0111\u1ed9: -60\u00b0C \u0111\u1ebfn +250\u00b0C<\/li>\n<li>\u0110i\u1ec7n \u00e1p \u0111\u1ecbnh m\u1ee9c: 600V<\/li>\n<li>Dung sai \u0111\u01b0\u1eddng k\u00ednh ngo\u00e0i: \u00b1 0,1mm<\/li>\n<li>M\u00e0u s\u1eafc: T\u00f9y ch\u1ec9nh.<\/li>\n<\/ul>\n<p style=\"font-size: 40px;\">Tham s\u1ed1 l\u1ef1a ch\u1ecdn<\/p>\n<table class=\"tg\">\n<thead>\n<tr>\n<th class=\"tg-nrix\">M\u1eb7t c\u1eaft danh ngh\u0129a (mm2)<\/th>\n<th class=\"tg-nrix\">S\u1ed1 c\u1ea5u tr\u00fac d\u00e2y d\u1eabn\/\u0111\u01b0\u1eddng k\u00ednh d\u00e2y (mm)<\/th>\n<th class=\"tg-nrix\">\u0110\u1ed9 d\u00e0y c\u00e1ch nhi\u1ec7t (mm)<\/th>\n<th class=\"tg-nrix\">\u0110\u01b0\u1eddng k\u00ednh ngo\u00e0i trung b\u00ecnh (mm)<\/th>\n<th class=\"tg-nrix\">\u0110i\u1ec7n tr\u1edf DC c\u1ee7a d\u00e2y d\u1eabn \u1edf 20oC (\u03a9\/km)<\/th>\n<\/tr>\n<\/thead>\n<tbody>\n<tr>\n<td class=\"tg-nrix\">0.12<\/td>\n<td class=\"tg-baqh\">7&#215;0.15<\/td>\n<td class=\"tg-nrix\">0.2<\/td>\n<td class=\"tg-nrix\">0.85<\/td>\n<td class=\"tg-nrix\">150<\/td>\n<\/tr>\n<tr>\n<td class=\"tg-nrix\">0.2<\/td>\n<td class=\"tg-baqh\">7&#215;0.20<\/td>\n<td class=\"tg-nrix\">0.2<\/td>\n<td class=\"tg-nrix\">1<\/td>\n<td class=\"tg-nrix\">83.5<\/td>\n<\/tr>\n<tr>\n<td class=\"tg-nrix\">0.35<\/td>\n<td class=\"tg-baqh\">19&#215;0.16<\/td>\n<td class=\"tg-nrix\">0.25<\/td>\n<td class=\"tg-nrix\">1.3<\/td>\n<td class=\"tg-nrix\">49.5<\/td>\n<\/tr>\n<tr>\n<td class=\"tg-nrix\">0.5<\/td>\n<td class=\"tg-baqh\">19&#215;0.18<\/td>\n<td class=\"tg-nrix\">0.25<\/td>\n<td class=\"tg-nrix\">1.4<\/td>\n<td class=\"tg-nrix\">36<\/td>\n<\/tr>\n<tr>\n<td class=\"tg-nrix\">0.75<\/td>\n<td class=\"tg-baqh\">19&#215;0.23<\/td>\n<td class=\"tg-nrix\">0.25<\/td>\n<td class=\"tg-nrix\">1.65<\/td>\n<td class=\"tg-nrix\">22.7<\/td>\n<\/tr>\n<tr>\n<td class=\"tg-nrix\">1<\/td>\n<td class=\"tg-baqh\">19&#215;0.26<\/td>\n<td class=\"tg-nrix\">0.25<\/td>\n<td class=\"tg-nrix\">1.8<\/td>\n<td class=\"tg-nrix\">19<\/td>\n<\/tr>\n<tr>\n<td class=\"tg-nrix\">1.2<\/td>\n<td class=\"tg-baqh\">19&#215;0.28<\/td>\n<td class=\"tg-nrix\">0.3<\/td>\n<td class=\"tg-nrix\">2<\/td>\n<td class=\"tg-nrix\">15.3<\/td>\n<\/tr>\n<tr>\n<td class=\"tg-nrix\">1.5<\/td>\n<td class=\"tg-baqh\">19&#215;0.32<\/td>\n<td class=\"tg-nrix\">0.3<\/td>\n<td class=\"tg-nrix\">2.2<\/td>\n<td class=\"tg-nrix\">11.7<\/td>\n<\/tr>\n<tr>\n<td class=\"tg-nrix\">2<\/td>\n<td class=\"tg-baqh\">19&#215;0.37<\/td>\n<td class=\"tg-nrix\">0.3<\/td>\n<td class=\"tg-nrix\">2.45<\/td>\n<td class=\"tg-nrix\">9.45<\/td>\n<\/tr>\n<tr>\n<td class=\"tg-nrix\">2.5<\/td>\n<td class=\"tg-baqh\">19&#215;0.41<\/td>\n<td class=\"tg-nrix\">0.35<\/td>\n<td class=\"tg-nrix\">2.75<\/td>\n<td class=\"tg-nrix\">6.86<\/td>\n<\/tr>\n<tr>\n<td class=\"tg-nrix\">4<\/td>\n<td class=\"tg-baqh\">37&#215;0.37<\/td>\n<td class=\"tg-nrix\">0.4<\/td>\n<td class=\"tg-nrix\">3.4<\/td>\n<td class=\"tg-nrix\">4.51<\/td>\n<\/tr>\n<tr>\n<td class=\"tg-nrix\">6<\/td>\n<td class=\"tg-baqh\">37&#215;0.45<\/td>\n<td class=\"tg-nrix\">0.4<\/td>\n<td class=\"tg-nrix\">4<\/td>\n<td class=\"tg-nrix\">3.05<\/td>\n<\/tr>\n<\/tbody>\n<\/table>\n","protected":false},"excerpt":{"rendered":"<p>C\u00e1p l\u00f5i \u0111\u01a1n TH\/J-AK-250 PEEK, c\u00f3 kh\u1ea3 n\u0103ng ch\u1ecbu \u0111\u01b0\u1ee3c nhi\u1ec7t \u0111\u1ed9 cao l\u00ean t\u1edbi 250\u00b0C, \u0111\u01b0\u1ee3c s\u1eed d\u1ee5ng r\u1ed9ng r\u00e3i trong ng\u00e0nh h\u00e0ng kh\u00f4ng v\u0169 tr\u1ee5, h\u00e0ng kh\u00f4ng, m\u00e1y m\u00f3c cao c\u1ea5p, h\u00f3a ch\u1ea5t, c\u00f4ng nghi\u1ec7p h\u1ea1t nh\u00e2n, v\u1eadn t\u1ea3i \u0111\u01b0\u1eddng s\u1eaft v\u00e0 c\u00e1c l\u0129nh v\u1ef1c kh\u00e1c.<\/p>\n","protected":false},"featured_media":9640,"template":"","meta":{"_eb_attr":"","site-sidebar-layout":"default","site-content-layout":"","ast-site-content-layout":"default","site-content-style":"default","site-sidebar-style":"default","ast-global-header-display":"","ast-banner-title-visibility":"","ast-main-header-display":"","ast-hfb-above-header-display":"","ast-hfb-below-header-display":"","ast-hfb-mobile-header-display":"","site-post-title":"","ast-breadcrumbs-content":"","ast-featured-img":"","footer-sml-layout":"","theme-transparent-header-meta":"default","adv-header-id-meta":"","stick-header-meta":"","header-above-stick-meta":"","header-main-stick-meta":"","header-below-stick-meta":"","astra-migrate-meta-layouts":"default","ast-page-background-enabled":"default","ast-page-background-meta":{"desktop":{"background-color":"","background-image":"","background-repeat":"repeat","background-position":"center center","background-size":"auto","background-attachment":"scroll","background-type":"","background-media":"","overlay-type":"","overlay-color":"","overlay-opacity":"","overlay-gradient":""},"tablet":{"background-color":"","background-image":"","background-repeat":"repeat","background-position":"center center","background-size":"auto","background-attachment":"scroll","background-type":"","background-media":"","overlay-type":"","overlay-color":"","overlay-opacity":"","overlay-gradient":""},"mobile":{"background-color":"","background-image":"","background-repeat":"repeat","background-position":"center center","background-size":"auto","background-attachment":"scroll","background-type":"","background-media":"","overlay-type":"","overlay-color":"","overlay-opacity":"","overlay-gradient":""}},"ast-content-background-meta":{"desktop":{"background-color":"var(--ast-global-color-5)","background-image":"","background-repeat":"repeat","background-position":"center center","background-size":"auto","background-attachment":"scroll","background-type":"","background-media":"","overlay-type":"","overlay-color":"","overlay-opacity":"","overlay-gradient":""},"tablet":{"background-color":"var(--ast-global-color-5)","background-image":"","background-repeat":"repeat","background-position":"center center","background-size":"auto","background-attachment":"scroll","background-type":"","background-media":"","overlay-type":"","overlay-color":"","overlay-opacity":"","overlay-gradient":""},"mobile":{"background-color":"var(--ast-global-color-5)","background-image":"","background-repeat":"repeat","background-position":"center center","background-size":"auto","background-attachment":"scroll","background-type":"","background-media":"","overlay-type":"","overlay-color":"","overlay-opacity":"","overlay-gradient":""}}},"product_brand":[],"product_cat":[831,1989,826,836,842,827,828,829,834,825,835,832,1998,847],"product_tag":[1940,2036,2037],"class_list":{"0":"post-21109","1":"product","2":"type-product","3":"status-publish","4":"has-post-thumbnail","6":"product_cat-high-temperature-cable-vi","7":"product_cat-cap-peek","8":"product_cat-customized-cable-vi","9":"product_cat-oil-gas-vi","10":"product_cat-rail-way-vi","11":"product_cat-enstandard-cable-vi","12":"product_cat-en50264-vi","13":"product_cat-en50306-vi","14":"product_cat-marine-vi","15":"product_cat-aviation-vi","16":"product_cat-nuclear-vi","17":"product_cat-ice-standard-vi","18":"product_cat-khoi-luong-kg-km","19":"product_cat-wind-power-vi","20":"product_tag-day-cap-loi-don","21":"product_tag-day-cap-nhiet-do-cao","22":"product_tag-day-cap-peek","23":"desktop-align-center","24":"tablet-align-left","25":"mobile-align-left","27":"first","28":"instock","29":"shipping-taxable","30":"product-type-simple"},"yoast_head":"<!-- This site is optimized with the Yoast SEO plugin v27.4 - https:\/\/yoast.com\/product\/yoast-seo-wordpress\/ -->\n<title>AK250 600V Kh\u1ea3 n\u0103ng ch\u1ecbu nhi\u1ec7t \u0111\u1ed9 cao v\u00e0 th\u1ea5p PEEK C\u00e1p l\u00f5i \u0111\u01a1n H\u1ed7 tr\u1ee3 t\u00f9y ch\u1ec9nh - TST CABLES supplier &amp; Manufacture<\/title>\n<meta name=\"description\" content=\"C\u00e1p l\u00f5i \u0111\u01a1n TH\/J-AK-250 PEEK, c\u00f3 kh\u1ea3 n\u0103ng ch\u1ecbu \u0111\u01b0\u1ee3c nhi\u1ec7t \u0111\u1ed9 cao l\u00ean t\u1edbi 250\u00b0C, \u0111\u01b0\u1ee3c s\u1eed d\u1ee5ng r\u1ed9ng r\u00e3i trong ng\u00e0nh h\u00e0ng kh\u00f4ng v\u0169 tr\u1ee5 v\u00e0 c\u00e1c l\u0129nh v\u1ef1c kh\u00e1c.\" \/>\n<meta name=\"robots\" content=\"index, follow, max-snippet:-1, max-image-preview:large, max-video-preview:-1\" \/>\n<link rel=\"canonical\" href=\"https:\/\/www.tstcables.com\/vi\/product\/ak250-600v-kha-nang-chiu-nhiet-do-cao-va-thap-peek-cap-loi-don-ho-tro-tuy-chinh\/\" \/>\n<meta property=\"og:locale\" content=\"vi_VN\" \/>\n<meta property=\"og:type\" content=\"article\" \/>\n<meta property=\"og:title\" content=\"AK250 600V Kh\u1ea3 n\u0103ng ch\u1ecbu nhi\u1ec7t \u0111\u1ed9 cao v\u00e0 th\u1ea5p PEEK C\u00e1p l\u00f5i \u0111\u01a1n H\u1ed7 tr\u1ee3 t\u00f9y ch\u1ec9nh - TST CABLES supplier &amp; Manufacture\" \/>\n<meta property=\"og:description\" content=\"C\u00e1p l\u00f5i \u0111\u01a1n TH\/J-AK-250 PEEK, c\u00f3 kh\u1ea3 n\u0103ng ch\u1ecbu \u0111\u01b0\u1ee3c nhi\u1ec7t \u0111\u1ed9 cao l\u00ean t\u1edbi 250\u00b0C, \u0111\u01b0\u1ee3c s\u1eed d\u1ee5ng r\u1ed9ng r\u00e3i trong ng\u00e0nh h\u00e0ng kh\u00f4ng v\u0169 tr\u1ee5 v\u00e0 c\u00e1c l\u0129nh v\u1ef1c kh\u00e1c.\" \/>\n<meta property=\"og:url\" content=\"https:\/\/www.tstcables.com\/vi\/product\/ak250-600v-kha-nang-chiu-nhiet-do-cao-va-thap-peek-cap-loi-don-ho-tro-tuy-chinh\/\" \/>\n<meta property=\"og:site_name\" content=\"TST CABLES supplier &amp; Manufacture\" \/>\n<meta property=\"og:image\" content=\"https:\/\/www.tstcables.com\/wp-content\/uploads\/2024\/03\/peek1.jpg\" \/>\n\t<meta property=\"og:image:width\" content=\"750\" \/>\n\t<meta property=\"og:image:height\" content=\"750\" \/>\n\t<meta property=\"og:image:type\" content=\"image\/jpeg\" \/>\n<meta name=\"twitter:card\" content=\"summary_large_image\" \/>\n<meta name=\"twitter:label1\" content=\"Est. reading time\" \/>\n\t<meta name=\"twitter:data1\" content=\"1 minute\" \/>\n<script type=\"application\/ld+json\" class=\"yoast-schema-graph\">{\"@context\":\"https:\\\/\\\/schema.org\",\"@graph\":[{\"@type\":\"WebPage\",\"@id\":\"https:\\\/\\\/www.tstcables.com\\\/vi\\\/product\\\/ak250-600v-kha-nang-chiu-nhiet-do-cao-va-thap-peek-cap-loi-don-ho-tro-tuy-chinh\\\/\",\"url\":\"https:\\\/\\\/www.tstcables.com\\\/vi\\\/product\\\/ak250-600v-kha-nang-chiu-nhiet-do-cao-va-thap-peek-cap-loi-don-ho-tro-tuy-chinh\\\/\",\"name\":\"AK250 600V Kh\u1ea3 n\u0103ng ch\u1ecbu nhi\u1ec7t \u0111\u1ed9 cao v\u00e0 th\u1ea5p PEEK C\u00e1p l\u00f5i \u0111\u01a1n H\u1ed7 tr\u1ee3 t\u00f9y ch\u1ec9nh - TST CABLES supplier &amp; Manufacture\",\"isPartOf\":{\"@id\":\"https:\\\/\\\/www.tstcables.com\\\/vi\\\/#website\"},\"primaryImageOfPage\":{\"@id\":\"https:\\\/\\\/www.tstcables.com\\\/vi\\\/product\\\/ak250-600v-kha-nang-chiu-nhiet-do-cao-va-thap-peek-cap-loi-don-ho-tro-tuy-chinh\\\/#primaryimage\"},\"image\":{\"@id\":\"https:\\\/\\\/www.tstcables.com\\\/vi\\\/product\\\/ak250-600v-kha-nang-chiu-nhiet-do-cao-va-thap-peek-cap-loi-don-ho-tro-tuy-chinh\\\/#primaryimage\"},\"thumbnailUrl\":\"https:\\\/\\\/www.tstcables.com\\\/wp-content\\\/uploads\\\/2024\\\/03\\\/peek1.jpg\",\"datePublished\":\"2024-03-22T09:57:59+00:00\",\"description\":\"C\u00e1p l\u00f5i \u0111\u01a1n TH\\\/J-AK-250 PEEK, c\u00f3 kh\u1ea3 n\u0103ng ch\u1ecbu \u0111\u01b0\u1ee3c nhi\u1ec7t \u0111\u1ed9 cao l\u00ean t\u1edbi 250\u00b0C, \u0111\u01b0\u1ee3c s\u1eed d\u1ee5ng r\u1ed9ng r\u00e3i trong ng\u00e0nh h\u00e0ng kh\u00f4ng v\u0169 tr\u1ee5 v\u00e0 c\u00e1c l\u0129nh v\u1ef1c kh\u00e1c.\",\"breadcrumb\":{\"@id\":\"https:\\\/\\\/www.tstcables.com\\\/vi\\\/product\\\/ak250-600v-kha-nang-chiu-nhiet-do-cao-va-thap-peek-cap-loi-don-ho-tro-tuy-chinh\\\/#breadcrumb\"},\"inLanguage\":\"vi-VN\",\"potentialAction\":[{\"@type\":\"ReadAction\",\"target\":[\"https:\\\/\\\/www.tstcables.com\\\/vi\\\/product\\\/ak250-600v-kha-nang-chiu-nhiet-do-cao-va-thap-peek-cap-loi-don-ho-tro-tuy-chinh\\\/\"]}]},{\"@type\":\"ImageObject\",\"inLanguage\":\"vi-VN\",\"@id\":\"https:\\\/\\\/www.tstcables.com\\\/vi\\\/product\\\/ak250-600v-kha-nang-chiu-nhiet-do-cao-va-thap-peek-cap-loi-don-ho-tro-tuy-chinh\\\/#primaryimage\",\"url\":\"https:\\\/\\\/www.tstcables.com\\\/wp-content\\\/uploads\\\/2024\\\/03\\\/peek1.jpg\",\"contentUrl\":\"https:\\\/\\\/www.tstcables.com\\\/wp-content\\\/uploads\\\/2024\\\/03\\\/peek1.jpg\",\"width\":750,\"height\":750,\"caption\":\"TH\\\/J-AK-250 High-temperature 250\u2103 PEEK Single-core Cable\"},{\"@type\":\"BreadcrumbList\",\"@id\":\"https:\\\/\\\/www.tstcables.com\\\/vi\\\/product\\\/ak250-600v-kha-nang-chiu-nhiet-do-cao-va-thap-peek-cap-loi-don-ho-tro-tuy-chinh\\\/#breadcrumb\",\"itemListElement\":[{\"@type\":\"ListItem\",\"position\":1,\"name\":\"\u9996\u9875\",\"item\":\"https:\\\/\\\/www.tstcables.com\\\/vi\\\/\"},{\"@type\":\"ListItem\",\"position\":2,\"name\":\"Product\",\"item\":\"https:\\\/\\\/www.tstcables.com\\\/product\\\/\"},{\"@type\":\"ListItem\",\"position\":3,\"name\":\"AK250 600V Kh\u1ea3 n\u0103ng ch\u1ecbu nhi\u1ec7t \u0111\u1ed9 cao v\u00e0 th\u1ea5p PEEK C\u00e1p l\u00f5i \u0111\u01a1n H\u1ed7 tr\u1ee3 t\u00f9y ch\u1ec9nh\"}]},{\"@type\":\"WebSite\",\"@id\":\"https:\\\/\\\/www.tstcables.com\\\/vi\\\/#website\",\"url\":\"https:\\\/\\\/www.tstcables.com\\\/vi\\\/\",\"name\":\"TST Cable supplier & Manufacture\",\"description\":\"TST CABLES  supplier &amp; Manufacture official website\",\"publisher\":{\"@id\":\"https:\\\/\\\/www.tstcables.com\\\/vi\\\/#organization\"},\"potentialAction\":[{\"@type\":\"SearchAction\",\"target\":{\"@type\":\"EntryPoint\",\"urlTemplate\":\"https:\\\/\\\/www.tstcables.com\\\/vi\\\/?s={search_term_string}\"},\"query-input\":{\"@type\":\"PropertyValueSpecification\",\"valueRequired\":true,\"valueName\":\"search_term_string\"}}],\"inLanguage\":\"vi-VN\"},{\"@type\":\"Organization\",\"@id\":\"https:\\\/\\\/www.tstcables.com\\\/vi\\\/#organization\",\"name\":\"TST Cable supplier & Manufacture\",\"url\":\"https:\\\/\\\/www.tstcables.com\\\/vi\\\/\",\"logo\":{\"@type\":\"ImageObject\",\"inLanguage\":\"vi-VN\",\"@id\":\"https:\\\/\\\/www.tstcables.com\\\/vi\\\/#\\\/schema\\\/logo\\\/image\\\/\",\"url\":\"https:\\\/\\\/www.tstcables.com\\\/wp-content\\\/uploads\\\/2024\\\/04\\\/cropped-\u753b\u677f-1-\u62f7\u8d1d-4-1.png\",\"contentUrl\":\"https:\\\/\\\/www.tstcables.com\\\/wp-content\\\/uploads\\\/2024\\\/04\\\/cropped-\u753b\u677f-1-\u62f7\u8d1d-4-1.png\",\"width\":300,\"height\":100,\"caption\":\"TST Cable supplier & Manufacture\"},\"image\":{\"@id\":\"https:\\\/\\\/www.tstcables.com\\\/vi\\\/#\\\/schema\\\/logo\\\/image\\\/\"}}]}<\/script>\n<!-- \/ Yoast SEO plugin. -->","yoast_head_json":{"title":"AK250 600V Kh\u1ea3 n\u0103ng ch\u1ecbu nhi\u1ec7t \u0111\u1ed9 cao v\u00e0 th\u1ea5p PEEK C\u00e1p l\u00f5i \u0111\u01a1n H\u1ed7 tr\u1ee3 t\u00f9y ch\u1ec9nh - TST CABLES supplier &amp; Manufacture","description":"C\u00e1p l\u00f5i \u0111\u01a1n TH\/J-AK-250 PEEK, c\u00f3 kh\u1ea3 n\u0103ng ch\u1ecbu \u0111\u01b0\u1ee3c nhi\u1ec7t \u0111\u1ed9 cao l\u00ean t\u1edbi 250\u00b0C, \u0111\u01b0\u1ee3c s\u1eed d\u1ee5ng r\u1ed9ng r\u00e3i trong ng\u00e0nh h\u00e0ng kh\u00f4ng v\u0169 tr\u1ee5 v\u00e0 c\u00e1c l\u0129nh v\u1ef1c kh\u00e1c.","robots":{"index":"index","follow":"follow","max-snippet":"max-snippet:-1","max-image-preview":"max-image-preview:large","max-video-preview":"max-video-preview:-1"},"canonical":"https:\/\/www.tstcables.com\/vi\/product\/ak250-600v-kha-nang-chiu-nhiet-do-cao-va-thap-peek-cap-loi-don-ho-tro-tuy-chinh\/","og_locale":"vi_VN","og_type":"article","og_title":"AK250 600V Kh\u1ea3 n\u0103ng ch\u1ecbu nhi\u1ec7t \u0111\u1ed9 cao v\u00e0 th\u1ea5p PEEK C\u00e1p l\u00f5i \u0111\u01a1n H\u1ed7 tr\u1ee3 t\u00f9y ch\u1ec9nh - TST CABLES supplier &amp; Manufacture","og_description":"C\u00e1p l\u00f5i \u0111\u01a1n TH\/J-AK-250 PEEK, c\u00f3 kh\u1ea3 n\u0103ng ch\u1ecbu \u0111\u01b0\u1ee3c nhi\u1ec7t \u0111\u1ed9 cao l\u00ean t\u1edbi 250\u00b0C, \u0111\u01b0\u1ee3c s\u1eed d\u1ee5ng r\u1ed9ng r\u00e3i trong ng\u00e0nh h\u00e0ng kh\u00f4ng v\u0169 tr\u1ee5 v\u00e0 c\u00e1c l\u0129nh v\u1ef1c kh\u00e1c.","og_url":"https:\/\/www.tstcables.com\/vi\/product\/ak250-600v-kha-nang-chiu-nhiet-do-cao-va-thap-peek-cap-loi-don-ho-tro-tuy-chinh\/","og_site_name":"TST CABLES supplier &amp; Manufacture","og_image":[{"width":750,"height":750,"url":"https:\/\/www.tstcables.com\/wp-content\/uploads\/2024\/03\/peek1.jpg","type":"image\/jpeg"}],"twitter_card":"summary_large_image","twitter_misc":{"Est. reading time":"1 minute"},"schema":{"@context":"https:\/\/schema.org","@graph":[{"@type":"WebPage","@id":"https:\/\/www.tstcables.com\/vi\/product\/ak250-600v-kha-nang-chiu-nhiet-do-cao-va-thap-peek-cap-loi-don-ho-tro-tuy-chinh\/","url":"https:\/\/www.tstcables.com\/vi\/product\/ak250-600v-kha-nang-chiu-nhiet-do-cao-va-thap-peek-cap-loi-don-ho-tro-tuy-chinh\/","name":"AK250 600V Kh\u1ea3 n\u0103ng ch\u1ecbu nhi\u1ec7t \u0111\u1ed9 cao v\u00e0 th\u1ea5p PEEK C\u00e1p l\u00f5i \u0111\u01a1n H\u1ed7 tr\u1ee3 t\u00f9y ch\u1ec9nh - TST CABLES supplier &amp; Manufacture","isPartOf":{"@id":"https:\/\/www.tstcables.com\/vi\/#website"},"primaryImageOfPage":{"@id":"https:\/\/www.tstcables.com\/vi\/product\/ak250-600v-kha-nang-chiu-nhiet-do-cao-va-thap-peek-cap-loi-don-ho-tro-tuy-chinh\/#primaryimage"},"image":{"@id":"https:\/\/www.tstcables.com\/vi\/product\/ak250-600v-kha-nang-chiu-nhiet-do-cao-va-thap-peek-cap-loi-don-ho-tro-tuy-chinh\/#primaryimage"},"thumbnailUrl":"https:\/\/www.tstcables.com\/wp-content\/uploads\/2024\/03\/peek1.jpg","datePublished":"2024-03-22T09:57:59+00:00","description":"C\u00e1p l\u00f5i \u0111\u01a1n TH\/J-AK-250 PEEK, c\u00f3 kh\u1ea3 n\u0103ng ch\u1ecbu \u0111\u01b0\u1ee3c nhi\u1ec7t \u0111\u1ed9 cao l\u00ean t\u1edbi 250\u00b0C, \u0111\u01b0\u1ee3c s\u1eed d\u1ee5ng r\u1ed9ng r\u00e3i trong ng\u00e0nh h\u00e0ng kh\u00f4ng v\u0169 tr\u1ee5 v\u00e0 c\u00e1c l\u0129nh v\u1ef1c kh\u00e1c.","breadcrumb":{"@id":"https:\/\/www.tstcables.com\/vi\/product\/ak250-600v-kha-nang-chiu-nhiet-do-cao-va-thap-peek-cap-loi-don-ho-tro-tuy-chinh\/#breadcrumb"},"inLanguage":"vi-VN","potentialAction":[{"@type":"ReadAction","target":["https:\/\/www.tstcables.com\/vi\/product\/ak250-600v-kha-nang-chiu-nhiet-do-cao-va-thap-peek-cap-loi-don-ho-tro-tuy-chinh\/"]}]},{"@type":"ImageObject","inLanguage":"vi-VN","@id":"https:\/\/www.tstcables.com\/vi\/product\/ak250-600v-kha-nang-chiu-nhiet-do-cao-va-thap-peek-cap-loi-don-ho-tro-tuy-chinh\/#primaryimage","url":"https:\/\/www.tstcables.com\/wp-content\/uploads\/2024\/03\/peek1.jpg","contentUrl":"https:\/\/www.tstcables.com\/wp-content\/uploads\/2024\/03\/peek1.jpg","width":750,"height":750,"caption":"TH\/J-AK-250 High-temperature 250\u2103 PEEK Single-core Cable"},{"@type":"BreadcrumbList","@id":"https:\/\/www.tstcables.com\/vi\/product\/ak250-600v-kha-nang-chiu-nhiet-do-cao-va-thap-peek-cap-loi-don-ho-tro-tuy-chinh\/#breadcrumb","itemListElement":[{"@type":"ListItem","position":1,"name":"\u9996\u9875","item":"https:\/\/www.tstcables.com\/vi\/"},{"@type":"ListItem","position":2,"name":"Product","item":"https:\/\/www.tstcables.com\/product\/"},{"@type":"ListItem","position":3,"name":"AK250 600V Kh\u1ea3 n\u0103ng ch\u1ecbu nhi\u1ec7t \u0111\u1ed9 cao v\u00e0 th\u1ea5p PEEK C\u00e1p l\u00f5i \u0111\u01a1n H\u1ed7 tr\u1ee3 t\u00f9y ch\u1ec9nh"}]},{"@type":"WebSite","@id":"https:\/\/www.tstcables.com\/vi\/#website","url":"https:\/\/www.tstcables.com\/vi\/","name":"TST Cable supplier & Manufacture","description":"TST CABLES  supplier &amp; Manufacture official website","publisher":{"@id":"https:\/\/www.tstcables.com\/vi\/#organization"},"potentialAction":[{"@type":"SearchAction","target":{"@type":"EntryPoint","urlTemplate":"https:\/\/www.tstcables.com\/vi\/?s={search_term_string}"},"query-input":{"@type":"PropertyValueSpecification","valueRequired":true,"valueName":"search_term_string"}}],"inLanguage":"vi-VN"},{"@type":"Organization","@id":"https:\/\/www.tstcables.com\/vi\/#organization","name":"TST Cable supplier & Manufacture","url":"https:\/\/www.tstcables.com\/vi\/","logo":{"@type":"ImageObject","inLanguage":"vi-VN","@id":"https:\/\/www.tstcables.com\/vi\/#\/schema\/logo\/image\/","url":"https:\/\/www.tstcables.com\/wp-content\/uploads\/2024\/04\/cropped-\u753b\u677f-1-\u62f7\u8d1d-4-1.png","contentUrl":"https:\/\/www.tstcables.com\/wp-content\/uploads\/2024\/04\/cropped-\u753b\u677f-1-\u62f7\u8d1d-4-1.png","width":300,"height":100,"caption":"TST Cable supplier & Manufacture"},"image":{"@id":"https:\/\/www.tstcables.com\/vi\/#\/schema\/logo\/image\/"}}]}},"_links":{"self":[{"href":"https:\/\/www.tstcables.com\/vi\/wp-json\/wp\/v2\/product\/21109","targetHints":{"allow":["GET"]}}],"collection":[{"href":"https:\/\/www.tstcables.com\/vi\/wp-json\/wp\/v2\/product"}],"about":[{"href":"https:\/\/www.tstcables.com\/vi\/wp-json\/wp\/v2\/types\/product"}],"version-history":[{"count":0,"href":"https:\/\/www.tstcables.com\/vi\/wp-json\/wp\/v2\/product\/21109\/revisions"}],"wp:featuredmedia":[{"embeddable":true,"href":"https:\/\/www.tstcables.com\/vi\/wp-json\/wp\/v2\/media\/9640"}],"wp:attachment":[{"href":"https:\/\/www.tstcables.com\/vi\/wp-json\/wp\/v2\/media?parent=21109"}],"wp:term":[{"taxonomy":"product_brand","embeddable":true,"href":"https:\/\/www.tstcables.com\/vi\/wp-json\/wp\/v2\/product_brand?post=21109"},{"taxonomy":"product_cat","embeddable":true,"href":"https:\/\/www.tstcables.com\/vi\/wp-json\/wp\/v2\/product_cat?post=21109"},{"taxonomy":"product_tag","embeddable":true,"href":"https:\/\/www.tstcables.com\/vi\/wp-json\/wp\/v2\/product_tag?post=21109"}],"curies":[{"name":"wp","href":"https:\/\/api.w.org\/{rel}","templated":true}]}}