{"id":21117,"date":"2024-03-22T15:56:05","date_gmt":"2024-03-22T07:56:05","guid":{"rendered":"https:\/\/www.tstcables.com\/product\/day-va-cap-nhiet-do-cao-silicone\/"},"modified":"2024-03-22T15:56:05","modified_gmt":"2024-03-22T07:56:05","slug":"day-va-cap-nhiet-do-cao-silicone","status":"publish","type":"product","link":"https:\/\/www.tstcables.com\/vi\/product\/day-va-cap-nhiet-do-cao-silicone\/","title":{"rendered":"D\u00e2y v\u00e0 c\u00e1p nhi\u1ec7t \u0111\u1ed9 cao silicone"},"content":{"rendered":"<p>\u1ee8ng d\u1ee5ng:<\/p>\n<p>&#8220;S\u1ea3n ph\u1ea9m ph\u00f9 h\u1ee3p v\u1edbi \u0111\u1ed9ng c\u01a1 c\u00e1ch \u0111i\u1ec7n lo\u1ea1i F, lo\u1ea1i H v\u00e0 d\u00e2y d\u1eabn \u0111i\u1ec7n c\u00f3 \u0111i\u1ec7n \u00e1p xoay chi\u1ec1u \u0111\u1ecbnh m\u1ee9c t\u1eeb 690V, 1140V tr\u1edf xu\u1ed1ng. N\u00f3 \u0111\u01b0\u1ee3c s\u1eed d\u1ee5ng r\u1ed9ng r\u00e3i trong c\u00e1c \u0111\u1ed9ng c\u01a1 h\u00e0ng h\u1ea3i, qu\u1ed1c ph\u00f2ng, t\u00e0u h\u1ecfa v\u00e0 c\u00e1c \u0111\u1ed9ng c\u01a1 c\u00f4ng su\u1ea5t cao kh\u00e1c.&#8221;<\/p>\n<p>\u0110\u1eb7c \u0111i\u1ec3m:<\/p>\n<ul>\n<li>\u0110i\u1ec7n \u00e1p \u0111\u1ecbnh m\u1ee9c: 500V (690V), 1000V (1140V).<\/li>\n<li>Nhi\u1ec7t \u0111\u1ed9 ho\u1ea1t \u0111\u1ed9ng: -60~+180\u00b0C.<\/li>\n<li>D\u00e2y d\u1eabn: D\u00e2y \u0111\u1ed3ng tr\u1ea7n ho\u1eb7c d\u00e2y \u0111\u1ed3ng b\u1ec7n \u0111\u00f3ng h\u1ed9p.<\/li>\n<li>C\u00e1ch \u0111i\u1ec7n: Cao su silicon.<\/li>\n<li>M\u00e0u s\u1eafc: T\u00f9y ch\u1ec9nh.<\/li>\n<\/ul>\n<p>Ti\u00eau chu\u1ea9n c\u00f4ng nghi\u1ec7p<\/p>\n<ul>\n<li>JB\/T 6213.4-2006<\/li>\n<\/ul>\n<p style=\"font-size: 40px;\">Tham s\u1ed1 l\u1ef1a ch\u1ecdn<\/p>\n<table style=\"width: 100%;\" border=\"1\" cellspacing=\"1\" cellpadding=\"0\">\n<tbody>\n<tr>\n<td colspan=\"3\">\n<p align=\"center\">C\u1ea5u tr\u00fac d\u00e2y d\u1eabn<\/p>\n<\/td>\n<td colspan=\"2\">\n<p align=\"center\">\u0110\u1ed9 d\u00e0y c\u00e1ch nhi\u1ec7t\uff08mm<\/p>\n<\/td>\n<td colspan=\"2\">\n<p align=\"center\">\u0110\u01b0\u1eddng k\u00ednh ngo\u00e0i c\u1ee7a d\u00e2y \uff08mm<\/p>\n<\/td>\n<td rowspan=\"2\">\n<p align=\"center\">\u0110i\u1ec7n tr\u1edf DC c\u1ee7a d\u00e2y d\u1eabn \u1edf 20\u00b0C (\u03a9\/km)<\/p>\n<\/td>\n<\/tr>\n<tr>\n<td>\n<p align=\"center\">M\u1eb7t c\u1eaft danh ngh\u0129a (mm2)<\/p>\n<\/td>\n<td>\n<p align=\"center\">S\u1ed1 l\u01b0\u1ee3ng d\u00e2y\/\u0111\u01b0\u1eddng k\u00ednh d\u00e2y (mm)<\/p>\n<\/td>\n<td>\n<p align=\"center\">\u0110\u01b0\u1eddng k\u00ednh ngo\u00e0i c\u1ee7a d\u00e2y d\u1eabn \uff08mm<\/p>\n<\/td>\n<td>\n<p align=\"center\">500V<\/p>\n<\/td>\n<td>\n<p align=\"center\">1000V<\/p>\n<\/td>\n<td>\n<p align=\"center\">500V<\/p>\n<\/td>\n<td>\n<p align=\"center\">1000V<\/p>\n<\/td>\n<\/tr>\n<tr>\n<td width=\"70\">\n<p align=\"center\">0.5<\/p>\n<\/td>\n<td width=\"82\">\n<p align=\"center\">28\/0.15<\/p>\n<\/td>\n<td width=\"73\">\n<p align=\"center\">0.90<\/p>\n<\/td>\n<td width=\"50\">\n<p align=\"center\">1.0<\/p>\n<\/td>\n<td width=\"54\">\n<p align=\"center\">1.2<\/p>\n<\/td>\n<td width=\"51\">\n<p align=\"center\">2.90<\/p>\n<\/td>\n<td width=\"55\">\n<p align=\"center\">3.30<\/p>\n<\/td>\n<td width=\"113\">\n<p align=\"center\">40.1<\/p>\n<\/td>\n<\/tr>\n<tr>\n<td width=\"70\">\n<p align=\"center\">0.75<\/p>\n<\/td>\n<td width=\"82\">\n<p align=\"center\">24\/0.20<\/p>\n<\/td>\n<td width=\"73\">\n<p align=\"center\">1.15<\/p>\n<\/td>\n<td width=\"50\">\n<p align=\"center\">1.0<\/p>\n<\/td>\n<td width=\"54\">\n<p align=\"center\">1.2<\/p>\n<\/td>\n<td width=\"51\">\n<p align=\"center\">3.20<\/p>\n<\/td>\n<td width=\"55\">\n<p align=\"center\">3.60<\/p>\n<\/td>\n<td width=\"113\">\n<p align=\"center\">26.7<\/p>\n<\/td>\n<\/tr>\n<tr>\n<td width=\"70\">\n<p align=\"center\">1<\/p>\n<\/td>\n<td width=\"82\">\n<p align=\"center\">32\/0.20<\/p>\n<\/td>\n<td width=\"73\">\n<p align=\"center\">1.30<\/p>\n<\/td>\n<td width=\"50\">\n<p align=\"center\">1.0<\/p>\n<\/td>\n<td width=\"54\">\n<p align=\"center\">1.2<\/p>\n<\/td>\n<td width=\"51\">\n<p align=\"center\">3.30<\/p>\n<\/td>\n<td width=\"55\">\n<p align=\"center\">3.70<\/p>\n<\/td>\n<td width=\"113\">\n<p align=\"center\">20<\/p>\n<\/td>\n<\/tr>\n<tr>\n<td width=\"70\">\n<p align=\"center\">1.5<\/p>\n<\/td>\n<td width=\"82\">\n<p align=\"center\">48\/0.20<\/p>\n<\/td>\n<td width=\"73\">\n<p align=\"center\">1.60<\/p>\n<\/td>\n<td width=\"50\">\n<p align=\"center\">1.0<\/p>\n<\/td>\n<td width=\"54\">\n<p align=\"center\">1.2<\/p>\n<\/td>\n<td width=\"51\">\n<p align=\"center\">3.60<\/p>\n<\/td>\n<td width=\"55\">\n<p align=\"center\">4.0<\/p>\n<\/td>\n<td width=\"113\">\n<p align=\"center\">13.7<\/p>\n<\/td>\n<\/tr>\n<tr>\n<td width=\"70\">\n<p align=\"center\">2<\/p>\n<\/td>\n<td width=\"82\">\n<p align=\"center\">40\/0.25<\/p>\n<\/td>\n<td width=\"73\">\n<p align=\"center\">1.85<\/p>\n<\/td>\n<td width=\"50\">\n<p align=\"center\">1.0<\/p>\n<\/td>\n<td width=\"54\">\n<p align=\"center\">1.2<\/p>\n<\/td>\n<td width=\"51\">\n<p align=\"center\">3.90<\/p>\n<\/td>\n<td width=\"55\">\n<p align=\"center\">4.30<\/p>\n<\/td>\n<td width=\"113\">\n<p align=\"center\">9.9<\/p>\n<\/td>\n<\/tr>\n<tr>\n<td width=\"70\">\n<p align=\"center\">2.5<\/p>\n<\/td>\n<td width=\"82\">\n<p align=\"center\">49\/0.25<\/p>\n<\/td>\n<td width=\"73\">\n<p align=\"center\">2.00<\/p>\n<\/td>\n<td width=\"50\">\n<p align=\"center\">1.0<\/p>\n<\/td>\n<td width=\"54\">\n<p align=\"center\">1.2<\/p>\n<\/td>\n<td width=\"51\">\n<p align=\"center\">4.00<\/p>\n<\/td>\n<td width=\"55\">\n<p align=\"center\">4.40<\/p>\n<\/td>\n<td width=\"113\">\n<p align=\"center\">8.21<\/p>\n<\/td>\n<\/tr>\n<tr>\n<td width=\"70\">\n<p align=\"center\">4<\/p>\n<\/td>\n<td width=\"82\">\n<p align=\"center\">56\/0.30<\/p>\n<\/td>\n<td width=\"73\">\n<p align=\"center\">2.80<\/p>\n<\/td>\n<td width=\"50\">\n<p align=\"center\">1.2<\/p>\n<\/td>\n<td width=\"54\">\n<p align=\"center\">1.4<\/p>\n<\/td>\n<td width=\"51\">\n<p align=\"center\">5.20<\/p>\n<\/td>\n<td width=\"55\">\n<p align=\"center\">5.60<\/p>\n<\/td>\n<td width=\"113\">\n<p align=\"center\">5.09<\/p>\n<\/td>\n<\/tr>\n<tr>\n<td width=\"70\">\n<p align=\"center\">6<\/p>\n<\/td>\n<td width=\"82\">\n<p align=\"center\">84\/0.30<\/p>\n<\/td>\n<td width=\"73\">\n<p align=\"center\">3.60<\/p>\n<\/td>\n<td width=\"50\">\n<p align=\"center\">1.2<\/p>\n<\/td>\n<td width=\"54\">\n<p align=\"center\">1.5<\/p>\n<\/td>\n<td width=\"51\">\n<p align=\"center\">6.00<\/p>\n<\/td>\n<td width=\"55\">\n<p align=\"center\">6.60<\/p>\n<\/td>\n<td width=\"113\">\n<p align=\"center\">3.39<\/p>\n<\/td>\n<\/tr>\n<tr>\n<td width=\"70\">\n<p align=\"center\">10<\/p>\n<\/td>\n<td width=\"82\">\n<p align=\"center\">84\/0.40<\/p>\n<\/td>\n<td width=\"73\">\n<p align=\"center\">4.60<\/p>\n<\/td>\n<td width=\"50\">\n<p align=\"center\">1.4<\/p>\n<\/td>\n<td width=\"54\">\n<p align=\"center\">1.6<\/p>\n<\/td>\n<td width=\"51\">\n<p align=\"center\">7.40<\/p>\n<\/td>\n<td width=\"55\">\n<p align=\"center\">7.80<\/p>\n<\/td>\n<td width=\"113\">\n<p align=\"center\">1.95<\/p>\n<\/td>\n<\/tr>\n<tr>\n<td width=\"70\">\n<p align=\"center\">16<\/p>\n<\/td>\n<td width=\"82\">\n<p align=\"center\">126\/0.40<\/p>\n<\/td>\n<td width=\"73\">\n<p align=\"center\">5.80<\/p>\n<\/td>\n<td width=\"50\">\n<p align=\"center\">1.4<\/p>\n<\/td>\n<td width=\"54\">\n<p align=\"center\">1.6<\/p>\n<\/td>\n<td width=\"51\">\n<p align=\"center\">8.60<\/p>\n<\/td>\n<td width=\"55\">\n<p align=\"center\">9.0<\/p>\n<\/td>\n<td width=\"113\">\n<p align=\"center\">1.24<\/p>\n<\/td>\n<\/tr>\n<tr>\n<td width=\"70\">\n<p align=\"center\">25<\/p>\n<\/td>\n<td width=\"82\">\n<p align=\"center\">196\/0.40<\/p>\n<\/td>\n<td width=\"73\">\n<p align=\"center\">7.60<\/p>\n<\/td>\n<td width=\"50\">\n<p align=\"center\">1.6<\/p>\n<\/td>\n<td width=\"54\">\n<p align=\"center\">1.8<\/p>\n<\/td>\n<td width=\"51\">\n<p align=\"center\">10.80<\/p>\n<\/td>\n<td width=\"55\">\n<p align=\"center\">11.2<\/p>\n<\/td>\n<td width=\"113\">\n<p align=\"center\">0.795<\/p>\n<\/td>\n<\/tr>\n<tr>\n<td width=\"70\">\n<p align=\"center\">35<\/p>\n<\/td>\n<td width=\"82\">\n<p align=\"center\">494\/0.30<\/p>\n<\/td>\n<td width=\"73\">\n<p align=\"center\">8.80<\/p>\n<\/td>\n<td width=\"50\">\n<p align=\"center\">1.8<\/p>\n<\/td>\n<td width=\"54\">\n<p align=\"center\">2.0<\/p>\n<\/td>\n<td width=\"51\">\n<p align=\"center\">12.40<\/p>\n<\/td>\n<td width=\"55\">\n<p align=\"center\">12.80<\/p>\n<\/td>\n<td width=\"113\">\n<p align=\"center\">0.565<\/p>\n<\/td>\n<\/tr>\n<tr>\n<td width=\"70\">\n<p align=\"center\">50<\/p>\n<\/td>\n<td width=\"82\">\n<p align=\"center\">396\/0.40<\/p>\n<\/td>\n<td width=\"73\">\n<p align=\"center\">10.60<\/p>\n<\/td>\n<td width=\"50\">\n<p align=\"center\">2.0<\/p>\n<\/td>\n<td width=\"54\">\n<p align=\"center\">2.2<\/p>\n<\/td>\n<td width=\"51\">\n<p align=\"center\">14.60<\/p>\n<\/td>\n<td width=\"55\">\n<p align=\"center\">15.0<\/p>\n<\/td>\n<td width=\"113\">\n<p align=\"center\">0.393<\/p>\n<\/td>\n<\/tr>\n<tr>\n<td width=\"70\">\n<p align=\"center\">70<\/p>\n<\/td>\n<td width=\"82\">\n<p align=\"center\">551\/0.40<\/p>\n<\/td>\n<td width=\"73\">\n<p align=\"center\">12.80<\/p>\n<\/td>\n<td width=\"50\">\n<p align=\"center\">2.0<\/p>\n<\/td>\n<td width=\"54\">\n<p align=\"center\">2.2<\/p>\n<\/td>\n<td width=\"51\">\n<p align=\"center\">16.80<\/p>\n<\/td>\n<td width=\"55\">\n<p align=\"center\">17.20<\/p>\n<\/td>\n<td width=\"113\">\n<p align=\"center\">0.277<\/p>\n<\/td>\n<\/tr>\n<tr>\n<td width=\"70\">\n<p align=\"center\">95<\/p>\n<\/td>\n<td width=\"82\">\n<p align=\"center\">760\/0.40<\/p>\n<\/td>\n<td width=\"73\">\n<p align=\"center\">14.80<\/p>\n<\/td>\n<td width=\"50\">\n<p align=\"center\">2.2<\/p>\n<\/td>\n<td width=\"54\">\n<p align=\"center\">2.5<\/p>\n<\/td>\n<td width=\"51\">\n<p align=\"center\">19.20<\/p>\n<\/td>\n<td width=\"55\">\n<p align=\"center\">19.80<\/p>\n<\/td>\n<td width=\"113\">\n<p align=\"center\">0.210<\/p>\n<\/td>\n<\/tr>\n<tr>\n<td width=\"70\">\n<p align=\"center\">120<\/p>\n<\/td>\n<td width=\"82\">\n<p align=\"center\">608\/0.50<\/p>\n<\/td>\n<td width=\"73\">\n<p align=\"center\">16.5<\/p>\n<\/td>\n<td width=\"50\">\n<p align=\"center\">2.2<\/p>\n<\/td>\n<td width=\"54\">\n<p align=\"center\">2.5<\/p>\n<\/td>\n<td width=\"51\">\n<p align=\"center\">21.00<\/p>\n<\/td>\n<td width=\"55\">\n<p align=\"center\">21.50<\/p>\n<\/td>\n<td width=\"113\">\n<p align=\"center\">0.164<\/p>\n<\/td>\n<\/tr>\n<tr>\n<td width=\"70\">\n<p align=\"center\">150<\/p>\n<\/td>\n<td width=\"82\">\n<p align=\"center\">760\/0.50<\/p>\n<\/td>\n<td width=\"73\">\n<p align=\"center\">18.2<\/p>\n<\/td>\n<td width=\"50\">\n<p align=\"center\">2.4<\/p>\n<\/td>\n<td width=\"54\">\n<p align=\"center\">2.6<\/p>\n<\/td>\n<td width=\"51\">\n<p align=\"center\">23.00<\/p>\n<\/td>\n<td width=\"55\">\n<p align=\"center\">23.40<\/p>\n<\/td>\n<td width=\"113\">\n<p align=\"center\">0.132<\/p>\n<\/td>\n<\/tr>\n<tr>\n<td width=\"70\">\n<p align=\"center\">185<\/p>\n<\/td>\n<td width=\"82\">\n<p align=\"center\">925\/0.50<\/p>\n<\/td>\n<td width=\"73\">\n<p align=\"center\">20.0<\/p>\n<\/td>\n<td width=\"50\">\n<p align=\"center\">2.4<\/p>\n<\/td>\n<td width=\"54\">\n<p align=\"center\">2.6<\/p>\n<\/td>\n<td width=\"51\">\n<p align=\"center\">24.80<\/p>\n<\/td>\n<td width=\"55\">\n<p align=\"center\">25.20<\/p>\n<\/td>\n<td width=\"113\">\n<p align=\"center\">0.108<\/p>\n<\/td>\n<\/tr>\n<tr>\n<td width=\"70\">\n<p align=\"center\">240<\/p>\n<\/td>\n<td width=\"82\">\n<p align=\"center\">1221\/0.50<\/p>\n<\/td>\n<td width=\"73\">\n<p align=\"center\">23.0<\/p>\n<\/td>\n<td width=\"50\">\n<p align=\"center\">2.6<\/p>\n<\/td>\n<td width=\"54\">\n<p align=\"center\">2.8<\/p>\n<\/td>\n<td width=\"51\">\n<p align=\"center\">28.20<\/p>\n<\/td>\n<td width=\"55\">\n<p align=\"center\">28.60<\/p>\n<\/td>\n<td width=\"113\">\n<p align=\"center\">0.0817<\/p>\n<\/td>\n<\/tr>\n<\/tbody>\n<\/table>\n","protected":false},"excerpt":{"rendered":"<p>D\u00e2y v\u00e0 c\u00e1p nhi\u1ec7t \u0111\u1ed9 cao silicon c\u00f3 kh\u1ea3 n\u0103ng ch\u1ecbu nhi\u1ec7t \u0111\u1ed9 cao v\u00e0 nhi\u1ec7t \u0111\u1ed9 th\u1ea5p tuy\u1ec7t v\u1eddi, hi\u1ec7u su\u1ea5t c\u00e1ch \u0111i\u1ec7n tuy\u1ec7t v\u1eddi, \u1ed5n \u0111\u1ecbnh h\u00f3a h\u1ecdc tuy\u1ec7t v\u1eddi, \u0111i\u1ec7n tr\u1edf cao, ch\u1ed1ng l\u00e3o h\u00f3a v\u00e0 tu\u1ed5i th\u1ecd d\u00e0i. N\u00f3 c\u0169ng linh ho\u1ea1t v\u00e0 d\u1ec5 c\u00e0i \u0111\u1eb7t.<\/p>\n","protected":false},"featured_media":12792,"template":"","meta":{"_eb_attr":"","site-sidebar-layout":"default","site-content-layout":"","ast-site-content-layout":"default","site-content-style":"default","site-sidebar-style":"default","ast-global-header-display":"","ast-banner-title-visibility":"","ast-main-header-display":"","ast-hfb-above-header-display":"","ast-hfb-below-header-display":"","ast-hfb-mobile-header-display":"","site-post-title":"","ast-breadcrumbs-content":"","ast-featured-img":"","footer-sml-layout":"","theme-transparent-header-meta":"default","adv-header-id-meta":"","stick-header-meta":"","header-above-stick-meta":"","header-main-stick-meta":"","header-below-stick-meta":"","astra-migrate-meta-layouts":"default","ast-page-background-enabled":"default","ast-page-background-meta":{"desktop":{"background-color":"","background-image":"","background-repeat":"repeat","background-position":"center center","background-size":"auto","background-attachment":"scroll","background-type":"","background-media":"","overlay-type":"","overlay-color":"","overlay-opacity":"","overlay-gradient":""},"tablet":{"background-color":"","background-image":"","background-repeat":"repeat","background-position":"center center","background-size":"auto","background-attachment":"scroll","background-type":"","background-media":"","overlay-type":"","overlay-color":"","overlay-opacity":"","overlay-gradient":""},"mobile":{"background-color":"","background-image":"","background-repeat":"repeat","background-position":"center center","background-size":"auto","background-attachment":"scroll","background-type":"","background-media":"","overlay-type":"","overlay-color":"","overlay-opacity":"","overlay-gradient":""}},"ast-content-background-meta":{"desktop":{"background-color":"var(--ast-global-color-5)","background-image":"","background-repeat":"repeat","background-position":"center center","background-size":"auto","background-attachment":"scroll","background-type":"","background-media":"","overlay-type":"","overlay-color":"","overlay-opacity":"","overlay-gradient":""},"tablet":{"background-color":"var(--ast-global-color-5)","background-image":"","background-repeat":"repeat","background-position":"center center","background-size":"auto","background-attachment":"scroll","background-type":"","background-media":"","overlay-type":"","overlay-color":"","overlay-opacity":"","overlay-gradient":""},"mobile":{"background-color":"var(--ast-global-color-5)","background-image":"","background-repeat":"repeat","background-position":"center center","background-size":"auto","background-attachment":"scroll","background-type":"","background-media":"","overlay-type":"","overlay-color":"","overlay-opacity":"","overlay-gradient":""}}},"product_brand":[],"product_cat":[833,831,843,826,836,842,827,830,834,825,832],"product_tag":[2053,2036,2052],"class_list":{"0":"post-21117","1":"product","2":"type-product","3":"status-publish","4":"has-post-thumbnail","6":"product_cat-lsoh-cable-vi","7":"product_cat-high-temperature-cable-vi","8":"product_cat-silicone-cable-vi","9":"product_cat-customized-cable-vi","10":"product_cat-oil-gas-vi","11":"product_cat-rail-way-vi","12":"product_cat-enstandard-cable-vi","13":"product_cat-en50382-vi","14":"product_cat-marine-vi","15":"product_cat-aviation-vi","16":"product_cat-ice-standard-vi","17":"product_tag-day-cap-dien-cao-the","18":"product_tag-day-cap-nhiet-do-cao","19":"product_tag-day-cap-silicon","20":"desktop-align-center","21":"tablet-align-left","22":"mobile-align-left","24":"first","25":"instock","26":"shipping-taxable","27":"product-type-simple"},"yoast_head":"<!-- This site is optimized with the Yoast SEO plugin v27.4 - https:\/\/yoast.com\/product\/yoast-seo-wordpress\/ -->\n<title>D\u00e2y v\u00e0 c\u00e1p nhi\u1ec7t \u0111\u1ed9 cao silicone - TST CABLES supplier &amp; Manufacture<\/title>\n<meta name=\"description\" content=\"D\u00e2y v\u00e0 c\u00e1p nhi\u1ec7t \u0111\u1ed9 cao \u0111i\u1ec7n \u00e1p cao silicone c\u00f3 kh\u1ea3 n\u0103ng ch\u1ecbu nhi\u1ec7t \u0111\u1ed9 cao v\u00e0 nhi\u1ec7t \u0111\u1ed9 th\u1ea5p tuy\u1ec7t v\u1eddi.\" \/>\n<meta name=\"robots\" content=\"index, follow, max-snippet:-1, max-image-preview:large, max-video-preview:-1\" \/>\n<link rel=\"canonical\" href=\"https:\/\/www.tstcables.com\/vi\/product\/day-va-cap-nhiet-do-cao-silicone\/\" \/>\n<meta property=\"og:locale\" content=\"vi_VN\" \/>\n<meta property=\"og:type\" content=\"article\" \/>\n<meta property=\"og:title\" content=\"D\u00e2y v\u00e0 c\u00e1p nhi\u1ec7t \u0111\u1ed9 cao silicone - TST CABLES supplier &amp; Manufacture\" \/>\n<meta property=\"og:description\" content=\"D\u00e2y v\u00e0 c\u00e1p nhi\u1ec7t \u0111\u1ed9 cao \u0111i\u1ec7n \u00e1p cao silicone c\u00f3 kh\u1ea3 n\u0103ng ch\u1ecbu nhi\u1ec7t \u0111\u1ed9 cao v\u00e0 nhi\u1ec7t \u0111\u1ed9 th\u1ea5p tuy\u1ec7t v\u1eddi.\" \/>\n<meta property=\"og:url\" content=\"https:\/\/www.tstcables.com\/vi\/product\/day-va-cap-nhiet-do-cao-silicone\/\" \/>\n<meta property=\"og:site_name\" content=\"TST CABLES supplier &amp; Manufacture\" \/>\n<meta property=\"og:image\" content=\"https:\/\/www.tstcables.com\/wp-content\/uploads\/2024\/03\/1-2.webp\" \/>\n\t<meta property=\"og:image:width\" content=\"640\" \/>\n\t<meta property=\"og:image:height\" content=\"640\" \/>\n\t<meta property=\"og:image:type\" content=\"image\/webp\" \/>\n<meta name=\"twitter:card\" content=\"summary_large_image\" \/>\n<meta name=\"twitter:label1\" content=\"Est. reading time\" \/>\n\t<meta name=\"twitter:data1\" content=\"1 minute\" \/>\n<script type=\"application\/ld+json\" class=\"yoast-schema-graph\">{\"@context\":\"https:\\\/\\\/schema.org\",\"@graph\":[{\"@type\":\"WebPage\",\"@id\":\"https:\\\/\\\/www.tstcables.com\\\/vi\\\/product\\\/day-va-cap-nhiet-do-cao-silicone\\\/\",\"url\":\"https:\\\/\\\/www.tstcables.com\\\/vi\\\/product\\\/day-va-cap-nhiet-do-cao-silicone\\\/\",\"name\":\"D\u00e2y v\u00e0 c\u00e1p nhi\u1ec7t \u0111\u1ed9 cao silicone - TST CABLES supplier &amp; Manufacture\",\"isPartOf\":{\"@id\":\"https:\\\/\\\/www.tstcables.com\\\/vi\\\/#website\"},\"primaryImageOfPage\":{\"@id\":\"https:\\\/\\\/www.tstcables.com\\\/vi\\\/product\\\/day-va-cap-nhiet-do-cao-silicone\\\/#primaryimage\"},\"image\":{\"@id\":\"https:\\\/\\\/www.tstcables.com\\\/vi\\\/product\\\/day-va-cap-nhiet-do-cao-silicone\\\/#primaryimage\"},\"thumbnailUrl\":\"https:\\\/\\\/www.tstcables.com\\\/wp-content\\\/uploads\\\/2024\\\/03\\\/1-2.webp\",\"datePublished\":\"2024-03-22T07:56:05+00:00\",\"description\":\"D\u00e2y v\u00e0 c\u00e1p nhi\u1ec7t \u0111\u1ed9 cao \u0111i\u1ec7n \u00e1p cao silicone c\u00f3 kh\u1ea3 n\u0103ng ch\u1ecbu nhi\u1ec7t \u0111\u1ed9 cao v\u00e0 nhi\u1ec7t \u0111\u1ed9 th\u1ea5p tuy\u1ec7t v\u1eddi.\",\"breadcrumb\":{\"@id\":\"https:\\\/\\\/www.tstcables.com\\\/vi\\\/product\\\/day-va-cap-nhiet-do-cao-silicone\\\/#breadcrumb\"},\"inLanguage\":\"vi-VN\",\"potentialAction\":[{\"@type\":\"ReadAction\",\"target\":[\"https:\\\/\\\/www.tstcables.com\\\/vi\\\/product\\\/day-va-cap-nhiet-do-cao-silicone\\\/\"]}]},{\"@type\":\"ImageObject\",\"inLanguage\":\"vi-VN\",\"@id\":\"https:\\\/\\\/www.tstcables.com\\\/vi\\\/product\\\/day-va-cap-nhiet-do-cao-silicone\\\/#primaryimage\",\"url\":\"https:\\\/\\\/www.tstcables.com\\\/wp-content\\\/uploads\\\/2024\\\/03\\\/1-2.webp\",\"contentUrl\":\"https:\\\/\\\/www.tstcables.com\\\/wp-content\\\/uploads\\\/2024\\\/03\\\/1-2.webp\",\"width\":640,\"height\":640,\"caption\":\"CAT7 cable (Category 7 network cable) EN50264 fire-resistant wire &cableEN50264 fire-resistant wire &cable\"},{\"@type\":\"BreadcrumbList\",\"@id\":\"https:\\\/\\\/www.tstcables.com\\\/vi\\\/product\\\/day-va-cap-nhiet-do-cao-silicone\\\/#breadcrumb\",\"itemListElement\":[{\"@type\":\"ListItem\",\"position\":1,\"name\":\"\u9996\u9875\",\"item\":\"https:\\\/\\\/www.tstcables.com\\\/vi\\\/\"},{\"@type\":\"ListItem\",\"position\":2,\"name\":\"Product\",\"item\":\"https:\\\/\\\/www.tstcables.com\\\/product\\\/\"},{\"@type\":\"ListItem\",\"position\":3,\"name\":\"D\u00e2y v\u00e0 c\u00e1p nhi\u1ec7t \u0111\u1ed9 cao silicone\"}]},{\"@type\":\"WebSite\",\"@id\":\"https:\\\/\\\/www.tstcables.com\\\/vi\\\/#website\",\"url\":\"https:\\\/\\\/www.tstcables.com\\\/vi\\\/\",\"name\":\"TST Cable supplier & Manufacture\",\"description\":\"TST CABLES  supplier &amp; Manufacture official website\",\"publisher\":{\"@id\":\"https:\\\/\\\/www.tstcables.com\\\/vi\\\/#organization\"},\"potentialAction\":[{\"@type\":\"SearchAction\",\"target\":{\"@type\":\"EntryPoint\",\"urlTemplate\":\"https:\\\/\\\/www.tstcables.com\\\/vi\\\/?s={search_term_string}\"},\"query-input\":{\"@type\":\"PropertyValueSpecification\",\"valueRequired\":true,\"valueName\":\"search_term_string\"}}],\"inLanguage\":\"vi-VN\"},{\"@type\":\"Organization\",\"@id\":\"https:\\\/\\\/www.tstcables.com\\\/vi\\\/#organization\",\"name\":\"TST Cable supplier & Manufacture\",\"url\":\"https:\\\/\\\/www.tstcables.com\\\/vi\\\/\",\"logo\":{\"@type\":\"ImageObject\",\"inLanguage\":\"vi-VN\",\"@id\":\"https:\\\/\\\/www.tstcables.com\\\/vi\\\/#\\\/schema\\\/logo\\\/image\\\/\",\"url\":\"https:\\\/\\\/www.tstcables.com\\\/wp-content\\\/uploads\\\/2024\\\/04\\\/cropped-\u753b\u677f-1-\u62f7\u8d1d-4-1.png\",\"contentUrl\":\"https:\\\/\\\/www.tstcables.com\\\/wp-content\\\/uploads\\\/2024\\\/04\\\/cropped-\u753b\u677f-1-\u62f7\u8d1d-4-1.png\",\"width\":300,\"height\":100,\"caption\":\"TST Cable supplier & Manufacture\"},\"image\":{\"@id\":\"https:\\\/\\\/www.tstcables.com\\\/vi\\\/#\\\/schema\\\/logo\\\/image\\\/\"}}]}<\/script>\n<!-- \/ Yoast SEO plugin. -->","yoast_head_json":{"title":"D\u00e2y v\u00e0 c\u00e1p nhi\u1ec7t \u0111\u1ed9 cao silicone - TST CABLES supplier &amp; Manufacture","description":"D\u00e2y v\u00e0 c\u00e1p nhi\u1ec7t \u0111\u1ed9 cao \u0111i\u1ec7n \u00e1p cao silicone c\u00f3 kh\u1ea3 n\u0103ng ch\u1ecbu nhi\u1ec7t \u0111\u1ed9 cao v\u00e0 nhi\u1ec7t \u0111\u1ed9 th\u1ea5p tuy\u1ec7t v\u1eddi.","robots":{"index":"index","follow":"follow","max-snippet":"max-snippet:-1","max-image-preview":"max-image-preview:large","max-video-preview":"max-video-preview:-1"},"canonical":"https:\/\/www.tstcables.com\/vi\/product\/day-va-cap-nhiet-do-cao-silicone\/","og_locale":"vi_VN","og_type":"article","og_title":"D\u00e2y v\u00e0 c\u00e1p nhi\u1ec7t \u0111\u1ed9 cao silicone - TST CABLES supplier &amp; Manufacture","og_description":"D\u00e2y v\u00e0 c\u00e1p nhi\u1ec7t \u0111\u1ed9 cao \u0111i\u1ec7n \u00e1p cao silicone c\u00f3 kh\u1ea3 n\u0103ng ch\u1ecbu nhi\u1ec7t \u0111\u1ed9 cao v\u00e0 nhi\u1ec7t \u0111\u1ed9 th\u1ea5p tuy\u1ec7t v\u1eddi.","og_url":"https:\/\/www.tstcables.com\/vi\/product\/day-va-cap-nhiet-do-cao-silicone\/","og_site_name":"TST CABLES supplier &amp; Manufacture","og_image":[{"width":640,"height":640,"url":"https:\/\/www.tstcables.com\/wp-content\/uploads\/2024\/03\/1-2.webp","type":"image\/webp"}],"twitter_card":"summary_large_image","twitter_misc":{"Est. reading time":"1 minute"},"schema":{"@context":"https:\/\/schema.org","@graph":[{"@type":"WebPage","@id":"https:\/\/www.tstcables.com\/vi\/product\/day-va-cap-nhiet-do-cao-silicone\/","url":"https:\/\/www.tstcables.com\/vi\/product\/day-va-cap-nhiet-do-cao-silicone\/","name":"D\u00e2y v\u00e0 c\u00e1p nhi\u1ec7t \u0111\u1ed9 cao silicone - TST CABLES supplier &amp; Manufacture","isPartOf":{"@id":"https:\/\/www.tstcables.com\/vi\/#website"},"primaryImageOfPage":{"@id":"https:\/\/www.tstcables.com\/vi\/product\/day-va-cap-nhiet-do-cao-silicone\/#primaryimage"},"image":{"@id":"https:\/\/www.tstcables.com\/vi\/product\/day-va-cap-nhiet-do-cao-silicone\/#primaryimage"},"thumbnailUrl":"https:\/\/www.tstcables.com\/wp-content\/uploads\/2024\/03\/1-2.webp","datePublished":"2024-03-22T07:56:05+00:00","description":"D\u00e2y v\u00e0 c\u00e1p nhi\u1ec7t \u0111\u1ed9 cao \u0111i\u1ec7n \u00e1p cao silicone c\u00f3 kh\u1ea3 n\u0103ng ch\u1ecbu nhi\u1ec7t \u0111\u1ed9 cao v\u00e0 nhi\u1ec7t \u0111\u1ed9 th\u1ea5p tuy\u1ec7t v\u1eddi.","breadcrumb":{"@id":"https:\/\/www.tstcables.com\/vi\/product\/day-va-cap-nhiet-do-cao-silicone\/#breadcrumb"},"inLanguage":"vi-VN","potentialAction":[{"@type":"ReadAction","target":["https:\/\/www.tstcables.com\/vi\/product\/day-va-cap-nhiet-do-cao-silicone\/"]}]},{"@type":"ImageObject","inLanguage":"vi-VN","@id":"https:\/\/www.tstcables.com\/vi\/product\/day-va-cap-nhiet-do-cao-silicone\/#primaryimage","url":"https:\/\/www.tstcables.com\/wp-content\/uploads\/2024\/03\/1-2.webp","contentUrl":"https:\/\/www.tstcables.com\/wp-content\/uploads\/2024\/03\/1-2.webp","width":640,"height":640,"caption":"CAT7 cable (Category 7 network cable) EN50264 fire-resistant wire &cableEN50264 fire-resistant wire &cable"},{"@type":"BreadcrumbList","@id":"https:\/\/www.tstcables.com\/vi\/product\/day-va-cap-nhiet-do-cao-silicone\/#breadcrumb","itemListElement":[{"@type":"ListItem","position":1,"name":"\u9996\u9875","item":"https:\/\/www.tstcables.com\/vi\/"},{"@type":"ListItem","position":2,"name":"Product","item":"https:\/\/www.tstcables.com\/product\/"},{"@type":"ListItem","position":3,"name":"D\u00e2y v\u00e0 c\u00e1p nhi\u1ec7t \u0111\u1ed9 cao silicone"}]},{"@type":"WebSite","@id":"https:\/\/www.tstcables.com\/vi\/#website","url":"https:\/\/www.tstcables.com\/vi\/","name":"TST Cable supplier & Manufacture","description":"TST CABLES  supplier &amp; Manufacture official website","publisher":{"@id":"https:\/\/www.tstcables.com\/vi\/#organization"},"potentialAction":[{"@type":"SearchAction","target":{"@type":"EntryPoint","urlTemplate":"https:\/\/www.tstcables.com\/vi\/?s={search_term_string}"},"query-input":{"@type":"PropertyValueSpecification","valueRequired":true,"valueName":"search_term_string"}}],"inLanguage":"vi-VN"},{"@type":"Organization","@id":"https:\/\/www.tstcables.com\/vi\/#organization","name":"TST Cable supplier & Manufacture","url":"https:\/\/www.tstcables.com\/vi\/","logo":{"@type":"ImageObject","inLanguage":"vi-VN","@id":"https:\/\/www.tstcables.com\/vi\/#\/schema\/logo\/image\/","url":"https:\/\/www.tstcables.com\/wp-content\/uploads\/2024\/04\/cropped-\u753b\u677f-1-\u62f7\u8d1d-4-1.png","contentUrl":"https:\/\/www.tstcables.com\/wp-content\/uploads\/2024\/04\/cropped-\u753b\u677f-1-\u62f7\u8d1d-4-1.png","width":300,"height":100,"caption":"TST Cable supplier & Manufacture"},"image":{"@id":"https:\/\/www.tstcables.com\/vi\/#\/schema\/logo\/image\/"}}]}},"_links":{"self":[{"href":"https:\/\/www.tstcables.com\/vi\/wp-json\/wp\/v2\/product\/21117","targetHints":{"allow":["GET"]}}],"collection":[{"href":"https:\/\/www.tstcables.com\/vi\/wp-json\/wp\/v2\/product"}],"about":[{"href":"https:\/\/www.tstcables.com\/vi\/wp-json\/wp\/v2\/types\/product"}],"version-history":[{"count":0,"href":"https:\/\/www.tstcables.com\/vi\/wp-json\/wp\/v2\/product\/21117\/revisions"}],"wp:featuredmedia":[{"embeddable":true,"href":"https:\/\/www.tstcables.com\/vi\/wp-json\/wp\/v2\/media\/12792"}],"wp:attachment":[{"href":"https:\/\/www.tstcables.com\/vi\/wp-json\/wp\/v2\/media?parent=21117"}],"wp:term":[{"taxonomy":"product_brand","embeddable":true,"href":"https:\/\/www.tstcables.com\/vi\/wp-json\/wp\/v2\/product_brand?post=21117"},{"taxonomy":"product_cat","embeddable":true,"href":"https:\/\/www.tstcables.com\/vi\/wp-json\/wp\/v2\/product_cat?post=21117"},{"taxonomy":"product_tag","embeddable":true,"href":"https:\/\/www.tstcables.com\/vi\/wp-json\/wp\/v2\/product_tag?post=21117"}],"curies":[{"name":"wp","href":"https:\/\/api.w.org\/{rel}","templated":true}]}}