{"id":21128,"date":"2024-03-22T14:58:58","date_gmt":"2024-03-22T06:58:58","guid":{"rendered":"https:\/\/www.tstcables.com\/product\/day-va-cap-chong-chay-cap-chong-chay-khong-chua-halogen-it-khoi\/"},"modified":"2024-03-22T14:58:58","modified_gmt":"2024-03-22T06:58:58","slug":"day-va-cap-chong-chay-cap-chong-chay-khong-chua-halogen-it-khoi","status":"publish","type":"product","link":"https:\/\/www.tstcables.com\/vi\/product\/day-va-cap-chong-chay-cap-chong-chay-khong-chua-halogen-it-khoi\/","title":{"rendered":"D\u00e2y v\u00e0 c\u00e1p ch\u1ed1ng ch\u00e1y C\u00e1p ch\u1ed1ng ch\u00e1y kh\u00f4ng ch\u1ee9a halogen \u00edt kh\u00f3i"},"content":{"rendered":"<p><strong>S\u1ed1 s\u1ea3n ph\u1ea9m:<\/strong><\/p>\n<ul>\n<li>GN500<\/li>\n<\/ul>\n<div class=\"UdTY9 BwTYAc leDWne\" aria-hidden=\"true\" data-location=\"1\"><\/div>\n<div class=\"QcsUad BDJ8fb sMVRZe wneUed\">\n<div class=\"usGWQd\">\n<div class=\"KkbLmb\">\n<div class=\"lRu31\" dir=\"ltr\"><strong><span class=\"HwtZe\" lang=\"en\"><span class=\"jCAhz ChMk0b\"><span class=\"ryNqvb\">Ti\u00eau chu\u1ea9n c\u00f4ng nghi\u1ec7p:<\/span><\/span><\/span><\/strong><\/div>\n<\/div>\n<\/div>\n<\/div>\n<ul>\n<li>Q31\/0114000209C025-2017<\/li>\n<\/ul>\n<p><strong>T\u00ednh n\u0103ng s\u1ea3n ph\u1ea9m:<\/strong><\/p>\n<ul>\n<li>\u0110i\u1ec7n \u00e1p \u0111\u1ecbnh m\u1ee9c: 300\/500V<\/li>\n<li><span style=\"font-size: 16px; font-style: normal; font-weight: 400;\">Ph\u1ea1m vi nhi\u1ec7t \u0111\u1ed9: -60 ~ + 500oC (nhi\u1ec7t \u0111\u1ed9 xung 600oC)<\/span><\/li>\n<li><span style=\"font-size: 16px; font-style: normal; font-weight: 400;\">D\u00e2y d\u1eabn: d\u00e2y niken nguy\u00ean ch\u1ea5t<\/span><\/li>\n<li><span style=\"font-size: 16px; font-style: normal; font-weight: 400;\">M\u00e0u s\u1eafc: tr\u1eafng v\u1edbi \u0111\u1ecf, tr\u1eafng v\u1edbi xanh, tr\u1eafng v\u1edbi \u0111en, v.v.<\/span><\/li>\n<\/ul>\n<p><strong>Chi\u1ec1u d\u00e0i giao h\u00e0ng:<\/strong><br \/>\nCho ph\u00e9p c\u00e1c \u0111o\u1ea1n d\u00e2y ng\u1eafn c\u00f3 chi\u1ec1u d\u00e0i kh\u00f4ng d\u01b0\u1edbi 10 m\u00e9t nh\u01b0ng s\u1ed1 l\u01b0\u1ee3ng kh\u00f4ng v\u01b0\u1ee3t qu\u00e1 10% t\u1ed5ng l\u01b0\u1ee3ng giao;<\/p>\n<p><strong>Hi\u1ec7u su\u1ea5t s\u1ea3n ph\u1ea9m:<\/strong><br \/>\nN\u00f3 c\u00f3 kh\u1ea3 n\u0103ng ch\u1ecbu nhi\u1ec7t \u0111\u1ed9 cao v\u00e0 ch\u1ecbu nhi\u1ec7t \u0111\u1ed9 th\u1ea5p tuy\u1ec7t v\u1eddi, t\u00ednh ch\u1ea5t c\u00e1ch \u0111i\u1ec7n tuy\u1ec7t v\u1eddi v\u00e0 \u0111\u1ed9 \u1ed5n \u0111\u1ecbnh h\u00f3a h\u1ecdc tuy\u1ec7t v\u1eddi.<\/p>\n<p><strong>C\u00e1c \u1ee9ng d\u1ee5ng:<\/strong><br \/>\nN\u00f3 \u0111\u01b0\u1ee3c s\u1eed d\u1ee5ng r\u1ed9ng r\u00e3i trong h\u1ec7 th\u1ed1ng d\u00e2y \u0111i\u1ec7n trong \u1ed1ng kh\u00f3i \u0111\u1ed1t, nh\u00e0 m\u00e1y gi\u1ea5y, l\u00f2 nung th\u1ee7y tinh, nh\u00e0 m\u00e1y th\u00e9p, ph\u00f2ng ch\u00e1y ch\u1eefa ch\u00e1y, l\u00f2 n\u01b0\u1edbng \u0111i\u1ec7n, luy\u1ec7n kim, c\u00f4ng nghi\u1ec7p h\u00f3a ch\u1ea5t, n\u0103ng l\u01b0\u1ee3ng \u0111i\u1ec7n, khai th\u00e1c m\u1ecf v\u00e0 c\u00e1c d\u1ecbp nhi\u1ec7t \u0111\u1ed9 cao kh\u00e1c.<\/p>\n<p><strong>Th\u00f4ng s\u1ed1 s\u1ea3n ph\u1ea9m:<\/strong><\/p>\n<table class=\"tg\">\n<thead>\n<tr>\n<th class=\"tg-wa1i\" rowspan=\"2\">ch\u00e9o danh ngh\u0129a<br \/>\nti\u1ebft di\u1ec7n (mm2)<\/th>\n<th class=\"tg-wa1i\" rowspan=\"2\">S\u1ed1 l\u01b0\u1ee3ng d\u00e2y d\u1eabn<br \/>\nc\u1ea5u tr\u00fac\/\u0111\u01b0\u1eddng k\u00ednh d\u00e2y (mm)<\/th>\n<th class=\"tg-wa1i\" rowspan=\"2\">V\u1eadt li\u1ec7u c\u00e1ch nhi\u1ec7t<br \/>\n\u0111\u1ed9 d\u00e0y (mm)<\/th>\n<th class=\"tg-wa1i\">\u0110\u01b0\u1eddng k\u00ednh ngo\u00e0i<\/th>\n<th class=\"tg-wa1i\">\u0111\u00f3ng g\u00f3i<\/th>\n<\/tr>\n<tr>\n<th class=\"tg-wa1i\">ki\u1ec3m so\u00e1t (mm)<\/th>\n<th class=\"tg-wa1i\">chi\u1ec1u d\u00e0i (m)<\/th>\n<\/tr>\n<\/thead>\n<tbody>\n<tr>\n<td class=\"tg-nrix\">0.5<\/td>\n<td class=\"tg-nrix\">7 \u00d7 0.30<\/td>\n<td class=\"tg-nrix\">0.5<\/td>\n<td class=\"tg-nrix\">2.3\u571f0.3<\/td>\n<td class=\"tg-nrix\">200<\/td>\n<\/tr>\n<tr>\n<td class=\"tg-nrix\">0.75<\/td>\n<td class=\"tg-nrix\">11 \u00d7 0.30<\/td>\n<td class=\"tg-nrix\">0.5<\/td>\n<td class=\"tg-nrix\">2.5\u00b10.3<\/td>\n<td class=\"tg-nrix\">200<\/td>\n<\/tr>\n<tr>\n<td class=\"tg-nrix\">1<\/td>\n<td class=\"tg-nrix\">14 \u00d7 0.30<\/td>\n<td class=\"tg-nrix\">0.5<\/td>\n<td class=\"tg-nrix\">2.6\u571f0.3<\/td>\n<td class=\"tg-nrix\">200<\/td>\n<\/tr>\n<tr>\n<td class=\"tg-nrix\">1.2<\/td>\n<td class=\"tg-nrix\">40 \u00d7 0.19<\/td>\n<td class=\"tg-nrix\">0.5<\/td>\n<td class=\"tg-nrix\">2.7 \u00b1 0.3<\/td>\n<td class=\"tg-nrix\">100<\/td>\n<\/tr>\n<tr>\n<td class=\"tg-nrix\">1.5<\/td>\n<td class=\"tg-nrix\">21 \u00d7 0.30<\/td>\n<td class=\"tg-nrix\">0.5<\/td>\n<td class=\"tg-nrix\">2.9\u571f0.3<\/td>\n<td class=\"tg-nrix\">100<\/td>\n<\/tr>\n<tr>\n<td class=\"tg-nrix\">2<\/td>\n<td class=\"tg-nrix\">28 \u00d7 0.30<\/td>\n<td class=\"tg-nrix\">0.6<\/td>\n<td class=\"tg-nrix\">3.3\u571f0.5<\/td>\n<td class=\"tg-nrix\">100<\/td>\n<\/tr>\n<tr>\n<td class=\"tg-nrix\">2.5<\/td>\n<td class=\"tg-nrix\">35 \u00d7 0.30<\/td>\n<td class=\"tg-nrix\">0.6<\/td>\n<td class=\"tg-nrix\">3.6\u571f0.5<\/td>\n<td class=\"tg-nrix\">100<\/td>\n<\/tr>\n<tr>\n<td class=\"tg-nrix\">4<\/td>\n<td class=\"tg-nrix\">56 \u00d7 0.30<\/td>\n<td class=\"tg-nrix\">0.8<\/td>\n<td class=\"tg-nrix\">4.7\u00b10.5<\/td>\n<td class=\"tg-nrix\">100<\/td>\n<\/tr>\n<tr>\n<td class=\"tg-nrix\">6<\/td>\n<td class=\"tg-nrix\">84 \u00d7 0.30<\/td>\n<td class=\"tg-nrix\">0.8<\/td>\n<td class=\"tg-nrix\">5.5\u571f0.5<\/td>\n<td class=\"tg-nrix\">100<\/td>\n<\/tr>\n<tr>\n<td class=\"tg-nrix\">10<\/td>\n<td class=\"tg-nrix\">84 \u00d7 0.40<\/td>\n<td class=\"tg-nrix\">0.8<\/td>\n<td class=\"tg-nrix\">6.6\u571f0.5<\/td>\n<td class=\"tg-nrix\">100<\/td>\n<\/tr>\n<tr>\n<td class=\"tg-nrix\">16<\/td>\n<td class=\"tg-nrix\">228 \u00d7 0.30<\/td>\n<td class=\"tg-nrix\">0.8<\/td>\n<td class=\"tg-nrix\">7.8\u00b10.5<\/td>\n<td class=\"tg-nrix\">100<\/td>\n<\/tr>\n<tr>\n<td class=\"tg-nrix\">25<\/td>\n<td class=\"tg-nrix\">126 \u00d7 0.40<\/td>\n<td class=\"tg-nrix\">0.8<\/td>\n<td class=\"tg-nrix\">7.8\u571f0.5<\/td>\n<td class=\"tg-nrix\">100<\/td>\n<\/tr>\n<tr>\n<td class=\"tg-nrix\">25<\/td>\n<td class=\"tg-nrix\">196 \u00d7 0.40<\/td>\n<td class=\"tg-nrix\">0.8<\/td>\n<td class=\"tg-nrix\">9.5\u00b10.5<\/td>\n<td class=\"tg-nrix\">100<\/td>\n<\/tr>\n<tr>\n<td class=\"tg-nrix\">35<\/td>\n<td class=\"tg-nrix\">361 \u00d7 0.30<\/td>\n<td class=\"tg-nrix\">0.8<\/td>\n<td class=\"tg-nrix\">9.5\u571f0.5<\/td>\n<td class=\"tg-nrix\">100<\/td>\n<\/tr>\n<tr>\n<td class=\"tg-nrix\">35<\/td>\n<td class=\"tg-nrix\">494 \u00d7 0.30<\/td>\n<td class=\"tg-nrix\">1<\/td>\n<td class=\"tg-nrix\">11.2\u00b11.0<\/td>\n<td class=\"tg-nrix\">100<\/td>\n<\/tr>\n<tr>\n<td class=\"tg-nrix\">50<\/td>\n<td class=\"tg-nrix\">396 \u00d7 0.40<\/td>\n<td class=\"tg-nrix\">1.2<\/td>\n<td class=\"tg-nrix\">13.2\u00b11.0<\/td>\n<td class=\"tg-nrix\">100<\/td>\n<\/tr>\n<tr>\n<td class=\"tg-nrix\">70<\/td>\n<td class=\"tg-nrix\">703 \u00d7 0.30<\/td>\n<td class=\"tg-nrix\">1.2<\/td>\n<td class=\"tg-nrix\">13.2\u00b11.0<\/td>\n<td class=\"tg-nrix\">100<\/td>\n<\/tr>\n<tr>\n<td class=\"tg-nrix\">70<\/td>\n<td class=\"tg-nrix\">551 \u00d7 0.40<\/td>\n<td class=\"tg-nrix\">1.2<\/td>\n<td class=\"tg-nrix\">15.4\u00b1 1.0<\/td>\n<td class=\"tg-nrix\">100<\/td>\n<\/tr>\n<tr>\n<td class=\"tg-nrix\">95<\/td>\n<td class=\"tg-nrix\">988 \u00d7 0.30<\/td>\n<td class=\"tg-nrix\">1.2<\/td>\n<td class=\"tg-nrix\">15.4\u00b1 1.0<\/td>\n<td class=\"tg-nrix\">100<\/td>\n<\/tr>\n<tr>\n<td class=\"tg-nrix\">95<\/td>\n<td class=\"tg-nrix\">760\u00d7 0.40<\/td>\n<td class=\"tg-nrix\">1.2<\/td>\n<td class=\"tg-nrix\">17.4\u00b1 1.0<\/td>\n<td class=\"tg-nrix\">100<\/td>\n<\/tr>\n<\/tbody>\n<\/table>\n<p>L\u01b0u \u00fd: S\u1ea3n ph\u1ea9m c\u00f3 th\u00f4ng s\u1ed1 k\u1ef9 thu\u1eadt kh\u00e1c c\u00f3 th\u1ec3 \u0111\u01b0\u1ee3c s\u1ea3n xu\u1ea5t theo th\u1ecfa thu\u1eadn gi\u1eefa nh\u00e0 cung c\u1ea5p v\u00e0 ng\u01b0\u1eddi mua.<\/p>\n","protected":false},"excerpt":{"rendered":"<p>N\u00f3 \u0111\u01b0\u1ee3c s\u1eed d\u1ee5ng r\u1ed9ng r\u00e3i trong h\u1ec7 th\u1ed1ng d\u00e2y \u0111i\u1ec7n trong \u1ed1ng kh\u00f3i \u0111\u1ed1t, nh\u00e0 m\u00e1y gi\u1ea5y, l\u00f2 nung th\u1ee7y tinh, nh\u00e0 m\u00e1y th\u00e9p, ph\u00f2ng ch\u00e1y ch\u1eefa ch\u00e1y, l\u00f2 n\u01b0\u1edbng \u0111i\u1ec7n, luy\u1ec7n kim, c\u00f4ng nghi\u1ec7p h\u00f3a ch\u1ea5t, n\u0103ng l\u01b0\u1ee3ng \u0111i\u1ec7n, khai th\u00e1c m\u1ecf v\u00e0 c\u00e1c d\u1ecbp nhi\u1ec7t \u0111\u1ed9 cao kh\u00e1c.<\/p>\n","protected":false},"featured_media":13590,"template":"","meta":{"_eb_attr":"","site-sidebar-layout":"default","site-content-layout":"","ast-site-content-layout":"default","site-content-style":"default","site-sidebar-style":"default","ast-global-header-display":"","ast-banner-title-visibility":"","ast-main-header-display":"","ast-hfb-above-header-display":"","ast-hfb-below-header-display":"","ast-hfb-mobile-header-display":"","site-post-title":"","ast-breadcrumbs-content":"","ast-featured-img":"","footer-sml-layout":"","theme-transparent-header-meta":"default","adv-header-id-meta":"","stick-header-meta":"","header-above-stick-meta":"","header-main-stick-meta":"","header-below-stick-meta":"","astra-migrate-meta-layouts":"default","ast-page-background-enabled":"default","ast-page-background-meta":{"desktop":{"background-color":"","background-image":"","background-repeat":"repeat","background-position":"center center","background-size":"auto","background-attachment":"scroll","background-type":"","background-media":"","overlay-type":"","overlay-color":"","overlay-opacity":"","overlay-gradient":""},"tablet":{"background-color":"","background-image":"","background-repeat":"repeat","background-position":"center center","background-size":"auto","background-attachment":"scroll","background-type":"","background-media":"","overlay-type":"","overlay-color":"","overlay-opacity":"","overlay-gradient":""},"mobile":{"background-color":"","background-image":"","background-repeat":"repeat","background-position":"center center","background-size":"auto","background-attachment":"scroll","background-type":"","background-media":"","overlay-type":"","overlay-color":"","overlay-opacity":"","overlay-gradient":""}},"ast-content-background-meta":{"desktop":{"background-color":"var(--ast-global-color-5)","background-image":"","background-repeat":"repeat","background-position":"center center","background-size":"auto","background-attachment":"scroll","background-type":"","background-media":"","overlay-type":"","overlay-color":"","overlay-opacity":"","overlay-gradient":""},"tablet":{"background-color":"var(--ast-global-color-5)","background-image":"","background-repeat":"repeat","background-position":"center center","background-size":"auto","background-attachment":"scroll","background-type":"","background-media":"","overlay-type":"","overlay-color":"","overlay-opacity":"","overlay-gradient":""},"mobile":{"background-color":"var(--ast-global-color-5)","background-image":"","background-repeat":"repeat","background-position":"center center","background-size":"auto","background-attachment":"scroll","background-type":"","background-media":"","overlay-type":"","overlay-color":"","overlay-opacity":"","overlay-gradient":""}}},"product_brand":[],"product_cat":[833,831,826,836,842,827,828,829,830,834,825,832,1998,847],"product_tag":[1926,2066,2067,2068],"class_list":{"0":"post-21128","1":"product","2":"type-product","3":"status-publish","4":"has-post-thumbnail","6":"product_cat-lsoh-cable-vi","7":"product_cat-high-temperature-cable-vi","8":"product_cat-customized-cable-vi","9":"product_cat-oil-gas-vi","10":"product_cat-rail-way-vi","11":"product_cat-enstandard-cable-vi","12":"product_cat-en50264-vi","13":"product_cat-en50306-vi","14":"product_cat-en50382-vi","15":"product_cat-marine-vi","16":"product_cat-aviation-vi","17":"product_cat-ice-standard-vi","18":"product_cat-khoi-luong-kg-km","19":"product_cat-wind-power-vi","20":"product_tag-cap-nhiet-do-cao","21":"product_tag-day-chong-chay-khong-khoi-halogen-gn500","22":"product_tag-gn500-vi","23":"product_tag-loai-bo-thuat-ngu-cap-nhiet-do-cao-cap-nhiet-do-cao-gn500","24":"desktop-align-center","25":"tablet-align-left","26":"mobile-align-left","28":"first","29":"instock","30":"shipping-taxable","31":"product-type-simple"},"yoast_head":"<!-- This site is optimized with the Yoast SEO plugin v27.3 - https:\/\/yoast.com\/product\/yoast-seo-wordpress\/ -->\n<title>D\u00e2y ch\u1ed1ng ch\u00e1y kh\u00f4ng kh\u00f3i halogen GN500<\/title>\n<meta name=\"description\" content=\"N\u00f3 \u0111\u01b0\u1ee3c s\u1eed d\u1ee5ng r\u1ed9ng r\u00e3i trong h\u1ec7 th\u1ed1ng d\u00e2y \u0111i\u1ec7n trong \u1ed1ng kh\u00f3i \u0111\u1ed1t, nh\u00e0 m\u00e1y gi\u1ea5y, l\u00f2 nung th\u1ee7y tinh, nh\u00e0 m\u00e1y th\u00e9p, ph\u00f2ng ch\u00e1y ch\u1eefa ch\u00e1y, l\u00f2 n\u01b0\u1edbng \u0111i\u1ec7n, luy\u1ec7n kim, c\u00f4ng nghi\u1ec7p h\u00f3a ch\u1ea5t, n\u0103ng l\u01b0\u1ee3ng \u0111i\u1ec7n, khai th\u00e1c m\u1ecf v\u00e0 c\u00e1c d\u1ecbp nhi\u1ec7t \u0111\u1ed9 cao kh\u00e1c.\" \/>\n<meta name=\"robots\" content=\"index, follow, max-snippet:-1, max-image-preview:large, max-video-preview:-1\" \/>\n<link rel=\"canonical\" href=\"https:\/\/www.tstcables.com\/vi\/product\/day-va-cap-chong-chay-cap-chong-chay-khong-chua-halogen-it-khoi\/\" \/>\n<meta property=\"og:locale\" content=\"vi_VN\" \/>\n<meta property=\"og:type\" content=\"article\" \/>\n<meta property=\"og:title\" content=\"D\u00e2y ch\u1ed1ng ch\u00e1y kh\u00f4ng kh\u00f3i halogen GN500\" \/>\n<meta property=\"og:description\" content=\"N\u00f3 \u0111\u01b0\u1ee3c s\u1eed d\u1ee5ng r\u1ed9ng r\u00e3i trong h\u1ec7 th\u1ed1ng d\u00e2y \u0111i\u1ec7n trong \u1ed1ng kh\u00f3i \u0111\u1ed1t, nh\u00e0 m\u00e1y gi\u1ea5y, l\u00f2 nung th\u1ee7y tinh, nh\u00e0 m\u00e1y th\u00e9p, ph\u00f2ng ch\u00e1y ch\u1eefa ch\u00e1y, l\u00f2 n\u01b0\u1edbng \u0111i\u1ec7n, luy\u1ec7n kim, c\u00f4ng nghi\u1ec7p h\u00f3a ch\u1ea5t, n\u0103ng l\u01b0\u1ee3ng \u0111i\u1ec7n, khai th\u00e1c m\u1ecf v\u00e0 c\u00e1c d\u1ecbp nhi\u1ec7t \u0111\u1ed9 cao kh\u00e1c.\" \/>\n<meta property=\"og:url\" content=\"https:\/\/www.tstcables.com\/vi\/product\/day-va-cap-chong-chay-cap-chong-chay-khong-chua-halogen-it-khoi\/\" \/>\n<meta property=\"og:site_name\" content=\"TST CABLES supplier &amp; Manufacture\" \/>\n<meta property=\"og:image\" content=\"https:\/\/www.tstcables.com\/wp-content\/uploads\/2024\/03\/4-19.jpg\" \/>\n\t<meta property=\"og:image:width\" content=\"750\" \/>\n\t<meta property=\"og:image:height\" content=\"750\" \/>\n\t<meta property=\"og:image:type\" content=\"image\/jpeg\" \/>\n<meta name=\"twitter:card\" content=\"summary_large_image\" \/>\n<meta name=\"twitter:label1\" content=\"Est. reading time\" \/>\n\t<meta name=\"twitter:data1\" content=\"2 minutes\" \/>\n<script type=\"application\/ld+json\" class=\"yoast-schema-graph\">{\"@context\":\"https:\\\/\\\/schema.org\",\"@graph\":[{\"@type\":\"WebPage\",\"@id\":\"https:\\\/\\\/www.tstcables.com\\\/vi\\\/product\\\/day-va-cap-chong-chay-cap-chong-chay-khong-chua-halogen-it-khoi\\\/\",\"url\":\"https:\\\/\\\/www.tstcables.com\\\/vi\\\/product\\\/day-va-cap-chong-chay-cap-chong-chay-khong-chua-halogen-it-khoi\\\/\",\"name\":\"D\u00e2y ch\u1ed1ng ch\u00e1y kh\u00f4ng kh\u00f3i halogen GN500\",\"isPartOf\":{\"@id\":\"https:\\\/\\\/www.tstcables.com\\\/vi\\\/#website\"},\"primaryImageOfPage\":{\"@id\":\"https:\\\/\\\/www.tstcables.com\\\/vi\\\/product\\\/day-va-cap-chong-chay-cap-chong-chay-khong-chua-halogen-it-khoi\\\/#primaryimage\"},\"image\":{\"@id\":\"https:\\\/\\\/www.tstcables.com\\\/vi\\\/product\\\/day-va-cap-chong-chay-cap-chong-chay-khong-chua-halogen-it-khoi\\\/#primaryimage\"},\"thumbnailUrl\":\"https:\\\/\\\/www.tstcables.com\\\/wp-content\\\/uploads\\\/2024\\\/03\\\/4-19.jpg\",\"datePublished\":\"2024-03-22T06:58:58+00:00\",\"description\":\"N\u00f3 \u0111\u01b0\u1ee3c s\u1eed d\u1ee5ng r\u1ed9ng r\u00e3i trong h\u1ec7 th\u1ed1ng d\u00e2y \u0111i\u1ec7n trong \u1ed1ng kh\u00f3i \u0111\u1ed1t, nh\u00e0 m\u00e1y gi\u1ea5y, l\u00f2 nung th\u1ee7y tinh, nh\u00e0 m\u00e1y th\u00e9p, ph\u00f2ng ch\u00e1y ch\u1eefa ch\u00e1y, l\u00f2 n\u01b0\u1edbng \u0111i\u1ec7n, luy\u1ec7n kim, c\u00f4ng nghi\u1ec7p h\u00f3a ch\u1ea5t, n\u0103ng l\u01b0\u1ee3ng \u0111i\u1ec7n, khai th\u00e1c m\u1ecf v\u00e0 c\u00e1c d\u1ecbp nhi\u1ec7t \u0111\u1ed9 cao kh\u00e1c.\",\"breadcrumb\":{\"@id\":\"https:\\\/\\\/www.tstcables.com\\\/vi\\\/product\\\/day-va-cap-chong-chay-cap-chong-chay-khong-chua-halogen-it-khoi\\\/#breadcrumb\"},\"inLanguage\":\"vi-VN\",\"potentialAction\":[{\"@type\":\"ReadAction\",\"target\":[\"https:\\\/\\\/www.tstcables.com\\\/vi\\\/product\\\/day-va-cap-chong-chay-cap-chong-chay-khong-chua-halogen-it-khoi\\\/\"]}]},{\"@type\":\"ImageObject\",\"inLanguage\":\"vi-VN\",\"@id\":\"https:\\\/\\\/www.tstcables.com\\\/vi\\\/product\\\/day-va-cap-chong-chay-cap-chong-chay-khong-chua-halogen-it-khoi\\\/#primaryimage\",\"url\":\"https:\\\/\\\/www.tstcables.com\\\/wp-content\\\/uploads\\\/2024\\\/03\\\/4-19.jpg\",\"contentUrl\":\"https:\\\/\\\/www.tstcables.com\\\/wp-content\\\/uploads\\\/2024\\\/03\\\/4-19.jpg\",\"width\":750,\"height\":750,\"caption\":\"Fire-resistant wire smoke halogen-free flame retardant GN500\"},{\"@type\":\"BreadcrumbList\",\"@id\":\"https:\\\/\\\/www.tstcables.com\\\/vi\\\/product\\\/day-va-cap-chong-chay-cap-chong-chay-khong-chua-halogen-it-khoi\\\/#breadcrumb\",\"itemListElement\":[{\"@type\":\"ListItem\",\"position\":1,\"name\":\"\u9996\u9875\",\"item\":\"https:\\\/\\\/www.tstcables.com\\\/vi\\\/\"},{\"@type\":\"ListItem\",\"position\":2,\"name\":\"Product\",\"item\":\"https:\\\/\\\/www.tstcables.com\\\/product\\\/\"},{\"@type\":\"ListItem\",\"position\":3,\"name\":\"D\u00e2y v\u00e0 c\u00e1p ch\u1ed1ng ch\u00e1y C\u00e1p ch\u1ed1ng ch\u00e1y kh\u00f4ng ch\u1ee9a halogen \u00edt kh\u00f3i\"}]},{\"@type\":\"WebSite\",\"@id\":\"https:\\\/\\\/www.tstcables.com\\\/vi\\\/#website\",\"url\":\"https:\\\/\\\/www.tstcables.com\\\/vi\\\/\",\"name\":\"TST Cable supplier & Manufacture\",\"description\":\"TST CABLES  supplier &amp; Manufacture official website\",\"publisher\":{\"@id\":\"https:\\\/\\\/www.tstcables.com\\\/vi\\\/#organization\"},\"potentialAction\":[{\"@type\":\"SearchAction\",\"target\":{\"@type\":\"EntryPoint\",\"urlTemplate\":\"https:\\\/\\\/www.tstcables.com\\\/vi\\\/?s={search_term_string}\"},\"query-input\":{\"@type\":\"PropertyValueSpecification\",\"valueRequired\":true,\"valueName\":\"search_term_string\"}}],\"inLanguage\":\"vi-VN\"},{\"@type\":\"Organization\",\"@id\":\"https:\\\/\\\/www.tstcables.com\\\/vi\\\/#organization\",\"name\":\"TST Cable supplier & Manufacture\",\"url\":\"https:\\\/\\\/www.tstcables.com\\\/vi\\\/\",\"logo\":{\"@type\":\"ImageObject\",\"inLanguage\":\"vi-VN\",\"@id\":\"https:\\\/\\\/www.tstcables.com\\\/vi\\\/#\\\/schema\\\/logo\\\/image\\\/\",\"url\":\"https:\\\/\\\/www.tstcables.com\\\/wp-content\\\/uploads\\\/2024\\\/04\\\/cropped-\u753b\u677f-1-\u62f7\u8d1d-4-1.png\",\"contentUrl\":\"https:\\\/\\\/www.tstcables.com\\\/wp-content\\\/uploads\\\/2024\\\/04\\\/cropped-\u753b\u677f-1-\u62f7\u8d1d-4-1.png\",\"width\":300,\"height\":100,\"caption\":\"TST Cable supplier & Manufacture\"},\"image\":{\"@id\":\"https:\\\/\\\/www.tstcables.com\\\/vi\\\/#\\\/schema\\\/logo\\\/image\\\/\"}}]}<\/script>\n<!-- \/ Yoast SEO plugin. -->","yoast_head_json":{"title":"D\u00e2y ch\u1ed1ng ch\u00e1y kh\u00f4ng kh\u00f3i halogen GN500","description":"N\u00f3 \u0111\u01b0\u1ee3c s\u1eed d\u1ee5ng r\u1ed9ng r\u00e3i trong h\u1ec7 th\u1ed1ng d\u00e2y \u0111i\u1ec7n trong \u1ed1ng kh\u00f3i \u0111\u1ed1t, nh\u00e0 m\u00e1y gi\u1ea5y, l\u00f2 nung th\u1ee7y tinh, nh\u00e0 m\u00e1y th\u00e9p, ph\u00f2ng ch\u00e1y ch\u1eefa ch\u00e1y, l\u00f2 n\u01b0\u1edbng \u0111i\u1ec7n, luy\u1ec7n kim, c\u00f4ng nghi\u1ec7p h\u00f3a ch\u1ea5t, n\u0103ng l\u01b0\u1ee3ng \u0111i\u1ec7n, khai th\u00e1c m\u1ecf v\u00e0 c\u00e1c d\u1ecbp nhi\u1ec7t \u0111\u1ed9 cao kh\u00e1c.","robots":{"index":"index","follow":"follow","max-snippet":"max-snippet:-1","max-image-preview":"max-image-preview:large","max-video-preview":"max-video-preview:-1"},"canonical":"https:\/\/www.tstcables.com\/vi\/product\/day-va-cap-chong-chay-cap-chong-chay-khong-chua-halogen-it-khoi\/","og_locale":"vi_VN","og_type":"article","og_title":"D\u00e2y ch\u1ed1ng ch\u00e1y kh\u00f4ng kh\u00f3i halogen GN500","og_description":"N\u00f3 \u0111\u01b0\u1ee3c s\u1eed d\u1ee5ng r\u1ed9ng r\u00e3i trong h\u1ec7 th\u1ed1ng d\u00e2y \u0111i\u1ec7n trong \u1ed1ng kh\u00f3i \u0111\u1ed1t, nh\u00e0 m\u00e1y gi\u1ea5y, l\u00f2 nung th\u1ee7y tinh, nh\u00e0 m\u00e1y th\u00e9p, ph\u00f2ng ch\u00e1y ch\u1eefa ch\u00e1y, l\u00f2 n\u01b0\u1edbng \u0111i\u1ec7n, luy\u1ec7n kim, c\u00f4ng nghi\u1ec7p h\u00f3a ch\u1ea5t, n\u0103ng l\u01b0\u1ee3ng \u0111i\u1ec7n, khai th\u00e1c m\u1ecf v\u00e0 c\u00e1c d\u1ecbp nhi\u1ec7t \u0111\u1ed9 cao kh\u00e1c.","og_url":"https:\/\/www.tstcables.com\/vi\/product\/day-va-cap-chong-chay-cap-chong-chay-khong-chua-halogen-it-khoi\/","og_site_name":"TST CABLES supplier &amp; Manufacture","og_image":[{"width":750,"height":750,"url":"https:\/\/www.tstcables.com\/wp-content\/uploads\/2024\/03\/4-19.jpg","type":"image\/jpeg"}],"twitter_card":"summary_large_image","twitter_misc":{"Est. reading time":"2 minutes"},"schema":{"@context":"https:\/\/schema.org","@graph":[{"@type":"WebPage","@id":"https:\/\/www.tstcables.com\/vi\/product\/day-va-cap-chong-chay-cap-chong-chay-khong-chua-halogen-it-khoi\/","url":"https:\/\/www.tstcables.com\/vi\/product\/day-va-cap-chong-chay-cap-chong-chay-khong-chua-halogen-it-khoi\/","name":"D\u00e2y ch\u1ed1ng ch\u00e1y kh\u00f4ng kh\u00f3i halogen GN500","isPartOf":{"@id":"https:\/\/www.tstcables.com\/vi\/#website"},"primaryImageOfPage":{"@id":"https:\/\/www.tstcables.com\/vi\/product\/day-va-cap-chong-chay-cap-chong-chay-khong-chua-halogen-it-khoi\/#primaryimage"},"image":{"@id":"https:\/\/www.tstcables.com\/vi\/product\/day-va-cap-chong-chay-cap-chong-chay-khong-chua-halogen-it-khoi\/#primaryimage"},"thumbnailUrl":"https:\/\/www.tstcables.com\/wp-content\/uploads\/2024\/03\/4-19.jpg","datePublished":"2024-03-22T06:58:58+00:00","description":"N\u00f3 \u0111\u01b0\u1ee3c s\u1eed d\u1ee5ng r\u1ed9ng r\u00e3i trong h\u1ec7 th\u1ed1ng d\u00e2y \u0111i\u1ec7n trong \u1ed1ng kh\u00f3i \u0111\u1ed1t, nh\u00e0 m\u00e1y gi\u1ea5y, l\u00f2 nung th\u1ee7y tinh, nh\u00e0 m\u00e1y th\u00e9p, ph\u00f2ng ch\u00e1y ch\u1eefa ch\u00e1y, l\u00f2 n\u01b0\u1edbng \u0111i\u1ec7n, luy\u1ec7n kim, c\u00f4ng nghi\u1ec7p h\u00f3a ch\u1ea5t, n\u0103ng l\u01b0\u1ee3ng \u0111i\u1ec7n, khai th\u00e1c m\u1ecf v\u00e0 c\u00e1c d\u1ecbp nhi\u1ec7t \u0111\u1ed9 cao kh\u00e1c.","breadcrumb":{"@id":"https:\/\/www.tstcables.com\/vi\/product\/day-va-cap-chong-chay-cap-chong-chay-khong-chua-halogen-it-khoi\/#breadcrumb"},"inLanguage":"vi-VN","potentialAction":[{"@type":"ReadAction","target":["https:\/\/www.tstcables.com\/vi\/product\/day-va-cap-chong-chay-cap-chong-chay-khong-chua-halogen-it-khoi\/"]}]},{"@type":"ImageObject","inLanguage":"vi-VN","@id":"https:\/\/www.tstcables.com\/vi\/product\/day-va-cap-chong-chay-cap-chong-chay-khong-chua-halogen-it-khoi\/#primaryimage","url":"https:\/\/www.tstcables.com\/wp-content\/uploads\/2024\/03\/4-19.jpg","contentUrl":"https:\/\/www.tstcables.com\/wp-content\/uploads\/2024\/03\/4-19.jpg","width":750,"height":750,"caption":"Fire-resistant wire smoke halogen-free flame retardant GN500"},{"@type":"BreadcrumbList","@id":"https:\/\/www.tstcables.com\/vi\/product\/day-va-cap-chong-chay-cap-chong-chay-khong-chua-halogen-it-khoi\/#breadcrumb","itemListElement":[{"@type":"ListItem","position":1,"name":"\u9996\u9875","item":"https:\/\/www.tstcables.com\/vi\/"},{"@type":"ListItem","position":2,"name":"Product","item":"https:\/\/www.tstcables.com\/product\/"},{"@type":"ListItem","position":3,"name":"D\u00e2y v\u00e0 c\u00e1p ch\u1ed1ng ch\u00e1y C\u00e1p ch\u1ed1ng ch\u00e1y kh\u00f4ng ch\u1ee9a halogen \u00edt kh\u00f3i"}]},{"@type":"WebSite","@id":"https:\/\/www.tstcables.com\/vi\/#website","url":"https:\/\/www.tstcables.com\/vi\/","name":"TST Cable supplier & Manufacture","description":"TST CABLES  supplier &amp; Manufacture official website","publisher":{"@id":"https:\/\/www.tstcables.com\/vi\/#organization"},"potentialAction":[{"@type":"SearchAction","target":{"@type":"EntryPoint","urlTemplate":"https:\/\/www.tstcables.com\/vi\/?s={search_term_string}"},"query-input":{"@type":"PropertyValueSpecification","valueRequired":true,"valueName":"search_term_string"}}],"inLanguage":"vi-VN"},{"@type":"Organization","@id":"https:\/\/www.tstcables.com\/vi\/#organization","name":"TST Cable supplier & Manufacture","url":"https:\/\/www.tstcables.com\/vi\/","logo":{"@type":"ImageObject","inLanguage":"vi-VN","@id":"https:\/\/www.tstcables.com\/vi\/#\/schema\/logo\/image\/","url":"https:\/\/www.tstcables.com\/wp-content\/uploads\/2024\/04\/cropped-\u753b\u677f-1-\u62f7\u8d1d-4-1.png","contentUrl":"https:\/\/www.tstcables.com\/wp-content\/uploads\/2024\/04\/cropped-\u753b\u677f-1-\u62f7\u8d1d-4-1.png","width":300,"height":100,"caption":"TST Cable supplier & Manufacture"},"image":{"@id":"https:\/\/www.tstcables.com\/vi\/#\/schema\/logo\/image\/"}}]}},"_links":{"self":[{"href":"https:\/\/www.tstcables.com\/vi\/wp-json\/wp\/v2\/product\/21128","targetHints":{"allow":["GET"]}}],"collection":[{"href":"https:\/\/www.tstcables.com\/vi\/wp-json\/wp\/v2\/product"}],"about":[{"href":"https:\/\/www.tstcables.com\/vi\/wp-json\/wp\/v2\/types\/product"}],"version-history":[{"count":0,"href":"https:\/\/www.tstcables.com\/vi\/wp-json\/wp\/v2\/product\/21128\/revisions"}],"wp:featuredmedia":[{"embeddable":true,"href":"https:\/\/www.tstcables.com\/vi\/wp-json\/wp\/v2\/media\/13590"}],"wp:attachment":[{"href":"https:\/\/www.tstcables.com\/vi\/wp-json\/wp\/v2\/media?parent=21128"}],"wp:term":[{"taxonomy":"product_brand","embeddable":true,"href":"https:\/\/www.tstcables.com\/vi\/wp-json\/wp\/v2\/product_brand?post=21128"},{"taxonomy":"product_cat","embeddable":true,"href":"https:\/\/www.tstcables.com\/vi\/wp-json\/wp\/v2\/product_cat?post=21128"},{"taxonomy":"product_tag","embeddable":true,"href":"https:\/\/www.tstcables.com\/vi\/wp-json\/wp\/v2\/product_tag?post=21128"}],"curies":[{"name":"wp","href":"https:\/\/api.w.org\/{rel}","templated":true}]}}