{"id":21134,"date":"2024-03-22T08:55:52","date_gmt":"2024-03-22T00:55:52","guid":{"rendered":"https:\/\/www.tstcables.com\/product\/cap-ptfe-teflon-cap-chiu-muoi-va-kiem-chiu-nhiet-250oc-afr250\/"},"modified":"2024-03-22T08:55:52","modified_gmt":"2024-03-22T00:55:52","slug":"cap-ptfe-teflon-cap-chiu-muoi-va-kiem-chiu-nhiet-250oc-afr250","status":"publish","type":"product","link":"https:\/\/www.tstcables.com\/vi\/product\/cap-ptfe-teflon-cap-chiu-muoi-va-kiem-chiu-nhiet-250oc-afr250\/","title":{"rendered":"C\u00e1p PTFE\/teflon C\u00e1p ch\u1ecbu mu\u1ed1i v\u00e0 ki\u1ec1m ch\u1ecbu nhi\u1ec7t 250oC AFR250"},"content":{"rendered":"<p><strong>D\u00f2ng s\u1ea3n ph\u1ea9m:<\/strong><\/p>\n<ul>\n<li>AFR250<\/li>\n<\/ul>\n<p><strong>Ti\u00eau chu\u1ea9n c\u00f4ng nghi\u1ec7p:<\/strong><\/p>\n<ul>\n<li>Q31\/0114000209C025-2017<\/li>\n<\/ul>\n<p><strong>T\u00ednh n\u0103ng s\u1ea3n ph\u1ea9m:<\/strong><br \/>\n1. \u0110i\u1ec7n \u00e1p \u0111\u1ecbnh m\u1ee9c: 250V<br \/>\n2. Nhi\u1ec7t \u0111\u1ed9 l\u00e0m vi\u1ec7c: -65 ~ + 250oC<br \/>\n3. D\u00e2y d\u1eabn: l\u00f5i \u0111\u1eb7c ho\u1eb7c d\u00e2y \u0111\u1ed3ng m\u1ea1 b\u1ea1c<br \/>\n4. C\u00e1ch \u0111i\u1ec7n: B\u0103ng PTFE b\u1ecdc Teflon<br \/>\n5. M\u00e0u s\u1eafc: \u0111\u1ecf \/ v\u00e0ng \/ xanh \/ tr\u1eafng \/ \u0111en \/ v\u00e0ng-xanh \/ n\u00e2u, v.v. M\u00e0u s\u1eafc c\u00f3 th\u1ec3 t\u00f9y ch\u1ec9nh theo nhu c\u1ea7u<\/p>\n<p><strong>T\u00ednh n\u0103ng\/C\u00f4ng d\u1ee5ng:<\/strong><br \/>\nN\u00f3 c\u00f3 kh\u1ea3 n\u0103ng ch\u1ed1ng \u0103n m\u00f2n tuy\u1ec7t v\u1eddi, ch\u1ed1ng d\u1ea7u, kh\u00e1ng axit m\u1ea1nh, kh\u00e1ng ki\u1ec1m m\u1ea1nh, ch\u1ed1ng oxy h\u00f3a m\u1ea1nh, v.v.; n\u00f3 c\u00f3 \u0111\u1eb7c t\u00ednh c\u00e1ch \u0111i\u1ec7n tuy\u1ec7t v\u1eddi, \u0111i\u1ec7n tr\u1edf cao, t\u1ed5n th\u1ea5t t\u1ea7n s\u1ed1 cao th\u1ea5p, kh\u00f4ng h\u1ea5p th\u1ee5 \u0111\u1ed9 \u1ea9m v\u00e0 kh\u1ea3 n\u0103ng c\u00e1ch \u0111i\u1ec7n cao; n\u00f3 c\u00f3 kh\u1ea3 n\u0103ng ch\u1ed1ng ch\u00e1y tuy\u1ec7t v\u1eddi, hi\u1ec7u su\u1ea5t l\u00e3o h\u00f3a v\u00e0 tu\u1ed5i th\u1ecd d\u00e0i. Trong ng\u00e0nh c\u00f4ng nghi\u1ec7p \u0111i\u1ec7n t\u1eed, n\u00f3 c\u00f3 th\u1ec3 \u0111\u01b0\u1ee3c s\u1eed d\u1ee5ng cho d\u00e2y b\u00f9 nhi\u1ec7t \u0111\u1ed9, d\u00e2y ch\u1ecbu nhi\u1ec7t \u0111\u1ed9 th\u1ea5p, d\u00e2y \u0111\u1ed1t nhi\u1ec7t \u0111\u1ed9 cao, d\u00e2y ch\u1ed1ng l\u00e3o h\u00f3a v\u00e0 d\u00e2y ch\u1ed1ng ch\u00e1y; trong ng\u00e0nh thi\u1ebft b\u1ecb gia d\u1ee5ng, n\u00f3 c\u00f3 th\u1ec3 \u0111\u01b0\u1ee3c s\u1eed d\u1ee5ng cho m\u00e1y \u0111i\u1ec1u h\u00f2a kh\u00f4ng kh\u00ed, l\u00f2 vi s\u00f3ng, t\u1ee7 kh\u1eed tr\u00f9ng \u0111i\u1ec7n t\u1eed, n\u1ed3i c\u01a1m \u0111i\u1ec7n, b\u00ecnh n\u01b0\u1edbc n\u00f3ng \u0111i\u1ec7n t\u1eed, h\u1ec7 th\u1ed1ng d\u00e2y \u0111i\u1ec7n b\u00ean trong c\u1ee7a m\u00e1y s\u01b0\u1edfi, l\u00f2 n\u01b0\u1edbng \u0111i\u1ec7n, ch\u1ea3o \u0111i\u1ec7n, chi\u1ebfu s\u00e1ng qu\u1eadn, v.v. Theo th\u1ecfa thu\u1eadn h\u1ee3p \u0111\u1ed3ng gi\u1eefa hai b\u00ean, \u0111\u01b0\u1ee3c ph\u00e9p giao \u0111o\u1ea1n ng\u1eafn kh\u00f4ng d\u01b0\u1edbi 10 m\u00e9t v\u00e0 s\u1ed1 l\u01b0\u1ee3ng kh\u00f4ng v\u01b0\u1ee3t qu\u00e1 10% t\u1ed5ng chi\u1ec1u d\u00e0i giao h\u00e0ng.<\/p>\n<p><strong>C\u1ea5u tr\u00fac \u0111\u1eb7c \u0111i\u1ec3m k\u1ef9 thu\u1eadt v\u00e0 th\u00f4ng s\u1ed1 k\u1ef9 thu\u1eadt:<\/strong><\/p>\n<style type=\"text\/css\">\n.tg  {border-collapse:collapse;border-spacing:0;}<br \/>.tg td{border-color:black;border-style:solid;border-width:1px;font-family:Arial, sans-serif;font-size:14px;<br \/>  overflow:hidden;padding:10px 5px;word-break:normal;}<br \/>.tg th{border-color:black;border-style:solid;border-width:1px;font-family:Arial, sans-serif;font-size:14px;<br \/>  font-weight:normal;overflow:hidden;padding:10px 5px;word-break:normal;}<br \/>.tg .tg-pb0m{border-color:inherit;text-align:center;vertical-align:bottom}<br \/>.tg .tg-c3ow{border-color:inherit;text-align:center;vertical-align:top}<br \/>.tg .tg-fr9f{background-color:#FFF;border-color:inherit;color:#333;font-weight:bold;text-align:center;vertical-align:top}<br \/>.tg .tg-0pky{border-color:inherit;text-align:left;vertical-align:top}<br \/><\/style>\n<table class=\"tg\">\n<thead>\n<tr>\n<th class=\"tg-fr9f\">ch\u00e9o danh ngh\u0129a<br \/>\nti\u1ebft di\u1ec7n (mm2)<\/th>\n<th class=\"tg-fr9f\">C\u1ea5u tr\u00fac d\u00e2y d\u1eabn<br \/>\ns\u1ed1 l\u01b0\u1ee3ng d\u00e2y\/<br \/>\n\u0111\u01b0\u1eddng k\u00ednh d\u00e2y (mm)<\/th>\n<th class=\"tg-fr9f\">V\u1eadt li\u1ec7u c\u00e1ch nhi\u1ec7t<br \/>\n\u0111\u1ed9 d\u00e0y (mm)<\/th>\n<th class=\"tg-fr9f\">b\u00ean ngo\u00e0i trung b\u00ecnh<br \/>\n\u0111\u01b0\u1eddng k\u00ednh (mm)<\/th>\n<th class=\"tg-fr9f\">\u0111\u01b0\u1eddng k\u00ednh (mm)<br \/>\nhi\u1ec7n t\u1ea1i (S2\/km)<br \/>\nT\u1ea1i 20\u2103<\/th>\n<th class=\"tg-fr9f\">\u0111\u00f3ng g\u00f3i<br \/>\nchi\u1ec1u d\u00e0i (m)<\/th>\n<\/tr>\n<\/thead>\n<tbody>\n<tr>\n<td class=\"tg-pb0m\">0.035<\/td>\n<td class=\"tg-c3ow\">7\/0.08<\/td>\n<td class=\"tg-pb0m\">0.15<\/td>\n<td class=\"tg-pb0m\">0.52<\/td>\n<td class=\"tg-pb0m\">525<\/td>\n<td class=\"tg-pb0m\">200<\/td>\n<\/tr>\n<tr>\n<td class=\"tg-pb0m\">0.07<\/td>\n<td class=\"tg-c3ow\">14\/0.08<\/td>\n<td class=\"tg-pb0m\">0.15<\/td>\n<td class=\"tg-pb0m\">0.62<\/td>\n<td class=\"tg-pb0m\">245<\/td>\n<td class=\"tg-pb0m\">200<\/td>\n<\/tr>\n<tr>\n<td class=\"tg-pb0m\">0.1<\/td>\n<td class=\"tg-c3ow\">21\/0.08<\/td>\n<td class=\"tg-pb0m\">0.15<\/td>\n<td class=\"tg-pb0m\">0.72<\/td>\n<td class=\"tg-pb0m\">227<\/td>\n<td class=\"tg-pb0m\">200<\/td>\n<\/tr>\n<tr>\n<td class=\"tg-pb0m\">0.12<\/td>\n<td class=\"tg-c3ow\">24\/0.08<\/td>\n<td class=\"tg-pb0m\">0.15<\/td>\n<td class=\"tg-pb0m\">0.9<\/td>\n<td class=\"tg-pb0m\">175<\/td>\n<td class=\"tg-pb0m\">200<\/td>\n<\/tr>\n<tr>\n<td class=\"tg-pb0m\">0.15<\/td>\n<td class=\"tg-c3ow\">30\/0.08<\/td>\n<td class=\"tg-pb0m\">0.15<\/td>\n<td class=\"tg-pb0m\">0.8<\/td>\n<td class=\"tg-pb0m\">125<\/td>\n<td class=\"tg-pb0m\">200<\/td>\n<\/tr>\n<tr>\n<td class=\"tg-pb0m\">0.2<\/td>\n<td class=\"tg-c3ow\">42\/0.08<\/td>\n<td class=\"tg-pb0m\">0.15<\/td>\n<td class=\"tg-pb0m\">0.9<\/td>\n<td class=\"tg-pb0m\">95<\/td>\n<td class=\"tg-pb0m\">200<\/td>\n<\/tr>\n<tr>\n<td class=\"tg-pb0m\">0.3<\/td>\n<td class=\"tg-c3ow\">62\/0.08<\/td>\n<td class=\"tg-pb0m\">0.15<\/td>\n<td class=\"tg-pb0m\">1.05<\/td>\n<td class=\"tg-pb0m\">80<\/td>\n<td class=\"tg-pb0m\">200<\/td>\n<\/tr>\n<tr>\n<td class=\"tg-pb0m\">0.35<\/td>\n<td class=\"tg-c3ow\">75\/0.08<\/td>\n<td class=\"tg-pb0m\">0.15<\/td>\n<td class=\"tg-pb0m\">1.2<\/td>\n<td class=\"tg-pb0m\">57<\/td>\n<td class=\"tg-pb0m\">200<\/td>\n<\/tr>\n<tr>\n<td class=\"tg-pb0m\">0.5<\/td>\n<td class=\"tg-c3ow\">105\/0.08<\/td>\n<td class=\"tg-pb0m\">0.15<\/td>\n<td class=\"tg-pb0m\">1.3<\/td>\n<td class=\"tg-pb0m\">42<\/td>\n<td class=\"tg-pb0m\">200<\/td>\n<\/tr>\n<tr>\n<td class=\"tg-pb0m\">0.75<\/td>\n<td class=\"tg-c3ow\">150\/0.08<\/td>\n<td class=\"tg-pb0m\">0.15<\/td>\n<td class=\"tg-pb0m\">1.5<\/td>\n<td class=\"tg-pb0m\">24<\/td>\n<td class=\"tg-pb0m\">200<\/td>\n<\/tr>\n<tr>\n<td class=\"tg-pb0m\">1<\/td>\n<td class=\"tg-c3ow\">200\/0.08<\/td>\n<td class=\"tg-pb0m\">0.2<\/td>\n<td class=\"tg-pb0m\">1.7<\/td>\n<td class=\"tg-pb0m\">19<\/td>\n<td class=\"tg-pb0m\">200<\/td>\n<\/tr>\n<tr>\n<td class=\"tg-pb0m\">2<\/td>\n<td class=\"tg-c3ow\">400\/0.08<\/td>\n<td class=\"tg-pb0m\">0.2<\/td>\n<td class=\"tg-pb0m\">2.3<\/td>\n<td class=\"tg-pb0m\">9.6<\/td>\n<td class=\"tg-pb0m\">200<\/td>\n<\/tr>\n<tr>\n<td class=\"tg-0pky\" colspan=\"6\">L\u01b0u \u00fd: Nh\u00e0 m\u00e1y s\u1ea3n xu\u1ea5t c\u00e1p TST c\u00f3 th\u1ec3 s\u1ea3n xu\u1ea5t c\u00e1c s\u1ea3n ph\u1ea9m c\u00f3 th\u00f4ng s\u1ed1 k\u1ef9 thu\u1eadt kh\u00e1c theo th\u1ecfa thu\u1eadn gi\u1eefa nh\u00e0 cung c\u1ea5p v\u00e0 ng\u01b0\u1eddi mua.<\/td>\n<\/tr>\n<\/tbody>\n<\/table>\n","protected":false},"excerpt":{"rendered":"<p>N\u00f3 c\u00f3 kh\u1ea3 n\u0103ng ch\u1ed1ng \u0103n m\u00f2n tuy\u1ec7t v\u1eddi, ch\u1ed1ng d\u1ea7u, kh\u00e1ng axit m\u1ea1nh, kh\u00e1ng ki\u1ec1m m\u1ea1nh, ch\u1ed1ng oxy h\u00f3a m\u1ea1nh, v.v.; n\u00f3 c\u00f3 \u0111\u1eb7c t\u00ednh c\u00e1ch \u0111i\u1ec7n tuy\u1ec7t v\u1eddi, \u0111i\u1ec7n tr\u1edf cao, t\u1ed5n th\u1ea5t t\u1ea7n s\u1ed1 cao th\u1ea5p, kh\u00f4ng h\u1ea5p th\u1ee5 \u0111\u1ed9 \u1ea9m v\u00e0 kh\u1ea3 n\u0103ng c\u00e1ch \u0111i\u1ec7n cao; n\u00f3 c\u00f3 kh\u1ea3 n\u0103ng ch\u1ed1ng ch\u00e1y tuy\u1ec7t v\u1eddi, hi\u1ec7u su\u1ea5t l\u00e3o h\u00f3a v\u00e0 tu\u1ed5i th\u1ecd d\u00e0i. Trong ng\u00e0nh c\u00f4ng nghi\u1ec7p \u0111i\u1ec7n t\u1eed, n\u00f3 c\u00f3 th\u1ec3 \u0111\u01b0\u1ee3c s\u1eed d\u1ee5ng cho d\u00e2y b\u00f9 nhi\u1ec7t \u0111\u1ed9, d\u00e2y ch\u1ecbu nhi\u1ec7t \u0111\u1ed9 th\u1ea5p, d\u00e2y \u0111\u1ed1t nhi\u1ec7t \u0111\u1ed9 cao, d\u00e2y ch\u1ed1ng l\u00e3o h\u00f3a v\u00e0 d\u00e2y ch\u1ed1ng ch\u00e1y;<\/p>\n","protected":false},"featured_media":13728,"template":"","meta":{"_eb_attr":"","site-sidebar-layout":"default","site-content-layout":"","ast-site-content-layout":"default","site-content-style":"default","site-sidebar-style":"default","ast-global-header-display":"","ast-banner-title-visibility":"","ast-main-header-display":"","ast-hfb-above-header-display":"","ast-hfb-below-header-display":"","ast-hfb-mobile-header-display":"","site-post-title":"","ast-breadcrumbs-content":"","ast-featured-img":"","footer-sml-layout":"","theme-transparent-header-meta":"default","adv-header-id-meta":"","stick-header-meta":"","header-above-stick-meta":"","header-main-stick-meta":"","header-below-stick-meta":"","astra-migrate-meta-layouts":"default","ast-page-background-enabled":"default","ast-page-background-meta":{"desktop":{"background-color":"","background-image":"","background-repeat":"repeat","background-position":"center center","background-size":"auto","background-attachment":"scroll","background-type":"","background-media":"","overlay-type":"","overlay-color":"","overlay-opacity":"","overlay-gradient":""},"tablet":{"background-color":"","background-image":"","background-repeat":"repeat","background-position":"center center","background-size":"auto","background-attachment":"scroll","background-type":"","background-media":"","overlay-type":"","overlay-color":"","overlay-opacity":"","overlay-gradient":""},"mobile":{"background-color":"","background-image":"","background-repeat":"repeat","background-position":"center center","background-size":"auto","background-attachment":"scroll","background-type":"","background-media":"","overlay-type":"","overlay-color":"","overlay-opacity":"","overlay-gradient":""}},"ast-content-background-meta":{"desktop":{"background-color":"var(--ast-global-color-5)","background-image":"","background-repeat":"repeat","background-position":"center center","background-size":"auto","background-attachment":"scroll","background-type":"","background-media":"","overlay-type":"","overlay-color":"","overlay-opacity":"","overlay-gradient":""},"tablet":{"background-color":"var(--ast-global-color-5)","background-image":"","background-repeat":"repeat","background-position":"center center","background-size":"auto","background-attachment":"scroll","background-type":"","background-media":"","overlay-type":"","overlay-color":"","overlay-opacity":"","overlay-gradient":""},"mobile":{"background-color":"var(--ast-global-color-5)","background-image":"","background-repeat":"repeat","background-position":"center center","background-size":"auto","background-attachment":"scroll","background-type":"","background-media":"","overlay-type":"","overlay-color":"","overlay-opacity":"","overlay-gradient":""}}},"product_brand":[],"product_cat":[1977,831,844,1923,836,842,827,834,825,835,832,847],"product_tag":[2076,2078,2077],"class_list":{"0":"post-21134","1":"product","2":"type-product","3":"status-publish","4":"has-post-thumbnail","6":"product_cat-cap-chong-muoi-kiem","7":"product_cat-high-temperature-cable-vi","8":"product_cat-teflon-cable-vi","9":"product_cat-cap-trong-luong-nhe","10":"product_cat-oil-gas-vi","11":"product_cat-rail-way-vi","12":"product_cat-enstandard-cable-vi","13":"product_cat-marine-vi","14":"product_cat-aviation-vi","15":"product_cat-nuclear-vi","16":"product_cat-ice-standard-vi","17":"product_cat-wind-power-vi","18":"product_tag-afr250-vi","19":"product_tag-bang-ptfe-afr250","20":"product_tag-teflon-afr250-vi","21":"desktop-align-center","22":"tablet-align-left","23":"mobile-align-left","25":"first","26":"instock","27":"shipping-taxable","28":"product-type-simple"},"yoast_head":"<!-- This site is optimized with the Yoast SEO plugin v27.5 - https:\/\/yoast.com\/product\/yoast-seo-wordpress\/ -->\n<title>B\u0103ng PTFE b\u1ecdc Teflon AFR250<\/title>\n<meta name=\"description\" content=\"N\u00f3 c\u00f3 kh\u1ea3 n\u0103ng ch\u1ed1ng \u0103n m\u00f2n tuy\u1ec7t v\u1eddi, ch\u1ed1ng d\u1ea7u, kh\u00e1ng axit m\u1ea1nh, kh\u00e1ng ki\u1ec1m m\u1ea1nh, ch\u1ed1ng oxy h\u00f3a m\u1ea1nh, v.v.; n\u00f3 c\u00f3 \u0111\u1eb7c t\u00ednh c\u00e1ch \u0111i\u1ec7n tuy\u1ec7t v\u1eddi, \u0111i\u1ec7n tr\u1edf cao, t\u1ed5n th\u1ea5t t\u1ea7n s\u1ed1 cao th\u1ea5p, kh\u00f4ng h\u1ea5p th\u1ee5 \u0111\u1ed9 \u1ea9m v\u00e0 kh\u1ea3 n\u0103ng c\u00e1ch \u0111i\u1ec7n cao; n\u00f3 c\u00f3 kh\u1ea3 n\u0103ng ch\u1ed1ng ch\u00e1y tuy\u1ec7t v\u1eddi, hi\u1ec7u su\u1ea5t l\u00e3o h\u00f3a v\u00e0 tu\u1ed5i th\u1ecd d\u00e0i.\" \/>\n<meta name=\"robots\" content=\"index, follow, max-snippet:-1, max-image-preview:large, max-video-preview:-1\" \/>\n<link rel=\"canonical\" href=\"https:\/\/www.tstcables.com\/vi\/product\/cap-ptfe-teflon-cap-chiu-muoi-va-kiem-chiu-nhiet-250oc-afr250\/\" \/>\n<meta property=\"og:locale\" content=\"vi_VN\" \/>\n<meta property=\"og:type\" content=\"article\" \/>\n<meta property=\"og:title\" content=\"B\u0103ng PTFE b\u1ecdc Teflon AFR250\" \/>\n<meta property=\"og:description\" content=\"N\u00f3 c\u00f3 kh\u1ea3 n\u0103ng ch\u1ed1ng \u0103n m\u00f2n tuy\u1ec7t v\u1eddi, ch\u1ed1ng d\u1ea7u, kh\u00e1ng axit m\u1ea1nh, kh\u00e1ng ki\u1ec1m m\u1ea1nh, ch\u1ed1ng oxy h\u00f3a m\u1ea1nh, v.v.; n\u00f3 c\u00f3 \u0111\u1eb7c t\u00ednh c\u00e1ch \u0111i\u1ec7n tuy\u1ec7t v\u1eddi, \u0111i\u1ec7n tr\u1edf cao, t\u1ed5n th\u1ea5t t\u1ea7n s\u1ed1 cao th\u1ea5p, kh\u00f4ng h\u1ea5p th\u1ee5 \u0111\u1ed9 \u1ea9m v\u00e0 kh\u1ea3 n\u0103ng c\u00e1ch \u0111i\u1ec7n cao; n\u00f3 c\u00f3 kh\u1ea3 n\u0103ng ch\u1ed1ng ch\u00e1y tuy\u1ec7t v\u1eddi, hi\u1ec7u su\u1ea5t l\u00e3o h\u00f3a v\u00e0 tu\u1ed5i th\u1ecd d\u00e0i.\" \/>\n<meta property=\"og:url\" content=\"https:\/\/www.tstcables.com\/vi\/product\/cap-ptfe-teflon-cap-chiu-muoi-va-kiem-chiu-nhiet-250oc-afr250\/\" \/>\n<meta property=\"og:site_name\" content=\"TST CABLES supplier &amp; Manufacture\" \/>\n<meta property=\"og:image\" content=\"https:\/\/www.tstcables.com\/wp-content\/uploads\/2024\/03\/4-20.jpg\" \/>\n\t<meta property=\"og:image:width\" content=\"750\" \/>\n\t<meta property=\"og:image:height\" content=\"750\" \/>\n\t<meta property=\"og:image:type\" content=\"image\/jpeg\" \/>\n<meta name=\"twitter:card\" content=\"summary_large_image\" \/>\n<meta name=\"twitter:label1\" content=\"Est. reading time\" \/>\n\t<meta name=\"twitter:data1\" content=\"3 minutes\" \/>\n<script type=\"application\/ld+json\" class=\"yoast-schema-graph\">{\"@context\":\"https:\\\/\\\/schema.org\",\"@graph\":[{\"@type\":\"WebPage\",\"@id\":\"https:\\\/\\\/www.tstcables.com\\\/vi\\\/product\\\/cap-ptfe-teflon-cap-chiu-muoi-va-kiem-chiu-nhiet-250oc-afr250\\\/\",\"url\":\"https:\\\/\\\/www.tstcables.com\\\/vi\\\/product\\\/cap-ptfe-teflon-cap-chiu-muoi-va-kiem-chiu-nhiet-250oc-afr250\\\/\",\"name\":\"B\u0103ng PTFE b\u1ecdc Teflon AFR250\",\"isPartOf\":{\"@id\":\"https:\\\/\\\/www.tstcables.com\\\/vi\\\/#website\"},\"primaryImageOfPage\":{\"@id\":\"https:\\\/\\\/www.tstcables.com\\\/vi\\\/product\\\/cap-ptfe-teflon-cap-chiu-muoi-va-kiem-chiu-nhiet-250oc-afr250\\\/#primaryimage\"},\"image\":{\"@id\":\"https:\\\/\\\/www.tstcables.com\\\/vi\\\/product\\\/cap-ptfe-teflon-cap-chiu-muoi-va-kiem-chiu-nhiet-250oc-afr250\\\/#primaryimage\"},\"thumbnailUrl\":\"https:\\\/\\\/www.tstcables.com\\\/wp-content\\\/uploads\\\/2024\\\/03\\\/4-20.jpg\",\"datePublished\":\"2024-03-22T00:55:52+00:00\",\"description\":\"N\u00f3 c\u00f3 kh\u1ea3 n\u0103ng ch\u1ed1ng \u0103n m\u00f2n tuy\u1ec7t v\u1eddi, ch\u1ed1ng d\u1ea7u, kh\u00e1ng axit m\u1ea1nh, kh\u00e1ng ki\u1ec1m m\u1ea1nh, ch\u1ed1ng oxy h\u00f3a m\u1ea1nh, v.v.; n\u00f3 c\u00f3 \u0111\u1eb7c t\u00ednh c\u00e1ch \u0111i\u1ec7n tuy\u1ec7t v\u1eddi, \u0111i\u1ec7n tr\u1edf cao, t\u1ed5n th\u1ea5t t\u1ea7n s\u1ed1 cao th\u1ea5p, kh\u00f4ng h\u1ea5p th\u1ee5 \u0111\u1ed9 \u1ea9m v\u00e0 kh\u1ea3 n\u0103ng c\u00e1ch \u0111i\u1ec7n cao; n\u00f3 c\u00f3 kh\u1ea3 n\u0103ng ch\u1ed1ng ch\u00e1y tuy\u1ec7t v\u1eddi, hi\u1ec7u su\u1ea5t l\u00e3o h\u00f3a v\u00e0 tu\u1ed5i th\u1ecd d\u00e0i.\",\"breadcrumb\":{\"@id\":\"https:\\\/\\\/www.tstcables.com\\\/vi\\\/product\\\/cap-ptfe-teflon-cap-chiu-muoi-va-kiem-chiu-nhiet-250oc-afr250\\\/#breadcrumb\"},\"inLanguage\":\"vi-VN\",\"potentialAction\":[{\"@type\":\"ReadAction\",\"target\":[\"https:\\\/\\\/www.tstcables.com\\\/vi\\\/product\\\/cap-ptfe-teflon-cap-chiu-muoi-va-kiem-chiu-nhiet-250oc-afr250\\\/\"]}]},{\"@type\":\"ImageObject\",\"inLanguage\":\"vi-VN\",\"@id\":\"https:\\\/\\\/www.tstcables.com\\\/vi\\\/product\\\/cap-ptfe-teflon-cap-chiu-muoi-va-kiem-chiu-nhiet-250oc-afr250\\\/#primaryimage\",\"url\":\"https:\\\/\\\/www.tstcables.com\\\/wp-content\\\/uploads\\\/2024\\\/03\\\/4-20.jpg\",\"contentUrl\":\"https:\\\/\\\/www.tstcables.com\\\/wp-content\\\/uploads\\\/2024\\\/03\\\/4-20.jpg\",\"width\":750,\"height\":750,\"caption\":\"PTFE tape wrapped Teflon AFR250\"},{\"@type\":\"BreadcrumbList\",\"@id\":\"https:\\\/\\\/www.tstcables.com\\\/vi\\\/product\\\/cap-ptfe-teflon-cap-chiu-muoi-va-kiem-chiu-nhiet-250oc-afr250\\\/#breadcrumb\",\"itemListElement\":[{\"@type\":\"ListItem\",\"position\":1,\"name\":\"\u9996\u9875\",\"item\":\"https:\\\/\\\/www.tstcables.com\\\/vi\\\/\"},{\"@type\":\"ListItem\",\"position\":2,\"name\":\"Product\",\"item\":\"https:\\\/\\\/www.tstcables.com\\\/product\\\/\"},{\"@type\":\"ListItem\",\"position\":3,\"name\":\"C\u00e1p PTFE\\\/teflon C\u00e1p ch\u1ecbu mu\u1ed1i v\u00e0 ki\u1ec1m ch\u1ecbu nhi\u1ec7t 250oC AFR250\"}]},{\"@type\":\"WebSite\",\"@id\":\"https:\\\/\\\/www.tstcables.com\\\/vi\\\/#website\",\"url\":\"https:\\\/\\\/www.tstcables.com\\\/vi\\\/\",\"name\":\"TST Cable supplier & Manufacture\",\"description\":\"TST CABLES  supplier &amp; Manufacture official website\",\"publisher\":{\"@id\":\"https:\\\/\\\/www.tstcables.com\\\/vi\\\/#organization\"},\"potentialAction\":[{\"@type\":\"SearchAction\",\"target\":{\"@type\":\"EntryPoint\",\"urlTemplate\":\"https:\\\/\\\/www.tstcables.com\\\/vi\\\/?s={search_term_string}\"},\"query-input\":{\"@type\":\"PropertyValueSpecification\",\"valueRequired\":true,\"valueName\":\"search_term_string\"}}],\"inLanguage\":\"vi-VN\"},{\"@type\":\"Organization\",\"@id\":\"https:\\\/\\\/www.tstcables.com\\\/vi\\\/#organization\",\"name\":\"TST Cable supplier & Manufacture\",\"url\":\"https:\\\/\\\/www.tstcables.com\\\/vi\\\/\",\"logo\":{\"@type\":\"ImageObject\",\"inLanguage\":\"vi-VN\",\"@id\":\"https:\\\/\\\/www.tstcables.com\\\/vi\\\/#\\\/schema\\\/logo\\\/image\\\/\",\"url\":\"https:\\\/\\\/www.tstcables.com\\\/wp-content\\\/uploads\\\/2024\\\/04\\\/cropped-\u753b\u677f-1-\u62f7\u8d1d-4-1.png\",\"contentUrl\":\"https:\\\/\\\/www.tstcables.com\\\/wp-content\\\/uploads\\\/2024\\\/04\\\/cropped-\u753b\u677f-1-\u62f7\u8d1d-4-1.png\",\"width\":300,\"height\":100,\"caption\":\"TST Cable supplier & Manufacture\"},\"image\":{\"@id\":\"https:\\\/\\\/www.tstcables.com\\\/vi\\\/#\\\/schema\\\/logo\\\/image\\\/\"}}]}<\/script>\n<!-- \/ Yoast SEO plugin. -->","yoast_head_json":{"title":"B\u0103ng PTFE b\u1ecdc Teflon AFR250","description":"N\u00f3 c\u00f3 kh\u1ea3 n\u0103ng ch\u1ed1ng \u0103n m\u00f2n tuy\u1ec7t v\u1eddi, ch\u1ed1ng d\u1ea7u, kh\u00e1ng axit m\u1ea1nh, kh\u00e1ng ki\u1ec1m m\u1ea1nh, ch\u1ed1ng oxy h\u00f3a m\u1ea1nh, v.v.; n\u00f3 c\u00f3 \u0111\u1eb7c t\u00ednh c\u00e1ch \u0111i\u1ec7n tuy\u1ec7t v\u1eddi, \u0111i\u1ec7n tr\u1edf cao, t\u1ed5n th\u1ea5t t\u1ea7n s\u1ed1 cao th\u1ea5p, kh\u00f4ng h\u1ea5p th\u1ee5 \u0111\u1ed9 \u1ea9m v\u00e0 kh\u1ea3 n\u0103ng c\u00e1ch \u0111i\u1ec7n cao; n\u00f3 c\u00f3 kh\u1ea3 n\u0103ng ch\u1ed1ng ch\u00e1y tuy\u1ec7t v\u1eddi, hi\u1ec7u su\u1ea5t l\u00e3o h\u00f3a v\u00e0 tu\u1ed5i th\u1ecd d\u00e0i.","robots":{"index":"index","follow":"follow","max-snippet":"max-snippet:-1","max-image-preview":"max-image-preview:large","max-video-preview":"max-video-preview:-1"},"canonical":"https:\/\/www.tstcables.com\/vi\/product\/cap-ptfe-teflon-cap-chiu-muoi-va-kiem-chiu-nhiet-250oc-afr250\/","og_locale":"vi_VN","og_type":"article","og_title":"B\u0103ng PTFE b\u1ecdc Teflon AFR250","og_description":"N\u00f3 c\u00f3 kh\u1ea3 n\u0103ng ch\u1ed1ng \u0103n m\u00f2n tuy\u1ec7t v\u1eddi, ch\u1ed1ng d\u1ea7u, kh\u00e1ng axit m\u1ea1nh, kh\u00e1ng ki\u1ec1m m\u1ea1nh, ch\u1ed1ng oxy h\u00f3a m\u1ea1nh, v.v.; n\u00f3 c\u00f3 \u0111\u1eb7c t\u00ednh c\u00e1ch \u0111i\u1ec7n tuy\u1ec7t v\u1eddi, \u0111i\u1ec7n tr\u1edf cao, t\u1ed5n th\u1ea5t t\u1ea7n s\u1ed1 cao th\u1ea5p, kh\u00f4ng h\u1ea5p th\u1ee5 \u0111\u1ed9 \u1ea9m v\u00e0 kh\u1ea3 n\u0103ng c\u00e1ch \u0111i\u1ec7n cao; n\u00f3 c\u00f3 kh\u1ea3 n\u0103ng ch\u1ed1ng ch\u00e1y tuy\u1ec7t v\u1eddi, hi\u1ec7u su\u1ea5t l\u00e3o h\u00f3a v\u00e0 tu\u1ed5i th\u1ecd d\u00e0i.","og_url":"https:\/\/www.tstcables.com\/vi\/product\/cap-ptfe-teflon-cap-chiu-muoi-va-kiem-chiu-nhiet-250oc-afr250\/","og_site_name":"TST CABLES supplier &amp; Manufacture","og_image":[{"width":750,"height":750,"url":"https:\/\/www.tstcables.com\/wp-content\/uploads\/2024\/03\/4-20.jpg","type":"image\/jpeg"}],"twitter_card":"summary_large_image","twitter_misc":{"Est. reading time":"3 minutes"},"schema":{"@context":"https:\/\/schema.org","@graph":[{"@type":"WebPage","@id":"https:\/\/www.tstcables.com\/vi\/product\/cap-ptfe-teflon-cap-chiu-muoi-va-kiem-chiu-nhiet-250oc-afr250\/","url":"https:\/\/www.tstcables.com\/vi\/product\/cap-ptfe-teflon-cap-chiu-muoi-va-kiem-chiu-nhiet-250oc-afr250\/","name":"B\u0103ng PTFE b\u1ecdc Teflon AFR250","isPartOf":{"@id":"https:\/\/www.tstcables.com\/vi\/#website"},"primaryImageOfPage":{"@id":"https:\/\/www.tstcables.com\/vi\/product\/cap-ptfe-teflon-cap-chiu-muoi-va-kiem-chiu-nhiet-250oc-afr250\/#primaryimage"},"image":{"@id":"https:\/\/www.tstcables.com\/vi\/product\/cap-ptfe-teflon-cap-chiu-muoi-va-kiem-chiu-nhiet-250oc-afr250\/#primaryimage"},"thumbnailUrl":"https:\/\/www.tstcables.com\/wp-content\/uploads\/2024\/03\/4-20.jpg","datePublished":"2024-03-22T00:55:52+00:00","description":"N\u00f3 c\u00f3 kh\u1ea3 n\u0103ng ch\u1ed1ng \u0103n m\u00f2n tuy\u1ec7t v\u1eddi, ch\u1ed1ng d\u1ea7u, kh\u00e1ng axit m\u1ea1nh, kh\u00e1ng ki\u1ec1m m\u1ea1nh, ch\u1ed1ng oxy h\u00f3a m\u1ea1nh, v.v.; n\u00f3 c\u00f3 \u0111\u1eb7c t\u00ednh c\u00e1ch \u0111i\u1ec7n tuy\u1ec7t v\u1eddi, \u0111i\u1ec7n tr\u1edf cao, t\u1ed5n th\u1ea5t t\u1ea7n s\u1ed1 cao th\u1ea5p, kh\u00f4ng h\u1ea5p th\u1ee5 \u0111\u1ed9 \u1ea9m v\u00e0 kh\u1ea3 n\u0103ng c\u00e1ch \u0111i\u1ec7n cao; n\u00f3 c\u00f3 kh\u1ea3 n\u0103ng ch\u1ed1ng ch\u00e1y tuy\u1ec7t v\u1eddi, hi\u1ec7u su\u1ea5t l\u00e3o h\u00f3a v\u00e0 tu\u1ed5i th\u1ecd d\u00e0i.","breadcrumb":{"@id":"https:\/\/www.tstcables.com\/vi\/product\/cap-ptfe-teflon-cap-chiu-muoi-va-kiem-chiu-nhiet-250oc-afr250\/#breadcrumb"},"inLanguage":"vi-VN","potentialAction":[{"@type":"ReadAction","target":["https:\/\/www.tstcables.com\/vi\/product\/cap-ptfe-teflon-cap-chiu-muoi-va-kiem-chiu-nhiet-250oc-afr250\/"]}]},{"@type":"ImageObject","inLanguage":"vi-VN","@id":"https:\/\/www.tstcables.com\/vi\/product\/cap-ptfe-teflon-cap-chiu-muoi-va-kiem-chiu-nhiet-250oc-afr250\/#primaryimage","url":"https:\/\/www.tstcables.com\/wp-content\/uploads\/2024\/03\/4-20.jpg","contentUrl":"https:\/\/www.tstcables.com\/wp-content\/uploads\/2024\/03\/4-20.jpg","width":750,"height":750,"caption":"PTFE tape wrapped Teflon AFR250"},{"@type":"BreadcrumbList","@id":"https:\/\/www.tstcables.com\/vi\/product\/cap-ptfe-teflon-cap-chiu-muoi-va-kiem-chiu-nhiet-250oc-afr250\/#breadcrumb","itemListElement":[{"@type":"ListItem","position":1,"name":"\u9996\u9875","item":"https:\/\/www.tstcables.com\/vi\/"},{"@type":"ListItem","position":2,"name":"Product","item":"https:\/\/www.tstcables.com\/product\/"},{"@type":"ListItem","position":3,"name":"C\u00e1p PTFE\/teflon C\u00e1p ch\u1ecbu mu\u1ed1i v\u00e0 ki\u1ec1m ch\u1ecbu nhi\u1ec7t 250oC AFR250"}]},{"@type":"WebSite","@id":"https:\/\/www.tstcables.com\/vi\/#website","url":"https:\/\/www.tstcables.com\/vi\/","name":"TST Cable supplier & Manufacture","description":"TST CABLES  supplier &amp; Manufacture official website","publisher":{"@id":"https:\/\/www.tstcables.com\/vi\/#organization"},"potentialAction":[{"@type":"SearchAction","target":{"@type":"EntryPoint","urlTemplate":"https:\/\/www.tstcables.com\/vi\/?s={search_term_string}"},"query-input":{"@type":"PropertyValueSpecification","valueRequired":true,"valueName":"search_term_string"}}],"inLanguage":"vi-VN"},{"@type":"Organization","@id":"https:\/\/www.tstcables.com\/vi\/#organization","name":"TST Cable supplier & Manufacture","url":"https:\/\/www.tstcables.com\/vi\/","logo":{"@type":"ImageObject","inLanguage":"vi-VN","@id":"https:\/\/www.tstcables.com\/vi\/#\/schema\/logo\/image\/","url":"https:\/\/www.tstcables.com\/wp-content\/uploads\/2024\/04\/cropped-\u753b\u677f-1-\u62f7\u8d1d-4-1.png","contentUrl":"https:\/\/www.tstcables.com\/wp-content\/uploads\/2024\/04\/cropped-\u753b\u677f-1-\u62f7\u8d1d-4-1.png","width":300,"height":100,"caption":"TST Cable supplier & Manufacture"},"image":{"@id":"https:\/\/www.tstcables.com\/vi\/#\/schema\/logo\/image\/"}}]}},"_links":{"self":[{"href":"https:\/\/www.tstcables.com\/vi\/wp-json\/wp\/v2\/product\/21134","targetHints":{"allow":["GET"]}}],"collection":[{"href":"https:\/\/www.tstcables.com\/vi\/wp-json\/wp\/v2\/product"}],"about":[{"href":"https:\/\/www.tstcables.com\/vi\/wp-json\/wp\/v2\/types\/product"}],"version-history":[{"count":0,"href":"https:\/\/www.tstcables.com\/vi\/wp-json\/wp\/v2\/product\/21134\/revisions"}],"wp:featuredmedia":[{"embeddable":true,"href":"https:\/\/www.tstcables.com\/vi\/wp-json\/wp\/v2\/media\/13728"}],"wp:attachment":[{"href":"https:\/\/www.tstcables.com\/vi\/wp-json\/wp\/v2\/media?parent=21134"}],"wp:term":[{"taxonomy":"product_brand","embeddable":true,"href":"https:\/\/www.tstcables.com\/vi\/wp-json\/wp\/v2\/product_brand?post=21134"},{"taxonomy":"product_cat","embeddable":true,"href":"https:\/\/www.tstcables.com\/vi\/wp-json\/wp\/v2\/product_cat?post=21134"},{"taxonomy":"product_tag","embeddable":true,"href":"https:\/\/www.tstcables.com\/vi\/wp-json\/wp\/v2\/product_tag?post=21134"}],"curies":[{"name":"wp","href":"https:\/\/api.w.org\/{rel}","templated":true}]}}