{"id":21135,"date":"2024-03-22T10:51:37","date_gmt":"2024-03-22T02:51:37","guid":{"rendered":"https:\/\/www.tstcables.com\/product\/cap-tuy-chinh-chong-chay-o-nhiet-do-cao-350oc-gn350\/"},"modified":"2024-03-22T10:51:37","modified_gmt":"2024-03-22T02:51:37","slug":"cap-tuy-chinh-chong-chay-o-nhiet-do-cao-350oc-gn350","status":"publish","type":"product","link":"https:\/\/www.tstcables.com\/vi\/product\/cap-tuy-chinh-chong-chay-o-nhiet-do-cao-350oc-gn350\/","title":{"rendered":"C\u00e1p t\u00f9y ch\u1ec9nh ch\u1ed1ng ch\u00e1y \u1edf nhi\u1ec7t \u0111\u1ed9 cao 350oC GN350"},"content":{"rendered":"<p><strong>S\u1ed1 s\u1ea3n ph\u1ea9m<\/strong><\/p>\n<ul>\n<li>GN350<\/li>\n<\/ul>\n<p><strong>Ti\u00eau chu\u1ea9n c\u00f4ng nghi\u1ec7p:<\/strong><\/p>\n<ul>\n<li>Q31\/0114000209C025-2017<\/li>\n<\/ul>\n<p>&nbsp;<\/p>\n<p><strong>T\u00ednh n\u0103ng s\u1ea3n ph\u1ea9m<\/strong><\/p>\n<ul>\n<li>\u0110i\u1ec7n \u00e1p \u0111\u1ecbnh m\u1ee9c: 300\/500V<\/li>\n<li>Ph\u1ea1m vi nhi\u1ec7t \u0111\u1ed9: 350oC,<\/li>\n<li>kh\u1ea3 n\u0103ng ch\u1ecbu nhi\u1ec7t \u0111\u1ed9 xung 400C<\/li>\n<li>D\u00e2y d\u1eabn: d\u00e2y \u0111\u1ed3ng tr\u1ea7n<\/li>\n<li>M\u00e0u s\u1eafc: \u0111\u1ecf, v\u00e0ng, xanh d\u01b0\u01a1ng, tr\u1eafng, \u0111en, v\u00e0ng, xanh l\u00e1, n\u00e2u<\/li>\n<\/ul>\n<p><strong>T\u00ednh n\u0103ng\/S\u1eed d\u1ee5ng<\/strong><\/p>\n<p>\u1ee8ng d\u1ee5ng s\u1ea3n ph\u1ea9m: S\u1ea3n ph\u1ea9m n\u00e0y l\u00e0 d\u00e2y v\u00e0 c\u00e1p c\u1ea7n thi\u1ebft cho c\u00e1c thi\u1ebft b\u1ecb \u0111i\u1ec7n kh\u00e1c nhau c\u00f3 y\u00eau c\u1ea7u ch\u1ed1ng ch\u00e1y trong c\u00e1c m\u00f4i tr\u01b0\u1eddng \u0111\u1eb7c bi\u1ec7t nh\u01b0 thi\u1ebft b\u1ecb s\u01b0\u1edfi, l\u00f2 n\u01b0\u1edbng, m\u00e1y n\u01b0\u1edbng th\u1ecbt, luy\u1ec7n kim, k\u1ef9 thu\u1eadt nhi\u1ec7t, d\u1ea7u kh\u00ed, c\u00f4ng nghi\u1ec7p h\u00f3a ch\u1ea5t, kh\u00ed t\u1ef1 nhi\u00ean, d\u1ea7u h\u1ecfa, v.v.<\/p>\n<p>&nbsp;<\/p>\n<p><strong>Y\u00eau c\u1ea7u giao h\u00e0ng<\/strong><\/p>\n<p>Chi\u1ec1u d\u00e0i giao h\u00e0ng: Cho ph\u00e9p c\u00e1c \u0111o\u1ea1n \u0111\u01b0\u1eddng ng\u1eafn kh\u00f4ng d\u01b0\u1edbi 10 m\u00e9t, nh\u01b0ng s\u1ed1 l\u01b0\u1ee3ng kh\u00f4ng v\u01b0\u1ee3t qu\u00e1 10% t\u1ed5ng s\u1ed1 l\u01b0\u1ee3ng giao h\u00e0ng.<\/p>\n<table class=\"tg\">\n<thead>\n<tr>\n<th class=\"tg-5ws4\">ch\u00e9o danh ngh\u0129a<br \/>\nti\u1ebft di\u1ec7n (mm2)<\/th>\n<th class=\"tg-5ws4\">Nh\u1ea1c tr\u01b0\u1edfng<br \/>\nk\u1ebft c\u1ea5u<br \/>\ncon s\u1ed1<br \/>\nc\u1ee7a d\u00e2y\/d\u00e2y<br \/>\n\u0111\u01b0\u1eddng k\u00ednh (mm)<\/th>\n<th class=\"tg-5ws4\">V\u1eadt li\u1ec7u c\u00e1ch nhi\u1ec7t<br \/>\n\u0111\u1ed9 d\u00e0y (mm)<\/th>\n<th class=\"tg-5ws4\">b\u00ean ngo\u00e0i trung b\u00ecnh<br \/>\n\u0111\u01b0\u1eddng k\u00ednh (mm)<\/th>\n<th class=\"tg-5ws4\">\u0111\u01b0\u1eddng k\u00ednh (mm)<br \/>\nhi\u1ec7n t\u1ea1i (S2\/km)<br \/>\nT\u1ea1i 20\u2103<\/th>\n<th class=\"tg-5ws4\">\u0111\u00f3ng g\u00f3i<br \/>\nchi\u1ec1u d\u00e0i (m)<\/th>\n<\/tr>\n<\/thead>\n<tbody>\n<tr>\n<td class=\"tg-2rp9\">0.5<\/td>\n<td class=\"tg-tlx9\">7 \u00d7 0.30<\/td>\n<td class=\"tg-2rp9\">0.5<\/td>\n<td class=\"tg-tlx9\">2.3\u571f0.3<\/td>\n<td class=\"tg-2rp9\">40.8<\/td>\n<td class=\"tg-2rp9\">200<\/td>\n<\/tr>\n<tr>\n<td class=\"tg-2rp9\">0.75<\/td>\n<td class=\"tg-tlx9\">11 \u00d7 0.30<\/td>\n<td class=\"tg-2rp9\">0.5<\/td>\n<td class=\"tg-tlx9\">2.5\u571f0.3<\/td>\n<td class=\"tg-2rp9\">24.3<\/td>\n<td class=\"tg-2rp9\">200<\/td>\n<\/tr>\n<tr>\n<td class=\"tg-2rp9\">1<\/td>\n<td class=\"tg-tlx9\">14 \u00d7 0.30<\/td>\n<td class=\"tg-2rp9\">0.5<\/td>\n<td class=\"tg-tlx9\">2.6\u00b10.3<\/td>\n<td class=\"tg-2rp9\">20<\/td>\n<td class=\"tg-2rp9\">200<\/td>\n<\/tr>\n<tr>\n<td class=\"tg-2rp9\">1.5<\/td>\n<td class=\"tg-tlx9\">21 \u00d7 0.30<\/td>\n<td class=\"tg-2rp9\">0.5<\/td>\n<td class=\"tg-tlx9\">2.9\u571f0.3<\/td>\n<td class=\"tg-2rp9\">12.6<\/td>\n<td class=\"tg-2rp9\">100<\/td>\n<\/tr>\n<tr>\n<td class=\"tg-2rp9\">2<\/td>\n<td class=\"tg-tlx9\">28 \u00d7 0.30<\/td>\n<td class=\"tg-2rp9\">0.6<\/td>\n<td class=\"tg-tlx9\">3.3\u571f0.5<\/td>\n<td class=\"tg-2rp9\">9.84<\/td>\n<td class=\"tg-2rp9\">100<\/td>\n<\/tr>\n<tr>\n<td class=\"tg-2rp9\">2.5<\/td>\n<td class=\"tg-tlx9\">35 \u00d7 0.30<\/td>\n<td class=\"tg-2rp9\">0.6<\/td>\n<td class=\"tg-tlx9\">3.6\u571f0.5<\/td>\n<td class=\"tg-2rp9\">7.37<\/td>\n<td class=\"tg-2rp9\">100<\/td>\n<\/tr>\n<tr>\n<td class=\"tg-2rp9\">4<\/td>\n<td class=\"tg-tlx9\">56 \u00d7 0.30<\/td>\n<td class=\"tg-2rp9\">0.8<\/td>\n<td class=\"tg-tlx9\">4.7\u00b10.5<\/td>\n<td class=\"tg-2rp9\">4.83<\/td>\n<td class=\"tg-2rp9\">100<\/td>\n<\/tr>\n<tr>\n<td class=\"tg-2rp9\">6<\/td>\n<td class=\"tg-tlx9\">84 \u00d7 0.30<\/td>\n<td class=\"tg-2rp9\">0.8<\/td>\n<td class=\"tg-tlx9\">5.5\u00b10.5<\/td>\n<td class=\"tg-2rp9\">3.26<\/td>\n<td class=\"tg-2rp9\">100<\/td>\n<\/tr>\n<tr>\n<td class=\"tg-2rp9\">10<\/td>\n<td class=\"tg-tlx9\">84\u00d7 0.40<\/td>\n<td class=\"tg-2rp9\">0.8<\/td>\n<td class=\"tg-tlx9\">6.6\u00b10.5<\/td>\n<td class=\"tg-2rp9\">1.8<\/td>\n<td class=\"tg-2rp9\">100<\/td>\n<\/tr>\n<tr>\n<td class=\"tg-2rp9\" rowspan=\"2\">16<\/td>\n<td class=\"tg-tlx9\">228 \u00d7 0.30<\/td>\n<td class=\"tg-2rp9\">0.8<\/td>\n<td class=\"tg-tlx9\">7.8\u00b10.5<\/td>\n<td class=\"tg-2rp9\">1.31<\/td>\n<td class=\"tg-2rp9\">100<\/td>\n<\/tr>\n<tr>\n<td class=\"tg-tlx9\">126 \u00d7 0.40<\/td>\n<td class=\"tg-2rp9\">0.8<\/td>\n<td class=\"tg-tlx9\">7.8\u571f0.5<\/td>\n<td class=\"tg-2rp9\">1.31<\/td>\n<td class=\"tg-2rp9\">100<\/td>\n<\/tr>\n<tr>\n<td class=\"tg-2rp9\" rowspan=\"2\">25<\/td>\n<td class=\"tg-tlx9\">196 \u00d7 0.40<\/td>\n<td class=\"tg-2rp9\">0.8<\/td>\n<td class=\"tg-tlx9\">9.5\u571f0.5<\/td>\n<td class=\"tg-2rp9\">0.758<\/td>\n<td class=\"tg-2rp9\">100<\/td>\n<\/tr>\n<tr>\n<td class=\"tg-tlx9\">361 \u00d70.30<\/td>\n<td class=\"tg-2rp9\">0.8<\/td>\n<td class=\"tg-tlx9\">9.5\u571f0.5<\/td>\n<td class=\"tg-2rp9\">0.758<\/td>\n<td class=\"tg-2rp9\">100<\/td>\n<\/tr>\n<tr>\n<td class=\"tg-2rp9\">35<\/td>\n<td class=\"tg-tlx9\">494 \u00d7 0.30<\/td>\n<td class=\"tg-2rp9\">1<\/td>\n<td class=\"tg-tlx9\">11.2\u00b11.0<\/td>\n<td class=\"tg-2rp9\">0.548<\/td>\n<td class=\"tg-2rp9\">100<\/td>\n<\/tr>\n<tr>\n<td class=\"tg-2rp9\" rowspan=\"2\">50<\/td>\n<td class=\"tg-tlx9\">396 \u00d7 0.40<\/td>\n<td class=\"tg-2rp9\">1.2<\/td>\n<td class=\"tg-tlx9\">13.2\u00b11.0<\/td>\n<td class=\"tg-2rp9\">0.384<\/td>\n<td class=\"tg-2rp9\">100<\/td>\n<\/tr>\n<tr>\n<td class=\"tg-tlx9\">703 \u00d7 0.30<\/td>\n<td class=\"tg-2rp9\">1.2<\/td>\n<td class=\"tg-tlx9\">13.2\u00b11.0<\/td>\n<td class=\"tg-2rp9\">0.384<\/td>\n<td class=\"tg-2rp9\">100<\/td>\n<\/tr>\n<tr>\n<td class=\"tg-2rp9\" rowspan=\"2\">70<\/td>\n<td class=\"tg-tlx9\">551 \u00d7 0.40<\/td>\n<td class=\"tg-2rp9\">1.2<\/td>\n<td class=\"tg-tlx9\">15.4\u571f 1.0<\/td>\n<td class=\"tg-tlx9\">0. 289<\/td>\n<td class=\"tg-2rp9\">100<\/td>\n<\/tr>\n<tr>\n<td class=\"tg-tlx9\">988 \u00d7 0.30<\/td>\n<td class=\"tg-2rp9\">1.2<\/td>\n<td class=\"tg-tlx9\">15.4\u571f 1.0<\/td>\n<td class=\"tg-tlx9\">0. 289<\/td>\n<td class=\"tg-2rp9\">100<\/td>\n<\/tr>\n<tr>\n<td class=\"tg-2rp9\">95<\/td>\n<td class=\"tg-tlx9\">760 \u00d7 0.40<\/td>\n<td class=\"tg-2rp9\">1.2<\/td>\n<td class=\"tg-tlx9\">17.4\u00b11.0<\/td>\n<td class=\"tg-2rp9\">0.205<\/td>\n<td class=\"tg-2rp9\">100<\/td>\n<\/tr>\n<\/tbody>\n<\/table>\n<p><span data-font-family=\"Times New Roman\">L\u01b0u \u00fd: S\u1ea3n ph\u1ea9m c\u00f3 th\u00f4ng s\u1ed1 k\u1ef9 thu\u1eadt kh\u00e1c c\u00f3 th\u1ec3 \u0111\u01b0\u1ee3c s\u1ea3n xu\u1ea5t theo th\u1ecfa thu\u1eadn gi\u1eefa nh\u00e0 cung c\u1ea5p v\u00e0 ng\u01b0\u1eddi mua.<\/span><\/p>\n","protected":false},"excerpt":{"rendered":"<p>\u1ee8ng d\u1ee5ng s\u1ea3n ph\u1ea9m: S\u1ea3n ph\u1ea9m n\u00e0y l\u00e0 d\u00e2y v\u00e0 c\u00e1p c\u1ea7n thi\u1ebft cho c\u00e1c thi\u1ebft b\u1ecb \u0111i\u1ec7n kh\u00e1c nhau c\u00f3 y\u00eau c\u1ea7u ch\u1ed1ng ch\u00e1y trong c\u00e1c m\u00f4i tr\u01b0\u1eddng \u0111\u1eb7c bi\u1ec7t nh\u01b0 thi\u1ebft b\u1ecb s\u01b0\u1edfi, l\u00f2 n\u01b0\u1edbng, m\u00e1y n\u01b0\u1edbng th\u1ecbt, luy\u1ec7n kim, k\u1ef9 thu\u1eadt nhi\u1ec7t, d\u1ea7u kh\u00ed, c\u00f4ng nghi\u1ec7p h\u00f3a ch\u1ea5t, kh\u00ed t\u1ef1 nhi\u00ean, d\u1ea7u h\u1ecfa, v.v.<\/p>\n","protected":false},"featured_media":12928,"template":"","meta":{"_eb_attr":"","site-sidebar-layout":"default","site-content-layout":"","ast-site-content-layout":"default","site-content-style":"default","site-sidebar-style":"default","ast-global-header-display":"","ast-banner-title-visibility":"","ast-main-header-display":"","ast-hfb-above-header-display":"","ast-hfb-below-header-display":"","ast-hfb-mobile-header-display":"","site-post-title":"","ast-breadcrumbs-content":"","ast-featured-img":"","footer-sml-layout":"","theme-transparent-header-meta":"default","adv-header-id-meta":"","stick-header-meta":"","header-above-stick-meta":"","header-main-stick-meta":"","header-below-stick-meta":"","astra-migrate-meta-layouts":"default","ast-page-background-enabled":"default","ast-page-background-meta":{"desktop":{"background-color":"","background-image":"","background-repeat":"repeat","background-position":"center center","background-size":"auto","background-attachment":"scroll","background-type":"","background-media":"","overlay-type":"","overlay-color":"","overlay-opacity":"","overlay-gradient":""},"tablet":{"background-color":"","background-image":"","background-repeat":"repeat","background-position":"center center","background-size":"auto","background-attachment":"scroll","background-type":"","background-media":"","overlay-type":"","overlay-color":"","overlay-opacity":"","overlay-gradient":""},"mobile":{"background-color":"","background-image":"","background-repeat":"repeat","background-position":"center center","background-size":"auto","background-attachment":"scroll","background-type":"","background-media":"","overlay-type":"","overlay-color":"","overlay-opacity":"","overlay-gradient":""}},"ast-content-background-meta":{"desktop":{"background-color":"var(--ast-global-color-5)","background-image":"","background-repeat":"repeat","background-position":"center center","background-size":"auto","background-attachment":"scroll","background-type":"","background-media":"","overlay-type":"","overlay-color":"","overlay-opacity":"","overlay-gradient":""},"tablet":{"background-color":"var(--ast-global-color-5)","background-image":"","background-repeat":"repeat","background-position":"center center","background-size":"auto","background-attachment":"scroll","background-type":"","background-media":"","overlay-type":"","overlay-color":"","overlay-opacity":"","overlay-gradient":""},"mobile":{"background-color":"var(--ast-global-color-5)","background-image":"","background-repeat":"repeat","background-position":"center center","background-size":"auto","background-attachment":"scroll","background-type":"","background-media":"","overlay-type":"","overlay-color":"","overlay-opacity":"","overlay-gradient":""}}},"product_brand":[],"product_cat":[833,831,826,836,842,827,834,825,832,847],"product_tag":[849,1926,2047,2079],"class_list":{"0":"post-21135","1":"product","2":"type-product","3":"status-publish","4":"has-post-thumbnail","6":"product_cat-lsoh-cable-vi","7":"product_cat-high-temperature-cable-vi","8":"product_cat-customized-cable-vi","9":"product_cat-oil-gas-vi","10":"product_cat-rail-way-vi","11":"product_cat-enstandard-cable-vi","12":"product_cat-marine-vi","13":"product_cat-aviation-vi","14":"product_cat-ice-standard-vi","15":"product_cat-wind-power-vi","16":"product_tag-aff-teflon-high-temperature-cable-vi","17":"product_tag-cap-nhiet-do-cao","18":"product_tag-cap-nhiet-do-cao-teflon","19":"product_tag-day-chong-chay-day-chiu-lua-gn350","20":"desktop-align-center","21":"tablet-align-left","22":"mobile-align-left","24":"first","25":"instock","26":"shipping-taxable","27":"product-type-simple"},"yoast_head":"<!-- This site is optimized with the Yoast SEO plugin v27.5 - https:\/\/yoast.com\/product\/yoast-seo-wordpress\/ -->\n<title>C\u00e1p t\u00f9y ch\u1ec9nh ch\u1ed1ng ch\u00e1y \u1edf nhi\u1ec7t \u0111\u1ed9 cao 350oC GN350 - TST CABLES supplier &amp; Manufacture<\/title>\n<meta name=\"robots\" content=\"index, follow, max-snippet:-1, max-image-preview:large, max-video-preview:-1\" \/>\n<link rel=\"canonical\" href=\"https:\/\/www.tstcables.com\/vi\/product\/cap-tuy-chinh-chong-chay-o-nhiet-do-cao-350oc-gn350\/\" \/>\n<meta property=\"og:locale\" content=\"vi_VN\" \/>\n<meta property=\"og:type\" content=\"article\" \/>\n<meta property=\"og:title\" content=\"C\u00e1p t\u00f9y ch\u1ec9nh ch\u1ed1ng ch\u00e1y \u1edf nhi\u1ec7t \u0111\u1ed9 cao 350oC GN350 - TST CABLES supplier &amp; Manufacture\" \/>\n<meta property=\"og:description\" content=\"\u1ee8ng d\u1ee5ng s\u1ea3n ph\u1ea9m: S\u1ea3n ph\u1ea9m n\u00e0y l\u00e0 d\u00e2y v\u00e0 c\u00e1p c\u1ea7n thi\u1ebft cho c\u00e1c thi\u1ebft b\u1ecb \u0111i\u1ec7n kh\u00e1c nhau c\u00f3 y\u00eau c\u1ea7u ch\u1ed1ng ch\u00e1y trong c\u00e1c m\u00f4i tr\u01b0\u1eddng \u0111\u1eb7c bi\u1ec7t nh\u01b0 thi\u1ebft b\u1ecb s\u01b0\u1edfi, l\u00f2 n\u01b0\u1edbng, m\u00e1y n\u01b0\u1edbng th\u1ecbt, luy\u1ec7n kim, k\u1ef9 thu\u1eadt nhi\u1ec7t, d\u1ea7u kh\u00ed, c\u00f4ng nghi\u1ec7p h\u00f3a ch\u1ea5t, kh\u00ed t\u1ef1 nhi\u00ean, d\u1ea7u h\u1ecfa, v.v.\" \/>\n<meta property=\"og:url\" content=\"https:\/\/www.tstcables.com\/vi\/product\/cap-tuy-chinh-chong-chay-o-nhiet-do-cao-350oc-gn350\/\" \/>\n<meta property=\"og:site_name\" content=\"TST CABLES supplier &amp; Manufacture\" \/>\n<meta property=\"og:image\" content=\"https:\/\/www.tstcables.com\/wp-content\/uploads\/2024\/03\/3-16.jpg\" \/>\n\t<meta property=\"og:image:width\" content=\"640\" \/>\n\t<meta property=\"og:image:height\" content=\"640\" \/>\n\t<meta property=\"og:image:type\" content=\"image\/jpeg\" \/>\n<meta name=\"twitter:card\" content=\"summary_large_image\" \/>\n<meta name=\"twitter:label1\" content=\"Est. reading time\" \/>\n\t<meta name=\"twitter:data1\" content=\"2 minutes\" \/>\n<script type=\"application\/ld+json\" class=\"yoast-schema-graph\">{\"@context\":\"https:\\\/\\\/schema.org\",\"@graph\":[{\"@type\":\"WebPage\",\"@id\":\"https:\\\/\\\/www.tstcables.com\\\/vi\\\/product\\\/cap-tuy-chinh-chong-chay-o-nhiet-do-cao-350oc-gn350\\\/\",\"url\":\"https:\\\/\\\/www.tstcables.com\\\/vi\\\/product\\\/cap-tuy-chinh-chong-chay-o-nhiet-do-cao-350oc-gn350\\\/\",\"name\":\"C\u00e1p t\u00f9y ch\u1ec9nh ch\u1ed1ng ch\u00e1y \u1edf nhi\u1ec7t \u0111\u1ed9 cao 350oC GN350 - TST CABLES supplier &amp; Manufacture\",\"isPartOf\":{\"@id\":\"https:\\\/\\\/www.tstcables.com\\\/vi\\\/#website\"},\"primaryImageOfPage\":{\"@id\":\"https:\\\/\\\/www.tstcables.com\\\/vi\\\/product\\\/cap-tuy-chinh-chong-chay-o-nhiet-do-cao-350oc-gn350\\\/#primaryimage\"},\"image\":{\"@id\":\"https:\\\/\\\/www.tstcables.com\\\/vi\\\/product\\\/cap-tuy-chinh-chong-chay-o-nhiet-do-cao-350oc-gn350\\\/#primaryimage\"},\"thumbnailUrl\":\"https:\\\/\\\/www.tstcables.com\\\/wp-content\\\/uploads\\\/2024\\\/03\\\/3-16.jpg\",\"datePublished\":\"2024-03-22T02:51:37+00:00\",\"breadcrumb\":{\"@id\":\"https:\\\/\\\/www.tstcables.com\\\/vi\\\/product\\\/cap-tuy-chinh-chong-chay-o-nhiet-do-cao-350oc-gn350\\\/#breadcrumb\"},\"inLanguage\":\"vi-VN\",\"potentialAction\":[{\"@type\":\"ReadAction\",\"target\":[\"https:\\\/\\\/www.tstcables.com\\\/vi\\\/product\\\/cap-tuy-chinh-chong-chay-o-nhiet-do-cao-350oc-gn350\\\/\"]}]},{\"@type\":\"ImageObject\",\"inLanguage\":\"vi-VN\",\"@id\":\"https:\\\/\\\/www.tstcables.com\\\/vi\\\/product\\\/cap-tuy-chinh-chong-chay-o-nhiet-do-cao-350oc-gn350\\\/#primaryimage\",\"url\":\"https:\\\/\\\/www.tstcables.com\\\/wp-content\\\/uploads\\\/2024\\\/03\\\/3-16.jpg\",\"contentUrl\":\"https:\\\/\\\/www.tstcables.com\\\/wp-content\\\/uploads\\\/2024\\\/03\\\/3-16.jpg\",\"width\":640,\"height\":640,\"caption\":\"High Temperature Wire Cable\"},{\"@type\":\"BreadcrumbList\",\"@id\":\"https:\\\/\\\/www.tstcables.com\\\/vi\\\/product\\\/cap-tuy-chinh-chong-chay-o-nhiet-do-cao-350oc-gn350\\\/#breadcrumb\",\"itemListElement\":[{\"@type\":\"ListItem\",\"position\":1,\"name\":\"\u9996\u9875\",\"item\":\"https:\\\/\\\/www.tstcables.com\\\/vi\\\/\"},{\"@type\":\"ListItem\",\"position\":2,\"name\":\"Product\",\"item\":\"https:\\\/\\\/www.tstcables.com\\\/product\\\/\"},{\"@type\":\"ListItem\",\"position\":3,\"name\":\"C\u00e1p t\u00f9y ch\u1ec9nh ch\u1ed1ng ch\u00e1y \u1edf nhi\u1ec7t \u0111\u1ed9 cao 350oC GN350\"}]},{\"@type\":\"WebSite\",\"@id\":\"https:\\\/\\\/www.tstcables.com\\\/vi\\\/#website\",\"url\":\"https:\\\/\\\/www.tstcables.com\\\/vi\\\/\",\"name\":\"TST Cable supplier & Manufacture\",\"description\":\"TST CABLES  supplier &amp; Manufacture official website\",\"publisher\":{\"@id\":\"https:\\\/\\\/www.tstcables.com\\\/vi\\\/#organization\"},\"potentialAction\":[{\"@type\":\"SearchAction\",\"target\":{\"@type\":\"EntryPoint\",\"urlTemplate\":\"https:\\\/\\\/www.tstcables.com\\\/vi\\\/?s={search_term_string}\"},\"query-input\":{\"@type\":\"PropertyValueSpecification\",\"valueRequired\":true,\"valueName\":\"search_term_string\"}}],\"inLanguage\":\"vi-VN\"},{\"@type\":\"Organization\",\"@id\":\"https:\\\/\\\/www.tstcables.com\\\/vi\\\/#organization\",\"name\":\"TST Cable supplier & Manufacture\",\"url\":\"https:\\\/\\\/www.tstcables.com\\\/vi\\\/\",\"logo\":{\"@type\":\"ImageObject\",\"inLanguage\":\"vi-VN\",\"@id\":\"https:\\\/\\\/www.tstcables.com\\\/vi\\\/#\\\/schema\\\/logo\\\/image\\\/\",\"url\":\"https:\\\/\\\/www.tstcables.com\\\/wp-content\\\/uploads\\\/2024\\\/04\\\/cropped-\u753b\u677f-1-\u62f7\u8d1d-4-1.png\",\"contentUrl\":\"https:\\\/\\\/www.tstcables.com\\\/wp-content\\\/uploads\\\/2024\\\/04\\\/cropped-\u753b\u677f-1-\u62f7\u8d1d-4-1.png\",\"width\":300,\"height\":100,\"caption\":\"TST Cable supplier & Manufacture\"},\"image\":{\"@id\":\"https:\\\/\\\/www.tstcables.com\\\/vi\\\/#\\\/schema\\\/logo\\\/image\\\/\"}}]}<\/script>\n<!-- \/ Yoast SEO plugin. -->","yoast_head_json":{"title":"C\u00e1p t\u00f9y ch\u1ec9nh ch\u1ed1ng ch\u00e1y \u1edf nhi\u1ec7t \u0111\u1ed9 cao 350oC GN350 - TST CABLES supplier &amp; Manufacture","robots":{"index":"index","follow":"follow","max-snippet":"max-snippet:-1","max-image-preview":"max-image-preview:large","max-video-preview":"max-video-preview:-1"},"canonical":"https:\/\/www.tstcables.com\/vi\/product\/cap-tuy-chinh-chong-chay-o-nhiet-do-cao-350oc-gn350\/","og_locale":"vi_VN","og_type":"article","og_title":"C\u00e1p t\u00f9y ch\u1ec9nh ch\u1ed1ng ch\u00e1y \u1edf nhi\u1ec7t \u0111\u1ed9 cao 350oC GN350 - TST CABLES supplier &amp; Manufacture","og_description":"\u1ee8ng d\u1ee5ng s\u1ea3n ph\u1ea9m: S\u1ea3n ph\u1ea9m n\u00e0y l\u00e0 d\u00e2y v\u00e0 c\u00e1p c\u1ea7n thi\u1ebft cho c\u00e1c thi\u1ebft b\u1ecb \u0111i\u1ec7n kh\u00e1c nhau c\u00f3 y\u00eau c\u1ea7u ch\u1ed1ng ch\u00e1y trong c\u00e1c m\u00f4i tr\u01b0\u1eddng \u0111\u1eb7c bi\u1ec7t nh\u01b0 thi\u1ebft b\u1ecb s\u01b0\u1edfi, l\u00f2 n\u01b0\u1edbng, m\u00e1y n\u01b0\u1edbng th\u1ecbt, luy\u1ec7n kim, k\u1ef9 thu\u1eadt nhi\u1ec7t, d\u1ea7u kh\u00ed, c\u00f4ng nghi\u1ec7p h\u00f3a ch\u1ea5t, kh\u00ed t\u1ef1 nhi\u00ean, d\u1ea7u h\u1ecfa, v.v.","og_url":"https:\/\/www.tstcables.com\/vi\/product\/cap-tuy-chinh-chong-chay-o-nhiet-do-cao-350oc-gn350\/","og_site_name":"TST CABLES supplier &amp; Manufacture","og_image":[{"width":640,"height":640,"url":"https:\/\/www.tstcables.com\/wp-content\/uploads\/2024\/03\/3-16.jpg","type":"image\/jpeg"}],"twitter_card":"summary_large_image","twitter_misc":{"Est. reading time":"2 minutes"},"schema":{"@context":"https:\/\/schema.org","@graph":[{"@type":"WebPage","@id":"https:\/\/www.tstcables.com\/vi\/product\/cap-tuy-chinh-chong-chay-o-nhiet-do-cao-350oc-gn350\/","url":"https:\/\/www.tstcables.com\/vi\/product\/cap-tuy-chinh-chong-chay-o-nhiet-do-cao-350oc-gn350\/","name":"C\u00e1p t\u00f9y ch\u1ec9nh ch\u1ed1ng ch\u00e1y \u1edf nhi\u1ec7t \u0111\u1ed9 cao 350oC GN350 - TST CABLES supplier &amp; Manufacture","isPartOf":{"@id":"https:\/\/www.tstcables.com\/vi\/#website"},"primaryImageOfPage":{"@id":"https:\/\/www.tstcables.com\/vi\/product\/cap-tuy-chinh-chong-chay-o-nhiet-do-cao-350oc-gn350\/#primaryimage"},"image":{"@id":"https:\/\/www.tstcables.com\/vi\/product\/cap-tuy-chinh-chong-chay-o-nhiet-do-cao-350oc-gn350\/#primaryimage"},"thumbnailUrl":"https:\/\/www.tstcables.com\/wp-content\/uploads\/2024\/03\/3-16.jpg","datePublished":"2024-03-22T02:51:37+00:00","breadcrumb":{"@id":"https:\/\/www.tstcables.com\/vi\/product\/cap-tuy-chinh-chong-chay-o-nhiet-do-cao-350oc-gn350\/#breadcrumb"},"inLanguage":"vi-VN","potentialAction":[{"@type":"ReadAction","target":["https:\/\/www.tstcables.com\/vi\/product\/cap-tuy-chinh-chong-chay-o-nhiet-do-cao-350oc-gn350\/"]}]},{"@type":"ImageObject","inLanguage":"vi-VN","@id":"https:\/\/www.tstcables.com\/vi\/product\/cap-tuy-chinh-chong-chay-o-nhiet-do-cao-350oc-gn350\/#primaryimage","url":"https:\/\/www.tstcables.com\/wp-content\/uploads\/2024\/03\/3-16.jpg","contentUrl":"https:\/\/www.tstcables.com\/wp-content\/uploads\/2024\/03\/3-16.jpg","width":640,"height":640,"caption":"High Temperature Wire Cable"},{"@type":"BreadcrumbList","@id":"https:\/\/www.tstcables.com\/vi\/product\/cap-tuy-chinh-chong-chay-o-nhiet-do-cao-350oc-gn350\/#breadcrumb","itemListElement":[{"@type":"ListItem","position":1,"name":"\u9996\u9875","item":"https:\/\/www.tstcables.com\/vi\/"},{"@type":"ListItem","position":2,"name":"Product","item":"https:\/\/www.tstcables.com\/product\/"},{"@type":"ListItem","position":3,"name":"C\u00e1p t\u00f9y ch\u1ec9nh ch\u1ed1ng ch\u00e1y \u1edf nhi\u1ec7t \u0111\u1ed9 cao 350oC GN350"}]},{"@type":"WebSite","@id":"https:\/\/www.tstcables.com\/vi\/#website","url":"https:\/\/www.tstcables.com\/vi\/","name":"TST Cable supplier & Manufacture","description":"TST CABLES  supplier &amp; Manufacture official website","publisher":{"@id":"https:\/\/www.tstcables.com\/vi\/#organization"},"potentialAction":[{"@type":"SearchAction","target":{"@type":"EntryPoint","urlTemplate":"https:\/\/www.tstcables.com\/vi\/?s={search_term_string}"},"query-input":{"@type":"PropertyValueSpecification","valueRequired":true,"valueName":"search_term_string"}}],"inLanguage":"vi-VN"},{"@type":"Organization","@id":"https:\/\/www.tstcables.com\/vi\/#organization","name":"TST Cable supplier & Manufacture","url":"https:\/\/www.tstcables.com\/vi\/","logo":{"@type":"ImageObject","inLanguage":"vi-VN","@id":"https:\/\/www.tstcables.com\/vi\/#\/schema\/logo\/image\/","url":"https:\/\/www.tstcables.com\/wp-content\/uploads\/2024\/04\/cropped-\u753b\u677f-1-\u62f7\u8d1d-4-1.png","contentUrl":"https:\/\/www.tstcables.com\/wp-content\/uploads\/2024\/04\/cropped-\u753b\u677f-1-\u62f7\u8d1d-4-1.png","width":300,"height":100,"caption":"TST Cable supplier & Manufacture"},"image":{"@id":"https:\/\/www.tstcables.com\/vi\/#\/schema\/logo\/image\/"}}]}},"_links":{"self":[{"href":"https:\/\/www.tstcables.com\/vi\/wp-json\/wp\/v2\/product\/21135","targetHints":{"allow":["GET"]}}],"collection":[{"href":"https:\/\/www.tstcables.com\/vi\/wp-json\/wp\/v2\/product"}],"about":[{"href":"https:\/\/www.tstcables.com\/vi\/wp-json\/wp\/v2\/types\/product"}],"version-history":[{"count":0,"href":"https:\/\/www.tstcables.com\/vi\/wp-json\/wp\/v2\/product\/21135\/revisions"}],"wp:featuredmedia":[{"embeddable":true,"href":"https:\/\/www.tstcables.com\/vi\/wp-json\/wp\/v2\/media\/12928"}],"wp:attachment":[{"href":"https:\/\/www.tstcables.com\/vi\/wp-json\/wp\/v2\/media?parent=21135"}],"wp:term":[{"taxonomy":"product_brand","embeddable":true,"href":"https:\/\/www.tstcables.com\/vi\/wp-json\/wp\/v2\/product_brand?post=21135"},{"taxonomy":"product_cat","embeddable":true,"href":"https:\/\/www.tstcables.com\/vi\/wp-json\/wp\/v2\/product_cat?post=21135"},{"taxonomy":"product_tag","embeddable":true,"href":"https:\/\/www.tstcables.com\/vi\/wp-json\/wp\/v2\/product_tag?post=21135"}],"curies":[{"name":"wp","href":"https:\/\/api.w.org\/{rel}","templated":true}]}}