{"id":21138,"date":"2024-03-22T11:05:19","date_gmt":"2024-03-22T03:05:19","guid":{"rendered":"https:\/\/www.tstcables.com\/product\/cap-chong-dau-chong-chay-nhiet-do-cao-gn350-n1\/"},"modified":"2024-03-22T11:05:19","modified_gmt":"2024-03-22T03:05:19","slug":"cap-chong-dau-chong-chay-nhiet-do-cao-gn350-n1","status":"publish","type":"product","link":"https:\/\/www.tstcables.com\/vi\/product\/cap-chong-dau-chong-chay-nhiet-do-cao-gn350-n1\/","title":{"rendered":"C\u00e1p ch\u1ed1ng d\u1ea7u ch\u1ed1ng ch\u00e1y nhi\u1ec7t \u0111\u1ed9 cao GN350-N1"},"content":{"rendered":"<p><strong>S\u1ed1 s\u1ea3n ph\u1ea9m<\/strong><\/p>\n<ul>\n<li>GN350-N1<\/li>\n<\/ul>\n<p><strong>Ti\u00eau chu\u1ea9n c\u00f4ng nghi\u1ec7p:<\/strong><\/p>\n<ul>\n<li>Q31\/0114000209C025-2017<\/li>\n<\/ul>\n<p>&nbsp;<\/p>\n<p><strong>T\u00ednh n\u0103ng s\u1ea3n ph\u1ea9m<\/strong><\/p>\n<ul>\n<li>Model s\u1ea3n ph\u1ea9m: D\u00e2y ch\u1ed1ng ch\u00e1y ch\u1ed1ng n\u01b0\u1edbc GN350-N1<\/li>\n<li>\u0110i\u1ec7n \u00e1p \u0111\u1ecbnh m\u1ee9c: 500V<\/li>\n<li>Ph\u1ea1m vi nhi\u1ec7t \u0111\u1ed9: 350oC, c\u00f3 th\u1ec3 ch\u1ecbu \u0111\u01b0\u1ee3c nhi\u1ec7t \u0111\u1ed9 l\u00ean t\u1edbi 400oC trong m\u1ed9t kho\u1ea3ng th\u1eddi gian ng\u1eafn.<\/li>\n<li>D\u00e2y d\u1eabn: D\u00e2y m\u1ea1 niken<\/li>\n<li>M\u00e0u s\u1eafc: tr\u1eafng, \u0111\u1ecf, \u0111en, n\u00e2u, v\u00e0ng, xanh l\u00e1 c\u00e2y, v.v.<\/li>\n<\/ul>\n<p>&nbsp;<\/p>\n<p><strong>T\u00ednh n\u0103ng\/C\u00f4ng d\u1ee5ng:<\/strong><\/p>\n<p>S\u1ea3n ph\u1ea9m n\u00e0y l\u00e0 s\u1ea3n ph\u1ea9m n\u00e2ng c\u1ea5p c\u1ee7a GN350. N\u00f3 b\u1ed5 sung th\u00eam v\u1eadt li\u1ec7u ch\u1ed1ng th\u1ea5m n\u01b0\u1edbc v\u00e0 nhi\u1ec7t \u0111\u1ed9 cao \u0111\u1ec3 duy tr\u00ec kh\u1ea3 n\u0103ng c\u00e1ch nhi\u1ec7t t\u1ed1t trong m\u00f4i tr\u01b0\u1eddng \u1ea9m \u01b0\u1edbt. N\u00f3 c\u00f3 th\u1ec3 \u0111\u01b0\u1ee3c s\u1eed d\u1ee5ng trong c\u00e1c t\u00ecnh hu\u1ed1ng n\u00f3ng v\u00e0 l\u1ea1nh xen k\u1ebd v\u00e0 c\u00e1c t\u00ecnh hu\u1ed1ng c\u00f3 \u0111\u1ed9 \u1ea9m cao, nh\u01b0 luy\u1ec7n kim, k\u1ef9 thu\u1eadt nhi\u1ec7t, d\u1ea7u kh\u00ed, c\u00f4ng nghi\u1ec7p h\u00f3a ch\u1ea5t, kh\u00ed \u0111\u1ed1t t\u1ef1 nhi\u00ean, d\u1ea7u h\u1ecfa, v.v. D\u00e2y v\u00e0 c\u00e1p c\u1ea7n thi\u1ebft trong c\u00e1c thi\u1ebft b\u1ecb \u0111i\u1ec7n kh\u00e1c nhau c\u00f3 y\u00eau c\u1ea7u ch\u1ed1ng ch\u00e1y trong m\u00f4i tr\u01b0\u1eddng.<\/p>\n<p>&nbsp;<\/p>\n<p><strong>Y\u00eau c\u1ea7u giao h\u00e0ng:<\/strong><\/p>\n<p>Chi\u1ec1u d\u00e0i giao h\u00e0ng: Cho ph\u00e9p c\u00e1c \u0111o\u1ea1n \u0111\u01b0\u1eddng ng\u1eafn kh\u00f4ng d\u01b0\u1edbi 10 m\u00e9t, nh\u01b0ng s\u1ed1 l\u01b0\u1ee3ng kh\u00f4ng v\u01b0\u1ee3t qu\u00e1 10% t\u1ed5ng s\u1ed1 l\u01b0\u1ee3ng giao h\u00e0ng<\/p>\n<style type=\"text\/css\">\n.tg  {border-collapse:collapse;border-spacing:0;}<br \/>.tg td{border-color:black;border-style:solid;border-width:1px;font-family:Arial, sans-serif;font-size:14px;<br \/>  overflow:hidden;padding:10px 5px;word-break:normal;}<br \/>.tg th{border-color:black;border-style:solid;border-width:1px;font-family:Arial, sans-serif;font-size:14px;<br \/>  font-weight:normal;overflow:hidden;padding:10px 5px;word-break:normal;}<br \/>.tg .tg-baqh{text-align:center;vertical-align:top}<br \/>.tg .tg-wa1i{font-weight:bold;text-align:center;vertical-align:middle}<br \/>.tg .tg-nrix{text-align:center;vertical-align:middle}<br \/><\/style>\n<table class=\"tg\">\n<thead>\n<tr>\n<th class=\"tg-wa1i\">ch\u00e9o danh ngh\u0129a<br \/>\nti\u1ebft di\u1ec7n (mm2)<\/th>\n<th class=\"tg-wa1i\">Nh\u1ea1c tr\u01b0\u1edfng<br \/>\nc\u1ea5u tr\u00fac mm<\/th>\n<th class=\"tg-wa1i\">V\u1eadt li\u1ec7u c\u00e1ch nhi\u1ec7t<br \/>\n\u0111\u1ed9 d\u00e0y mm<\/th>\n<th class=\"tg-wa1i\">D\u00e2y b\u00ean ngo\u00e0i<br \/>\n\u0111\u01b0\u1eddng k\u00ednh mm<\/th>\n<th class=\"tg-wa1i\">Nh\u00e0 tuy\u1ec3n d\u1ee5ng v\u0129 \u0111\u1ea1i nh\u1ea5t<br \/>\n\u0111i\u1ec7n tr\u1edf \u1edf 20oC (Q\/Km)<\/th>\n<\/tr>\n<\/thead>\n<tbody>\n<tr>\n<td class=\"tg-nrix\">0.5<\/td>\n<td class=\"tg-baqh\">7\/0.30<\/td>\n<td class=\"tg-nrix\">0.5<\/td>\n<td class=\"tg-baqh\">2.3\u00b10.3<\/td>\n<td class=\"tg-nrix\">39<\/td>\n<\/tr>\n<tr>\n<td class=\"tg-nrix\">0.75<\/td>\n<td class=\"tg-baqh\">11\/0.30<\/td>\n<td class=\"tg-nrix\">0.5<\/td>\n<td class=\"tg-baqh\">2.5\u00b10.3<\/td>\n<td class=\"tg-nrix\">26<\/td>\n<\/tr>\n<tr>\n<td class=\"tg-nrix\">1<\/td>\n<td class=\"tg-baqh\">14\/0.30<\/td>\n<td class=\"tg-nrix\">0.5<\/td>\n<td class=\"tg-baqh\">2.6\u00b10.3<\/td>\n<td class=\"tg-nrix\">19.5<\/td>\n<\/tr>\n<tr>\n<td class=\"tg-nrix\">1.5<\/td>\n<td class=\"tg-baqh\">21\/0.30<\/td>\n<td class=\"tg-nrix\">0.5<\/td>\n<td class=\"tg-baqh\">2.9\u00b10.3<\/td>\n<td class=\"tg-nrix\">13.3<\/td>\n<\/tr>\n<tr>\n<td class=\"tg-nrix\">2<\/td>\n<td class=\"tg-baqh\">28\/0.30<\/td>\n<td class=\"tg-nrix\">0.6<\/td>\n<td class=\"tg-baqh\">3.3\u00b10.3<\/td>\n<td class=\"tg-nrix\">10<\/td>\n<\/tr>\n<tr>\n<td class=\"tg-nrix\">2.5<\/td>\n<td class=\"tg-baqh\">35\/0.30<\/td>\n<td class=\"tg-nrix\">0.6<\/td>\n<td class=\"tg-baqh\">3.6\u00b10.5<\/td>\n<td class=\"tg-nrix\">7.98<\/td>\n<\/tr>\n<tr>\n<td class=\"tg-nrix\">4<\/td>\n<td class=\"tg-baqh\">56\/0.30<\/td>\n<td class=\"tg-nrix\">0.8<\/td>\n<td class=\"tg-baqh\">4.7\u00b10.5<\/td>\n<td class=\"tg-nrix\">4.95<\/td>\n<\/tr>\n<tr>\n<td class=\"tg-nrix\">6<\/td>\n<td class=\"tg-baqh\">84\/0.30<\/td>\n<td class=\"tg-nrix\">0.8<\/td>\n<td class=\"tg-baqh\">5.5\u00b10.5<\/td>\n<td class=\"tg-nrix\">3.3<\/td>\n<\/tr>\n<tr>\n<td class=\"tg-nrix\">10<\/td>\n<td class=\"tg-baqh\">140\/0.30<\/td>\n<td class=\"tg-nrix\">0.8<\/td>\n<td class=\"tg-baqh\">6.6\u00b10.5<\/td>\n<td class=\"tg-nrix\">1.91<\/td>\n<\/tr>\n<tr>\n<td class=\"tg-nrix\">16<\/td>\n<td class=\"tg-baqh\">228\/0.30<\/td>\n<td class=\"tg-nrix\">0.8<\/td>\n<td class=\"tg-baqh\">7.8\u00b10.5<\/td>\n<td class=\"tg-nrix\">1.21<\/td>\n<\/tr>\n<tr>\n<td class=\"tg-nrix\">25<\/td>\n<td class=\"tg-baqh\">361\/0.30<\/td>\n<td class=\"tg-nrix\">0.8<\/td>\n<td class=\"tg-baqh\">9.5\u00b10.5<\/td>\n<td class=\"tg-nrix\">0.78<\/td>\n<\/tr>\n<tr>\n<td class=\"tg-nrix\">35<\/td>\n<td class=\"tg-baqh\">494\/0.30<\/td>\n<td class=\"tg-nrix\">1<\/td>\n<td class=\"tg-baqh\">11.2\u00b11.0<\/td>\n<td class=\"tg-nrix\">0.554<\/td>\n<\/tr>\n<tr>\n<td class=\"tg-nrix\">50<\/td>\n<td class=\"tg-baqh\">703\/0.30<\/td>\n<td class=\"tg-nrix\">1.2<\/td>\n<td class=\"tg-baqh\">13.2\u00b11.0<\/td>\n<td class=\"tg-nrix\">0.386<\/td>\n<\/tr>\n<tr>\n<td class=\"tg-nrix\">70<\/td>\n<td class=\"tg-baqh\">988\/0.30<\/td>\n<td class=\"tg-nrix\">1.2<\/td>\n<td class=\"tg-baqh\">15.4\u00b11.0<\/td>\n<td class=\"tg-nrix\">0.272<\/td>\n<\/tr>\n<tr>\n<td class=\"tg-nrix\">95<\/td>\n<td class=\"tg-baqh\">760\/0.40<\/td>\n<td class=\"tg-nrix\">1.2<\/td>\n<td class=\"tg-baqh\">17.4\u00b11.0<\/td>\n<td class=\"tg-nrix\">0.206<\/td>\n<\/tr>\n<tr>\n<td class=\"tg-nrix\">120<\/td>\n<td class=\"tg-baqh\">608\/0.5<\/td>\n<td class=\"tg-nrix\">1.2<\/td>\n<td class=\"tg-baqh\">19.6\u00b11.0<\/td>\n<td class=\"tg-nrix\">0.161<\/td>\n<\/tr>\n<\/tbody>\n<\/table>\n<p>L\u01b0u \u00fd: S\u1ea3n ph\u1ea9m c\u00f3 th\u00f4ng s\u1ed1 k\u1ef9 thu\u1eadt kh\u00e1c c\u00f3 th\u1ec3 \u0111\u01b0\u1ee3c s\u1ea3n xu\u1ea5t theo th\u1ecfa thu\u1eadn gi\u1eefa nh\u00e0 cung c\u1ea5p v\u00e0 ng\u01b0\u1eddi mua.<\/p>\n<p>&nbsp;<\/p>\n","protected":false},"excerpt":{"rendered":"<p>S\u1ea3n ph\u1ea9m n\u00e0y l\u00e0 s\u1ea3n ph\u1ea9m n\u00e2ng c\u1ea5p c\u1ee7a GN350. N\u00f3 b\u1ed5 sung th\u00eam v\u1eadt li\u1ec7u ch\u1ed1ng th\u1ea5m n\u01b0\u1edbc v\u00e0 nhi\u1ec7t \u0111\u1ed9 cao \u0111\u1ec3 duy tr\u00ec kh\u1ea3 n\u0103ng c\u00e1ch nhi\u1ec7t t\u1ed1t trong m\u00f4i tr\u01b0\u1eddng \u1ea9m \u01b0\u1edbt. N\u00f3 c\u00f3 th\u1ec3 \u0111\u01b0\u1ee3c s\u1eed d\u1ee5ng trong c\u00e1c t\u00ecnh hu\u1ed1ng n\u00f3ng v\u00e0 l\u1ea1nh xen k\u1ebd v\u00e0 c\u00e1c t\u00ecnh hu\u1ed1ng c\u00f3 \u0111\u1ed9 \u1ea9m cao, nh\u01b0 luy\u1ec7n kim, k\u1ef9 thu\u1eadt nhi\u1ec7t, d\u1ea7u kh\u00ed, c\u00f4ng nghi\u1ec7p h\u00f3a ch\u1ea5t, kh\u00ed \u0111\u1ed1t t\u1ef1 nhi\u00ean, d\u1ea7u h\u1ecfa, v.v. D\u00e2y v\u00e0 c\u00e1p c\u1ea7n thi\u1ebft trong c\u00e1c thi\u1ebft b\u1ecb \u0111i\u1ec7n kh\u00e1c nhau c\u00f3 y\u00eau c\u1ea7u ch\u1ed1ng ch\u00e1y trong m\u00f4i tr\u01b0\u1eddng.<\/p>\n","protected":false},"featured_media":13288,"template":"","meta":{"_eb_attr":"","site-sidebar-layout":"default","site-content-layout":"","ast-site-content-layout":"default","site-content-style":"default","site-sidebar-style":"default","ast-global-header-display":"","ast-banner-title-visibility":"","ast-main-header-display":"","ast-hfb-above-header-display":"","ast-hfb-below-header-display":"","ast-hfb-mobile-header-display":"","site-post-title":"","ast-breadcrumbs-content":"","ast-featured-img":"","footer-sml-layout":"","theme-transparent-header-meta":"default","adv-header-id-meta":"","stick-header-meta":"","header-above-stick-meta":"","header-main-stick-meta":"","header-below-stick-meta":"","astra-migrate-meta-layouts":"default","ast-page-background-enabled":"default","ast-page-background-meta":{"desktop":{"background-color":"","background-image":"","background-repeat":"repeat","background-position":"center center","background-size":"auto","background-attachment":"scroll","background-type":"","background-media":"","overlay-type":"","overlay-color":"","overlay-opacity":"","overlay-gradient":""},"tablet":{"background-color":"","background-image":"","background-repeat":"repeat","background-position":"center center","background-size":"auto","background-attachment":"scroll","background-type":"","background-media":"","overlay-type":"","overlay-color":"","overlay-opacity":"","overlay-gradient":""},"mobile":{"background-color":"","background-image":"","background-repeat":"repeat","background-position":"center center","background-size":"auto","background-attachment":"scroll","background-type":"","background-media":"","overlay-type":"","overlay-color":"","overlay-opacity":"","overlay-gradient":""}},"ast-content-background-meta":{"desktop":{"background-color":"var(--ast-global-color-5)","background-image":"","background-repeat":"repeat","background-position":"center center","background-size":"auto","background-attachment":"scroll","background-type":"","background-media":"","overlay-type":"","overlay-color":"","overlay-opacity":"","overlay-gradient":""},"tablet":{"background-color":"var(--ast-global-color-5)","background-image":"","background-repeat":"repeat","background-position":"center center","background-size":"auto","background-attachment":"scroll","background-type":"","background-media":"","overlay-type":"","overlay-color":"","overlay-opacity":"","overlay-gradient":""},"mobile":{"background-color":"var(--ast-global-color-5)","background-image":"","background-repeat":"repeat","background-position":"center center","background-size":"auto","background-attachment":"scroll","background-type":"","background-media":"","overlay-type":"","overlay-color":"","overlay-opacity":"","overlay-gradient":""}}},"product_brand":[],"product_cat":[1988,1978,833,831,826,836,827,828,829,830,834,832,847],"product_tag":[2081,2080],"class_list":{"0":"post-21138","1":"product","2":"type-product","3":"status-publish","4":"has-post-thumbnail","6":"product_cat-cap-chiu-dau","7":"product_cat-cap-chong-nuoc","8":"product_cat-lsoh-cable-vi","9":"product_cat-high-temperature-cable-vi","10":"product_cat-customized-cable-vi","11":"product_cat-oil-gas-vi","12":"product_cat-enstandard-cable-vi","13":"product_cat-en50264-vi","14":"product_cat-en50306-vi","15":"product_cat-en50382-vi","16":"product_cat-marine-vi","17":"product_cat-ice-standard-vi","18":"product_cat-wind-power-vi","19":"product_tag-gn350-n1-vi","20":"product_tag-vat-lieu-chong-tham-day-chong-chay-nhiet-do-cao","21":"desktop-align-center","22":"tablet-align-left","23":"mobile-align-left","25":"first","26":"instock","27":"shipping-taxable","28":"product-type-simple"},"yoast_head":"<!-- This site is optimized with the Yoast SEO plugin v27.4 - https:\/\/yoast.com\/product\/yoast-seo-wordpress\/ -->\n<title>C\u00e1p ch\u1ed1ng d\u1ea7u ch\u1ed1ng ch\u00e1y nhi\u1ec7t \u0111\u1ed9 cao GN350-N1 - TST CABLES supplier &amp; Manufacture<\/title>\n<meta name=\"description\" content=\"S\u1ea3n ph\u1ea9m n\u00e0y l\u00e0 s\u1ea3n ph\u1ea9m n\u00e2ng c\u1ea5p c\u1ee7a GN350. N\u00f3 b\u1ed5 sung th\u00eam v\u1eadt li\u1ec7u ch\u1ed1ng th\u1ea5m n\u01b0\u1edbc v\u00e0 nhi\u1ec7t \u0111\u1ed9 cao \u0111\u1ec3 duy tr\u00ec kh\u1ea3 n\u0103ng c\u00e1ch nhi\u1ec7t t\u1ed1t trong m\u00f4i tr\u01b0\u1eddng \u1ea9m \u01b0\u1edbt. N\u00f3 c\u00f3 th\u1ec3 \u0111\u01b0\u1ee3c s\u1eed d\u1ee5ng trong c\u00e1c t\u00ecnh hu\u1ed1ng n\u00f3ng l\u1ea1nh xen k\u1ebd v\u00e0 c\u00e1c t\u00ecnh hu\u1ed1ng c\u00f3 \u0111\u1ed9 \u1ea9m cao\" \/>\n<meta name=\"robots\" content=\"index, follow, max-snippet:-1, max-image-preview:large, max-video-preview:-1\" \/>\n<link rel=\"canonical\" href=\"https:\/\/www.tstcables.com\/vi\/product\/cap-chong-dau-chong-chay-nhiet-do-cao-gn350-n1\/\" \/>\n<meta property=\"og:locale\" content=\"vi_VN\" \/>\n<meta property=\"og:type\" content=\"article\" \/>\n<meta property=\"og:title\" content=\"C\u00e1p ch\u1ed1ng d\u1ea7u ch\u1ed1ng ch\u00e1y nhi\u1ec7t \u0111\u1ed9 cao GN350-N1 - TST CABLES supplier &amp; Manufacture\" \/>\n<meta property=\"og:description\" content=\"S\u1ea3n ph\u1ea9m n\u00e0y l\u00e0 s\u1ea3n ph\u1ea9m n\u00e2ng c\u1ea5p c\u1ee7a GN350. N\u00f3 b\u1ed5 sung th\u00eam v\u1eadt li\u1ec7u ch\u1ed1ng th\u1ea5m n\u01b0\u1edbc v\u00e0 nhi\u1ec7t \u0111\u1ed9 cao \u0111\u1ec3 duy tr\u00ec kh\u1ea3 n\u0103ng c\u00e1ch nhi\u1ec7t t\u1ed1t trong m\u00f4i tr\u01b0\u1eddng \u1ea9m \u01b0\u1edbt. N\u00f3 c\u00f3 th\u1ec3 \u0111\u01b0\u1ee3c s\u1eed d\u1ee5ng trong c\u00e1c t\u00ecnh hu\u1ed1ng n\u00f3ng l\u1ea1nh xen k\u1ebd v\u00e0 c\u00e1c t\u00ecnh hu\u1ed1ng c\u00f3 \u0111\u1ed9 \u1ea9m cao\" \/>\n<meta property=\"og:url\" content=\"https:\/\/www.tstcables.com\/vi\/product\/cap-chong-dau-chong-chay-nhiet-do-cao-gn350-n1\/\" \/>\n<meta property=\"og:site_name\" content=\"TST CABLES supplier &amp; Manufacture\" \/>\n<meta property=\"og:image\" content=\"https:\/\/www.tstcables.com\/wp-content\/uploads\/2024\/03\/EN50306-4-5pe-2.jpg\" \/>\n\t<meta property=\"og:image:width\" content=\"1000\" \/>\n\t<meta property=\"og:image:height\" content=\"1000\" \/>\n\t<meta property=\"og:image:type\" content=\"image\/jpeg\" \/>\n<meta name=\"twitter:card\" content=\"summary_large_image\" \/>\n<meta name=\"twitter:label1\" content=\"Est. reading time\" \/>\n\t<meta name=\"twitter:data1\" content=\"2 minutes\" \/>\n<script type=\"application\/ld+json\" class=\"yoast-schema-graph\">{\"@context\":\"https:\\\/\\\/schema.org\",\"@graph\":[{\"@type\":\"WebPage\",\"@id\":\"https:\\\/\\\/www.tstcables.com\\\/vi\\\/product\\\/cap-chong-dau-chong-chay-nhiet-do-cao-gn350-n1\\\/\",\"url\":\"https:\\\/\\\/www.tstcables.com\\\/vi\\\/product\\\/cap-chong-dau-chong-chay-nhiet-do-cao-gn350-n1\\\/\",\"name\":\"C\u00e1p ch\u1ed1ng d\u1ea7u ch\u1ed1ng ch\u00e1y nhi\u1ec7t \u0111\u1ed9 cao GN350-N1 - TST CABLES supplier &amp; Manufacture\",\"isPartOf\":{\"@id\":\"https:\\\/\\\/www.tstcables.com\\\/vi\\\/#website\"},\"primaryImageOfPage\":{\"@id\":\"https:\\\/\\\/www.tstcables.com\\\/vi\\\/product\\\/cap-chong-dau-chong-chay-nhiet-do-cao-gn350-n1\\\/#primaryimage\"},\"image\":{\"@id\":\"https:\\\/\\\/www.tstcables.com\\\/vi\\\/product\\\/cap-chong-dau-chong-chay-nhiet-do-cao-gn350-n1\\\/#primaryimage\"},\"thumbnailUrl\":\"https:\\\/\\\/www.tstcables.com\\\/wp-content\\\/uploads\\\/2024\\\/03\\\/EN50306-4-5pe-2.jpg\",\"datePublished\":\"2024-03-22T03:05:19+00:00\",\"description\":\"S\u1ea3n ph\u1ea9m n\u00e0y l\u00e0 s\u1ea3n ph\u1ea9m n\u00e2ng c\u1ea5p c\u1ee7a GN350. N\u00f3 b\u1ed5 sung th\u00eam v\u1eadt li\u1ec7u ch\u1ed1ng th\u1ea5m n\u01b0\u1edbc v\u00e0 nhi\u1ec7t \u0111\u1ed9 cao \u0111\u1ec3 duy tr\u00ec kh\u1ea3 n\u0103ng c\u00e1ch nhi\u1ec7t t\u1ed1t trong m\u00f4i tr\u01b0\u1eddng \u1ea9m \u01b0\u1edbt. N\u00f3 c\u00f3 th\u1ec3 \u0111\u01b0\u1ee3c s\u1eed d\u1ee5ng trong c\u00e1c t\u00ecnh hu\u1ed1ng n\u00f3ng l\u1ea1nh xen k\u1ebd v\u00e0 c\u00e1c t\u00ecnh hu\u1ed1ng c\u00f3 \u0111\u1ed9 \u1ea9m cao\",\"breadcrumb\":{\"@id\":\"https:\\\/\\\/www.tstcables.com\\\/vi\\\/product\\\/cap-chong-dau-chong-chay-nhiet-do-cao-gn350-n1\\\/#breadcrumb\"},\"inLanguage\":\"vi-VN\",\"potentialAction\":[{\"@type\":\"ReadAction\",\"target\":[\"https:\\\/\\\/www.tstcables.com\\\/vi\\\/product\\\/cap-chong-dau-chong-chay-nhiet-do-cao-gn350-n1\\\/\"]}]},{\"@type\":\"ImageObject\",\"inLanguage\":\"vi-VN\",\"@id\":\"https:\\\/\\\/www.tstcables.com\\\/vi\\\/product\\\/cap-chong-dau-chong-chay-nhiet-do-cao-gn350-n1\\\/#primaryimage\",\"url\":\"https:\\\/\\\/www.tstcables.com\\\/wp-content\\\/uploads\\\/2024\\\/03\\\/EN50306-4-5pe-2.jpg\",\"contentUrl\":\"https:\\\/\\\/www.tstcables.com\\\/wp-content\\\/uploads\\\/2024\\\/03\\\/EN50306-4-5pe-2.jpg\",\"width\":1000,\"height\":1000,\"caption\":\"High temperature fire-resistant wire waterproof material insulation GN350-N1\"},{\"@type\":\"BreadcrumbList\",\"@id\":\"https:\\\/\\\/www.tstcables.com\\\/vi\\\/product\\\/cap-chong-dau-chong-chay-nhiet-do-cao-gn350-n1\\\/#breadcrumb\",\"itemListElement\":[{\"@type\":\"ListItem\",\"position\":1,\"name\":\"\u9996\u9875\",\"item\":\"https:\\\/\\\/www.tstcables.com\\\/vi\\\/\"},{\"@type\":\"ListItem\",\"position\":2,\"name\":\"Product\",\"item\":\"https:\\\/\\\/www.tstcables.com\\\/product\\\/\"},{\"@type\":\"ListItem\",\"position\":3,\"name\":\"C\u00e1p ch\u1ed1ng d\u1ea7u ch\u1ed1ng ch\u00e1y nhi\u1ec7t \u0111\u1ed9 cao GN350-N1\"}]},{\"@type\":\"WebSite\",\"@id\":\"https:\\\/\\\/www.tstcables.com\\\/vi\\\/#website\",\"url\":\"https:\\\/\\\/www.tstcables.com\\\/vi\\\/\",\"name\":\"TST Cable supplier & Manufacture\",\"description\":\"TST CABLES  supplier &amp; Manufacture official website\",\"publisher\":{\"@id\":\"https:\\\/\\\/www.tstcables.com\\\/vi\\\/#organization\"},\"potentialAction\":[{\"@type\":\"SearchAction\",\"target\":{\"@type\":\"EntryPoint\",\"urlTemplate\":\"https:\\\/\\\/www.tstcables.com\\\/vi\\\/?s={search_term_string}\"},\"query-input\":{\"@type\":\"PropertyValueSpecification\",\"valueRequired\":true,\"valueName\":\"search_term_string\"}}],\"inLanguage\":\"vi-VN\"},{\"@type\":\"Organization\",\"@id\":\"https:\\\/\\\/www.tstcables.com\\\/vi\\\/#organization\",\"name\":\"TST Cable supplier & Manufacture\",\"url\":\"https:\\\/\\\/www.tstcables.com\\\/vi\\\/\",\"logo\":{\"@type\":\"ImageObject\",\"inLanguage\":\"vi-VN\",\"@id\":\"https:\\\/\\\/www.tstcables.com\\\/vi\\\/#\\\/schema\\\/logo\\\/image\\\/\",\"url\":\"https:\\\/\\\/www.tstcables.com\\\/wp-content\\\/uploads\\\/2024\\\/04\\\/cropped-\u753b\u677f-1-\u62f7\u8d1d-4-1.png\",\"contentUrl\":\"https:\\\/\\\/www.tstcables.com\\\/wp-content\\\/uploads\\\/2024\\\/04\\\/cropped-\u753b\u677f-1-\u62f7\u8d1d-4-1.png\",\"width\":300,\"height\":100,\"caption\":\"TST Cable supplier & Manufacture\"},\"image\":{\"@id\":\"https:\\\/\\\/www.tstcables.com\\\/vi\\\/#\\\/schema\\\/logo\\\/image\\\/\"}}]}<\/script>\n<!-- \/ Yoast SEO plugin. -->","yoast_head_json":{"title":"C\u00e1p ch\u1ed1ng d\u1ea7u ch\u1ed1ng ch\u00e1y nhi\u1ec7t \u0111\u1ed9 cao GN350-N1 - TST CABLES supplier &amp; Manufacture","description":"S\u1ea3n ph\u1ea9m n\u00e0y l\u00e0 s\u1ea3n ph\u1ea9m n\u00e2ng c\u1ea5p c\u1ee7a GN350. N\u00f3 b\u1ed5 sung th\u00eam v\u1eadt li\u1ec7u ch\u1ed1ng th\u1ea5m n\u01b0\u1edbc v\u00e0 nhi\u1ec7t \u0111\u1ed9 cao \u0111\u1ec3 duy tr\u00ec kh\u1ea3 n\u0103ng c\u00e1ch nhi\u1ec7t t\u1ed1t trong m\u00f4i tr\u01b0\u1eddng \u1ea9m \u01b0\u1edbt. N\u00f3 c\u00f3 th\u1ec3 \u0111\u01b0\u1ee3c s\u1eed d\u1ee5ng trong c\u00e1c t\u00ecnh hu\u1ed1ng n\u00f3ng l\u1ea1nh xen k\u1ebd v\u00e0 c\u00e1c t\u00ecnh hu\u1ed1ng c\u00f3 \u0111\u1ed9 \u1ea9m cao","robots":{"index":"index","follow":"follow","max-snippet":"max-snippet:-1","max-image-preview":"max-image-preview:large","max-video-preview":"max-video-preview:-1"},"canonical":"https:\/\/www.tstcables.com\/vi\/product\/cap-chong-dau-chong-chay-nhiet-do-cao-gn350-n1\/","og_locale":"vi_VN","og_type":"article","og_title":"C\u00e1p ch\u1ed1ng d\u1ea7u ch\u1ed1ng ch\u00e1y nhi\u1ec7t \u0111\u1ed9 cao GN350-N1 - TST CABLES supplier &amp; Manufacture","og_description":"S\u1ea3n ph\u1ea9m n\u00e0y l\u00e0 s\u1ea3n ph\u1ea9m n\u00e2ng c\u1ea5p c\u1ee7a GN350. N\u00f3 b\u1ed5 sung th\u00eam v\u1eadt li\u1ec7u ch\u1ed1ng th\u1ea5m n\u01b0\u1edbc v\u00e0 nhi\u1ec7t \u0111\u1ed9 cao \u0111\u1ec3 duy tr\u00ec kh\u1ea3 n\u0103ng c\u00e1ch nhi\u1ec7t t\u1ed1t trong m\u00f4i tr\u01b0\u1eddng \u1ea9m \u01b0\u1edbt. N\u00f3 c\u00f3 th\u1ec3 \u0111\u01b0\u1ee3c s\u1eed d\u1ee5ng trong c\u00e1c t\u00ecnh hu\u1ed1ng n\u00f3ng l\u1ea1nh xen k\u1ebd v\u00e0 c\u00e1c t\u00ecnh hu\u1ed1ng c\u00f3 \u0111\u1ed9 \u1ea9m cao","og_url":"https:\/\/www.tstcables.com\/vi\/product\/cap-chong-dau-chong-chay-nhiet-do-cao-gn350-n1\/","og_site_name":"TST CABLES supplier &amp; Manufacture","og_image":[{"width":1000,"height":1000,"url":"https:\/\/www.tstcables.com\/wp-content\/uploads\/2024\/03\/EN50306-4-5pe-2.jpg","type":"image\/jpeg"}],"twitter_card":"summary_large_image","twitter_misc":{"Est. reading time":"2 minutes"},"schema":{"@context":"https:\/\/schema.org","@graph":[{"@type":"WebPage","@id":"https:\/\/www.tstcables.com\/vi\/product\/cap-chong-dau-chong-chay-nhiet-do-cao-gn350-n1\/","url":"https:\/\/www.tstcables.com\/vi\/product\/cap-chong-dau-chong-chay-nhiet-do-cao-gn350-n1\/","name":"C\u00e1p ch\u1ed1ng d\u1ea7u ch\u1ed1ng ch\u00e1y nhi\u1ec7t \u0111\u1ed9 cao GN350-N1 - TST CABLES supplier &amp; Manufacture","isPartOf":{"@id":"https:\/\/www.tstcables.com\/vi\/#website"},"primaryImageOfPage":{"@id":"https:\/\/www.tstcables.com\/vi\/product\/cap-chong-dau-chong-chay-nhiet-do-cao-gn350-n1\/#primaryimage"},"image":{"@id":"https:\/\/www.tstcables.com\/vi\/product\/cap-chong-dau-chong-chay-nhiet-do-cao-gn350-n1\/#primaryimage"},"thumbnailUrl":"https:\/\/www.tstcables.com\/wp-content\/uploads\/2024\/03\/EN50306-4-5pe-2.jpg","datePublished":"2024-03-22T03:05:19+00:00","description":"S\u1ea3n ph\u1ea9m n\u00e0y l\u00e0 s\u1ea3n ph\u1ea9m n\u00e2ng c\u1ea5p c\u1ee7a GN350. N\u00f3 b\u1ed5 sung th\u00eam v\u1eadt li\u1ec7u ch\u1ed1ng th\u1ea5m n\u01b0\u1edbc v\u00e0 nhi\u1ec7t \u0111\u1ed9 cao \u0111\u1ec3 duy tr\u00ec kh\u1ea3 n\u0103ng c\u00e1ch nhi\u1ec7t t\u1ed1t trong m\u00f4i tr\u01b0\u1eddng \u1ea9m \u01b0\u1edbt. N\u00f3 c\u00f3 th\u1ec3 \u0111\u01b0\u1ee3c s\u1eed d\u1ee5ng trong c\u00e1c t\u00ecnh hu\u1ed1ng n\u00f3ng l\u1ea1nh xen k\u1ebd v\u00e0 c\u00e1c t\u00ecnh hu\u1ed1ng c\u00f3 \u0111\u1ed9 \u1ea9m cao","breadcrumb":{"@id":"https:\/\/www.tstcables.com\/vi\/product\/cap-chong-dau-chong-chay-nhiet-do-cao-gn350-n1\/#breadcrumb"},"inLanguage":"vi-VN","potentialAction":[{"@type":"ReadAction","target":["https:\/\/www.tstcables.com\/vi\/product\/cap-chong-dau-chong-chay-nhiet-do-cao-gn350-n1\/"]}]},{"@type":"ImageObject","inLanguage":"vi-VN","@id":"https:\/\/www.tstcables.com\/vi\/product\/cap-chong-dau-chong-chay-nhiet-do-cao-gn350-n1\/#primaryimage","url":"https:\/\/www.tstcables.com\/wp-content\/uploads\/2024\/03\/EN50306-4-5pe-2.jpg","contentUrl":"https:\/\/www.tstcables.com\/wp-content\/uploads\/2024\/03\/EN50306-4-5pe-2.jpg","width":1000,"height":1000,"caption":"High temperature fire-resistant wire waterproof material insulation GN350-N1"},{"@type":"BreadcrumbList","@id":"https:\/\/www.tstcables.com\/vi\/product\/cap-chong-dau-chong-chay-nhiet-do-cao-gn350-n1\/#breadcrumb","itemListElement":[{"@type":"ListItem","position":1,"name":"\u9996\u9875","item":"https:\/\/www.tstcables.com\/vi\/"},{"@type":"ListItem","position":2,"name":"Product","item":"https:\/\/www.tstcables.com\/product\/"},{"@type":"ListItem","position":3,"name":"C\u00e1p ch\u1ed1ng d\u1ea7u ch\u1ed1ng ch\u00e1y nhi\u1ec7t \u0111\u1ed9 cao GN350-N1"}]},{"@type":"WebSite","@id":"https:\/\/www.tstcables.com\/vi\/#website","url":"https:\/\/www.tstcables.com\/vi\/","name":"TST Cable supplier & Manufacture","description":"TST CABLES  supplier &amp; Manufacture official website","publisher":{"@id":"https:\/\/www.tstcables.com\/vi\/#organization"},"potentialAction":[{"@type":"SearchAction","target":{"@type":"EntryPoint","urlTemplate":"https:\/\/www.tstcables.com\/vi\/?s={search_term_string}"},"query-input":{"@type":"PropertyValueSpecification","valueRequired":true,"valueName":"search_term_string"}}],"inLanguage":"vi-VN"},{"@type":"Organization","@id":"https:\/\/www.tstcables.com\/vi\/#organization","name":"TST Cable supplier & Manufacture","url":"https:\/\/www.tstcables.com\/vi\/","logo":{"@type":"ImageObject","inLanguage":"vi-VN","@id":"https:\/\/www.tstcables.com\/vi\/#\/schema\/logo\/image\/","url":"https:\/\/www.tstcables.com\/wp-content\/uploads\/2024\/04\/cropped-\u753b\u677f-1-\u62f7\u8d1d-4-1.png","contentUrl":"https:\/\/www.tstcables.com\/wp-content\/uploads\/2024\/04\/cropped-\u753b\u677f-1-\u62f7\u8d1d-4-1.png","width":300,"height":100,"caption":"TST Cable supplier & Manufacture"},"image":{"@id":"https:\/\/www.tstcables.com\/vi\/#\/schema\/logo\/image\/"}}]}},"_links":{"self":[{"href":"https:\/\/www.tstcables.com\/vi\/wp-json\/wp\/v2\/product\/21138","targetHints":{"allow":["GET"]}}],"collection":[{"href":"https:\/\/www.tstcables.com\/vi\/wp-json\/wp\/v2\/product"}],"about":[{"href":"https:\/\/www.tstcables.com\/vi\/wp-json\/wp\/v2\/types\/product"}],"version-history":[{"count":0,"href":"https:\/\/www.tstcables.com\/vi\/wp-json\/wp\/v2\/product\/21138\/revisions"}],"wp:featuredmedia":[{"embeddable":true,"href":"https:\/\/www.tstcables.com\/vi\/wp-json\/wp\/v2\/media\/13288"}],"wp:attachment":[{"href":"https:\/\/www.tstcables.com\/vi\/wp-json\/wp\/v2\/media?parent=21138"}],"wp:term":[{"taxonomy":"product_brand","embeddable":true,"href":"https:\/\/www.tstcables.com\/vi\/wp-json\/wp\/v2\/product_brand?post=21138"},{"taxonomy":"product_cat","embeddable":true,"href":"https:\/\/www.tstcables.com\/vi\/wp-json\/wp\/v2\/product_cat?post=21138"},{"taxonomy":"product_tag","embeddable":true,"href":"https:\/\/www.tstcables.com\/vi\/wp-json\/wp\/v2\/product_tag?post=21138"}],"curies":[{"name":"wp","href":"https:\/\/api.w.org\/{rel}","templated":true}]}}